{"id":99,"date":"2022-02-02T08:38:35","date_gmt":"2022-02-02T06:38:35","guid":{"rendered":"https:\/\/sites.uwasa.fi\/ydire\/?page_id=99"},"modified":"2023-08-29T12:23:02","modified_gmt":"2023-08-29T09:23:02","slug":"aktiviteetit-activities","status":"publish","type":"page","link":"https:\/\/sites.uwasa.fi\/ydire\/joustavat-ja-verkotetut-paikalliset-ruokajarjestelmat-resilient-networked-local-food-systems\/aktiviteetit-activities\/","title":{"rendered":"Aktiviteetit\/Activities"},"content":{"rendered":"<p><img loading=\"lazy\" decoding=\"async\" class=\"size-medium wp-image-117 aligncenter\" src=\"https:\/\/sites.uwasa.fi\/ydire\/wp-content\/blogs.dir\/4\/files\/sites\/145\/2022\/02\/activities-300x200.png\" alt=\"\" width=\"300\" height=\"200\" srcset=\"https:\/\/sites.uwasa.fi\/ydire\/wp-content\/blogs.dir\/4\/files\/sites\/145\/2022\/02\/activities-300x200.png 300w, https:\/\/sites.uwasa.fi\/ydire\/wp-content\/blogs.dir\/4\/files\/sites\/145\/2022\/02\/activities-1024x682.png 1024w, https:\/\/sites.uwasa.fi\/ydire\/wp-content\/blogs.dir\/4\/files\/sites\/145\/2022\/02\/activities-768x512.png 768w, https:\/\/sites.uwasa.fi\/ydire\/wp-content\/blogs.dir\/4\/files\/sites\/145\/2022\/02\/activities-1536x1024.png 1536w, https:\/\/sites.uwasa.fi\/ydire\/wp-content\/blogs.dir\/4\/files\/sites\/145\/2022\/02\/activities.png 2000w\" sizes=\"(max-width: 300px) 100vw, 300px\" \/><\/p>\n<p style=\"text-align: center\"><a href=\"https:\/\/sites.uwasa.fi\/ydire\/joustavat-ja-verkotetut-paikalliset-ruokajarjestelmat-resilient-networked-local-food-systems\/aktiviteetit-activities\/blogit-ja-podcastit-blogs-podcasts\/\">Blogit &amp; Podcastit\/Blogs &amp; Podcasts<\/a><\/p>\n<p style=\"text-align: center\"><a href=\"https:\/\/sites.uwasa.fi\/ydire\/joustavat-ja-verkotetut-paikalliset-ruokajarjestelmat-resilient-networked-local-food-systems\/aktiviteetit-activities\/134-2\/\">Projektiin liittyvi\u00e4 uutisia\/News related to the project<\/a><\/p>\n<p><strong>Uusi ilmoitus\/New Announcement:\u00a0<\/strong><\/p>\n<p><strong>EPAS-MENU ETEL\u00c4-POHJANMAALTA \/ TAPAS MENU FROM SOUTH OSTROBOTHNIA<\/strong><\/p>\n<p><strong>Epas-menu on yritysten v\u00e4lisen yhteisty\u00f6n tulos. <\/strong>YDIRE-hankkeen ty\u00f6pajasta l\u00e4htenyt idea paikallisia tuotteita sis\u00e4lt\u00e4v\u00e4st\u00e4 epas-menusta on valmistunut. Uuden reseptiikan paikallisista tuotteista kehitteli ravintoloitsija Jani Unkeri ja nelj\u00e4n epaksen (eli etel\u00e4pohjalaisen tapaksen) menussa on hy\u00f6dynnetty yhteens\u00e4 14 tuottajan tai ruokayrityksen tuotteita. YDIRE-hanke tuotti yhdess\u00e4 PREMIUM-hankkeen menusta reseptivihkon, josta l\u00f6ytyv\u00e4t ohjeet epasten valmistukseen sek\u00e4 tarkemmat tiedot tuotteiden saatavuudesta. Tutustu uuteen epas-menuun t\u00e4\u00e4lt\u00e4: <a href=\"http:\/\/www.tinyurl.com\/epas-menu\">www.tinyurl.com\/epas-menu<\/a><\/p>\n<p><strong>Tapas menu from South Ostrobothnia \u2013 a collaboration between food companies. <\/strong>A new tapas menu<\/p>\n<p>utilizing South Ostrobothnian food products was launched in August in collaboration with 14 food producers and companies, a local restaurant and development projects YDIRE and PREMIUM.\u00a0 The idea for collaboration rose in the YDIRE workshop held in April 2023. The new menu includes four differentasty recipes that anyone can prepare. The recipes with information about the products are collected in a booklet (in Finnish). Download the booklet here:\u00a0 <a href=\"http:\/\/www.tinyurl.com\/epas-menu\u00a8\">www.tinyurl.com\/epas-menu<\/a><\/p>\n<p>&nbsp;<\/p>\n<p><strong>OPAS PAIKALLISILLE RUOKAYRITYKSILLE\/GUIDE FOR LOCAL FOOD COMPANIES<\/strong><\/p>\n<p><strong>Muutosjoustavuudesta menestyst\u00e4 &#8211; opas l\u00e4hiruokayrityksille<\/strong> tutustuttaa sinut muutosjoustavuuden k\u00e4sitteen perusteisiin sek\u00e4 muuttuvan toimintaymp\u00e4rist\u00f6n tarkasteluun. Mukana on vinkkej\u00e4, teht\u00e4vi\u00e4 ja pohdintakysymyksi\u00e4 oman yrityksen tilanteen tarkasteluun. Lataa opas PDF-muodossa omalle koneellesi t\u00e4\u00e4lt\u00e4:<strong> Muutosjoustavuudesta menestyst\u00e4 \u2013 Opas l\u00e4hiruokayrityksille. <a href=\"https:\/\/sites.uwasa.fi\/ydire\/wp-content\/blogs.dir\/4\/files\/sites\/145\/2023\/08\/YDIRE_Opas-lahiruokayrityksille-digitaalinen.pdf\">YDIRE_Opas-lahiruokayrityksille-digitaalinen <\/a><\/strong><\/p>\n<p style=\"text-align: left\"><strong>From change flexibility to success &#8211; a guide for local food businesses<\/strong> introduces you to the basics of the concept of change flexibility and to examining the changing operating environment. There are tips, tasks and reflection questions for examining the situation of your own company. Download the guide in PDF format to your computer here: <strong>From flexibility to success &#8211; Guide for local food companies. <a href=\"https:\/\/sites.uwasa.fi\/ydire\/wp-content\/blogs.dir\/4\/files\/sites\/145\/2023\/08\/YDIRE_Opas-lahiruokayrityksille-digitaalinen.pdf\">YDIRE_Opas-lahiruokayrityksille-digitaalinen<\/a><\/strong><\/p>\n<p>&nbsp;<\/p>\n<p><strong>Muutosjoustavuuden ty\u00f6kalu\/Resilience tool<\/strong><\/p>\n<p><strong>Muutosjoustavuuden ty\u00f6kalun<\/strong> avulla l\u00e4hiruokayritykset voivat verrata omaa muutosjoustavuuden eli resilienssin tasoa suhteessa muihin etel\u00e4pohjalaisiin ruoka-alan yrityksiin. Ty\u00f6kalussa yritykset vastaavat kysymyspatteristoon ja t\u00e4m\u00e4n j\u00e4lkeen saavat arvion yrityksen muutosjoustavuuden tasosta eri osa-alueilla. Lopuksi ty\u00f6kalu antaa vinkkej\u00e4 muutosjoustavuuden kehitt\u00e4miseen yrityksen liiketoiminnassa. Ty\u00f6kalu on toteutettu Microsoft Excel -ohjelmalla.<\/p>\n<p>With the help of the <strong>flexibility to change tool<\/strong>, local food companies can compare their own level of flexibility to change, i.e. resilience, in relation to other companies in the food industry in Southern Ostrobothnia. In the tool, companies answer a battery of questions and then receive an assessment of the company&#8217;s level of change flexibility in different areas. Finally, the tool gives tips for developing change flexibility in the company&#8217;s business. The tool is implemented with Microsoft Excel.<\/p>\n<p>Lataa ty\u00f6kalu omalle koneellesi t\u00e4\u00e4lt\u00e4\/Download the tool (in Finnish) to your computer here: Muutosjoustavuuden ty\u00f6kalu\/A tool for change flexibility: <a href=\"https:\/\/drive.google.com\/uc?export=download&amp;id=1e14bsLzDdOuKaLGVh3YpswejfDPcxdlb\"><strong>Klikkaa t\u00e4st\u00e4\/Click here<\/strong><\/a><\/p>\n<p>&nbsp;<\/p>\n<p><strong>Aiemmat ilmoitukset\/Past Announcements:<\/strong><\/p>\n<p>YDIRE-hanke j\u00e4rjest\u00e4\u00e4 l\u00e4hiruokatoimijoille suunnatun Yhteisty\u00f6ll\u00e4 kohti menestyst\u00e4 -ty\u00f6pajan L\u00e4hiruokatoimijoiden verkostostumisp\u00e4iv\u00e4n yhteydess\u00e4 Sein\u00e4joen Framilla tiistaina 4.4.2023. Ty\u00f6pajassa pohditaan konkreettisesti erilaisia yhteisty\u00f6mahdollisuuksia maakunnan l\u00e4hiruokatoimijoiden kesken. Teemoina muun muassa tuoteyhteisty\u00f6, markkinointi ja viesint\u00e4, teknologiat ja raaka-aine- ja tuotantopanosyhteisty\u00f6. Ty\u00f6paja on avoin ja maksuton kaikille alueen ruokasektorin toimijoille. Katso lis\u00e4tiedot ja ilmoittaudu <strong>mukaan 28.3.2023 klo 15 menness\u00e4<\/strong> tapahtuman verkkosivuilta:<em><a href=\"https:\/\/projektit.seamk.fi\/event\/tyopaja-yhteistyolla-kohti-menestysta\/\">Ty\u00f6paja: Yhteisty\u00f6ll\u00e4 kohti menestyst\u00e4<\/a>.<\/em><\/p>\n<p>The YDIRE project will organize a &#8220;Cooperation towards success&#8221; workshop aimed at local food operators in connection with the Local Food Operators&#8217; Networking Day at Sein\u00e4joki&#8217;s Frami on Tuesday, April 4, 2023. The workshop will concretely consider various cooperation opportunities among local food operators in the province. Among the themes are product cooperation, marketing and communication, technologies and raw material and production input cooperation. The workshop is open and free of charge to all actors in the food sector in the region. See additional information and register by 3\/28\/2023 at 3 pm on the event&#8217;s website: Workshop: Working towards success (<em><a href=\"https:\/\/projektit.seamk.fi\/event\/tyopaja-yhteistyolla-kohti-menestysta\/\">Ty\u00f6paja: Yhteisty\u00f6ll\u00e4 kohti menestyst\u00e4<\/a>)<\/em>.<\/p>\n<p>YDIRE-hanke j\u00e4rjest\u00e4\u00e4 ruokaketjun toimijoille maksuttoman <strong>Digikehityst\u00e4 TKI-yhteisty\u00f6ll\u00e4<\/strong> -ajankohtaiseminaarin Sein\u00e4joen Framilla tiistaina 21.2.2023 klo 9-12. \u00a0Tervetuloa mukaan kuulemaan ja keskustelemaan digikehitt\u00e4misen uusista tuulista, sek\u00e4 tutustumaan SeAMK:in Digital Business Lab:iin. Lue lis\u00e4\u00e4 ja ilmoittaudu mukaan t\u00e4\u00e4lt\u00e4: <a href=\"https:\/\/sites.uwasa.fi\/ydire\/wp-content\/blogs.dir\/4\/files\/sites\/145\/2023\/01\/KUTSU_YDIRE_Digikehitysta-TKI-yhteistyolla_21.2.2023.pdf\">KUTSU_YDIRE_Digikehityst\u00e4 TKI-yhteisty\u00f6ll\u00e4_21.2.2023<\/a>.<\/p>\n<p>YDIRE-hanke j\u00e4rjest\u00e4\u00e4 elintarvikeyrityksille suunnatun, maksuttoman Muutosjoustavaksi toimivalla strategialla -seminaarity\u00f6pajan Sein\u00e4joen Framilla tiistaina 14.2.2023 klo 9-12. Tervetuloa mukaan kirkastamaan yrityksen strategia ja tulevaisuuden suunta strategiaprofessori Annika Tidstr\u00f6min johdolla! Lue lis\u00e4\u00e4 ja ilmoittaudu mukaan t\u00e4\u00e4lt\u00e4: <a href=\"https:\/\/sites.uwasa.fi\/ydire\/wp-content\/blogs.dir\/4\/files\/sites\/145\/2023\/01\/KUTSU_YDIRE_Seminaarityopaja_Muutosjoustavaksi-strategiatyolla_14.2.2023-1.pdf\">KUTSU_YDIRE_Seminaarity\u00f6paja_Muutosjoustavaksi strategiaty\u00f6ll\u00e4_14.2.2023<\/a><\/p>\n<p>Toinen YDIRE-podcast on nyt valmis ja julkaistu SeAMK Tutkii ja kehitt\u00e4\u00e4 Youtube -kanavalla. T\u00e4ss\u00e4 linkki: https:\/\/www.youtube.com\/watch?v=8JkApJHMCkc. \/ The second YDIRE-podcast is now ready and published on SeAMK Tutkii ja kehitt\u00e4\u00e4 Youtube channel. Here is the link: <a href=\"https:\/\/www.youtube.com\/watch?v=8JkApJHMCkc\">https:\/\/www.youtube.com\/watch?v=8JkApJHMCkc<\/a>.<\/p>\n<p>Etel\u00e4-Pohjanmaan EU-tietokeskuksen juttusarja: Elpymisv\u00e4line Etel\u00e4-Pohjanmaalla. YDIRE-hankkeen esittely \u2013 Parempaan resilienssiin yhteisty\u00f6n ja digitalisaation avulla. Kirjoittaja: Hanna Meril\u00e4inen. Linkki julkaisuun: <a href=\"https:\/\/epliitto.fi\/ajankohtaista\/elpymisvaline-etela-pohjanmaalla-osa-3-4\/\">Elpymisv\u00e4line Etel\u00e4-Pohjanmaalla, osa 3\/4<\/a>. \/ Europe Direct South Ostrobothnia\u2019s article series on Next Generation EU recovery plan and its utilisation in South Ostrobothnia, part 3. YDIRE-project presented as an example of REACT-EU funded projects in the region. Author: Hanna Meril\u00e4inen, Link to article (in Finnish): <a href=\"https:\/\/epliitto.fi\/ajankohtaista\/elpymisvaline-etela-pohjanmaalla-osa-3-4\/\">Elpymisv\u00e4line Etel\u00e4-Pohjanmaalla, osa 3\/4<\/a><\/p>\n<p><a href=\"https:\/\/sites.uwasa.fi\/ydire\/wp-content\/blogs.dir\/4\/files\/sites\/145\/2022\/10\/yritysraportti_valmis.pdf\">Kyselyprojektiraportti<\/a>\/<a href=\"https:\/\/sites.uwasa.fi\/ydire\/wp-content\/blogs.dir\/4\/files\/sites\/145\/2022\/10\/yritysraportti_valmis.en_.pdf\">Survey project report<\/a><\/p>\n<p>Epanet-blogi: Silivia Gaiani &amp; Rumy Narayan, Suomeksi k\u00e4\u00e4nt\u00e4neet Iida Alasentie &amp; Hannele Suvanto<\/p>\n<p>Kuinka hy\u00f6dynt\u00e4\u00e4 muutosta elintarvikeyritysten riskienhallinnassa? \/How to take advantage of change in the risk management of food companies? (<a href=\"https:\/\/epky.fi\/epanet\/epanet-blogi\/kuinka-hyodyntaa-muutosta-elintarvikeyritysten-riskienhallinnassa\/\">Avaa t\u00e4st\u00e4<\/a>)<\/p>\n<p>Watch here new Corporate Sprint 2022 streaming \/Katso t\u00e4st\u00e4 uusi Yrityssprintti 2022 striimaukseen. Click <a href=\"https:\/\/youtu.be\/clanY7lV4kk\">here<\/a><\/p>\n<p>Silvia Gaiani kirjoittaa YDIREn k\u00e4ynnist\u00e4misest\u00e4\/Silvia Gaiani writes about the launch of YDIRE. Click on this <a href=\"https:\/\/www.yrittajat.fi\/blogit\/etelapohjalaisten-elintarvikeyritysten-tilaisuus-kehittaa-resilienssia-ja-edistaa-yritysten-digitaalisuutta-ydire-hanke-kaynnistyy\/\"><strong>link<\/strong><\/a><\/p>\n<p>&nbsp;<\/p>\n","protected":false},"excerpt":{"rendered":"<p>Blogit &amp; Podcastit\/Blogs &amp; Podcasts Projektiin liittyvi\u00e4 uutisia\/News related to the project Uusi ilmoitus\/New Announcement:\u00a0 EPAS-MENU ETEL\u00c4-POHJANMAALTA \/ TAPAS MENU FROM SOUTH OSTROBOTHNIA Epas-menu on yritysten v\u00e4lisen yhteisty\u00f6n tulos. YDIRE-hankkeen ty\u00f6pajasta l\u00e4htenyt idea paikallisia tuotteita sis\u00e4lt\u00e4v\u00e4st\u00e4 epas-menusta on valmistunut. Uuden reseptiikan paikallisista tuotteista kehitteli ravintoloitsija Jani Unkeri ja nelj\u00e4n epaksen (eli etel\u00e4pohjalaisen tapaksen) menussa on [&hellip;]<\/p>\n","protected":false},"author":163,"featured_media":0,"parent":24,"menu_order":0,"comment_status":"closed","ping_status":"closed","template":"","meta":{"_acf_changed":false,"footnotes":""},"class_list":["post-99","page","type-page","status-publish","hentry"],"acf":[],"_links":{"self":[{"href":"https:\/\/sites.uwasa.fi\/ydire\/wp-json\/wp\/v2\/pages\/99"}],"collection":[{"href":"https:\/\/sites.uwasa.fi\/ydire\/wp-json\/wp\/v2\/pages"}],"about":[{"href":"https:\/\/sites.uwasa.fi\/ydire\/wp-json\/wp\/v2\/types\/page"}],"author":[{"embeddable":true,"href":"https:\/\/sites.uwasa.fi\/ydire\/wp-json\/wp\/v2\/users\/163"}],"replies":[{"embeddable":true,"href":"https:\/\/sites.uwasa.fi\/ydire\/wp-json\/wp\/v2\/comments?post=99"}],"version-history":[{"count":25,"href":"https:\/\/sites.uwasa.fi\/ydire\/wp-json\/wp\/v2\/pages\/99\/revisions"}],"predecessor-version":[{"id":234,"href":"https:\/\/sites.uwasa.fi\/ydire\/wp-json\/wp\/v2\/pages\/99\/revisions\/234"}],"up":[{"embeddable":true,"href":"https:\/\/sites.uwasa.fi\/ydire\/wp-json\/wp\/v2\/pages\/24"}],"wp:attachment":[{"href":"https:\/\/sites.uwasa.fi\/ydire\/wp-json\/wp\/v2\/media?parent=99"}],"curies":[{"name":"wp","href":"https:\/\/api.w.org\/{rel}","templated":true}]}}