{"id":67,"date":"2022-01-18T09:25:09","date_gmt":"2022-01-18T07:25:09","guid":{"rendered":"https:\/\/sites.uwasa.fi\/ydire\/?page_id=67"},"modified":"2023-03-16T15:54:44","modified_gmt":"2023-03-16T13:54:44","slug":"meet-the-team","status":"publish","type":"page","link":"https:\/\/sites.uwasa.fi\/ydire\/meet-the-team\/","title":{"rendered":"Projektiryhm\u00e4\/Project team"},"content":{"rendered":"<table style=\"width: 100%;border-collapse: collapse\" border=\"1\">\n<tbody>\n<tr valign=\"top\">\n<td style=\"width: 686px\">\n<table style=\"border-collapse: collapse;width: 100%\" border=\"1\">\n<tbody>\n<tr valign=\"top\">\n<td style=\"width: 22%\"><img loading=\"lazy\" decoding=\"async\" class=\"alignnone wp-image-128\" src=\"https:\/\/sites.uwasa.fi\/ssiteam\/wp-content\/blogs.dir\/4\/files\/sites\/134\/2022\/01\/annika-tidstrom-31-002-1-683x1024.jpg\" alt=\"\" width=\"120\" height=\"180\" \/><\/td>\n<td style=\"width: 78%\"><a href=\"mailto:annika.tidstrom@uwasa.fi\"><img loading=\"lazy\" decoding=\"async\" class=\"alignright size-large\" src=\"https:\/\/www.uwasa.fi\/themes\/custom\/univaasa\/images\/email-icon.svg\" width=\"20\" height=\"20\" \/><\/a><a href=\"https:\/\/www.linkedin.com\/in\/annika-tidstr%C3%B6m-41a59415\/\"><img loading=\"lazy\" decoding=\"async\" class=\"alignright size-large\" src=\"https:\/\/www.uwasa.fi\/themes\/custom\/univaasa\/images\/icons\/icon-linkedin.svg\" width=\"20\" height=\"20\" \/><\/a><a href=\"https:\/\/twitter.com\/annika_tidstrom\"><img loading=\"lazy\" decoding=\"async\" class=\"alignright size-large\" src=\"https:\/\/www.uwasa.fi\/themes\/custom\/univaasa\/images\/icons\/icon-twitter.svg\" width=\"20\" height=\"20\" \/><\/a><\/p>\n<h3>Annika Tidstr\u00f6m<\/h3>\n<p><em>Professor<\/em><\/p>\n<p><a href=\"tel:+358505949421\">050 594 9421<\/a><\/p>\n<p><a href=\"mailto:annika.tidstrom@uwasa.fi\">annika.tidstrom@uwasa.fi<\/a><\/td>\n<\/tr>\n<\/tbody>\n<\/table>\n<p>Annika is a Professor of Strategy, University of Vaasa and a special researcher at \u00c5bo Akademi University.\u00a0Her expertise is within business networks, simultaneous cooperation and competition between firms. Other interest areas are strategy-as-practice, conflict management, change management and transitions to sustainability. Annika is involved in several EU-funded projects related to resilience, sustainability, digitalization and strategy. She regularly cooperates with firms and educates leaders, middle-managers and employees. She has published articles in several highly ranked academic journals such as Industrial Marketing Management, Journal of Cleaner Production and Scandinavian Journal of Management. Her colleagues and teammates describe her as a goal-oriented, active and communicative person. As an educator she is described as being inspiring, energetic, down-to earth, but still professional.<\/p>\n<p>&nbsp;<\/td>\n<td style=\"width: 686px\">\n<table style=\"border-collapse: collapse;width: 100%\" border=\"1\">\n<tbody>\n<tr valign=\"top\">\n<td style=\"width: 22%\"><img loading=\"lazy\" decoding=\"async\" class=\"alignnone wp-image-145\" src=\"https:\/\/sites.uwasa.fi\/ydire\/wp-content\/blogs.dir\/4\/files\/sites\/145\/2022\/02\/gaiani-silvia-photo-260x300.jpg\" alt=\"\" width=\"71\" height=\"82\" srcset=\"https:\/\/sites.uwasa.fi\/ydire\/wp-content\/blogs.dir\/4\/files\/sites\/145\/2022\/02\/gaiani-silvia-photo-260x300.jpg 260w, https:\/\/sites.uwasa.fi\/ydire\/wp-content\/blogs.dir\/4\/files\/sites\/145\/2022\/02\/gaiani-silvia-photo.jpg 459w\" sizes=\"(max-width: 71px) 100vw, 71px\" \/><\/td>\n<td style=\"width: 78%\"><a href=\"mailto:silvia.gaiani@helsinki.fi\"><img loading=\"lazy\" decoding=\"async\" class=\"alignright size-large\" src=\"https:\/\/www.uwasa.fi\/themes\/custom\/univaasa\/images\/email-icon.svg\" width=\"20\" height=\"20\" \/><\/a><a href=\"https:\/\/www.linkedin.com\/in\/silvia-gaiani-7620218\/\"><img loading=\"lazy\" decoding=\"async\" class=\"alignright size-large\" src=\"https:\/\/www.uwasa.fi\/themes\/custom\/univaasa\/images\/icons\/icon-linkedin.svg\" width=\"20\" height=\"20\" \/><\/a><a href=\"https:\/\/twitter.com\/Ruralia_UH\"><img loading=\"lazy\" decoding=\"async\" class=\"alignright size-large\" src=\"https:\/\/www.uwasa.fi\/themes\/custom\/univaasa\/images\/icons\/icon-twitter.svg\" width=\"20\" height=\"20\" \/><\/a><\/p>\n<h3>Silvia Gaiani<\/h3>\n<p><em>Senior Researcher, Ruralia Institute<\/em><\/p>\n<p><a href=\"mailto:silvia.gaiani@helsinki.fi\">silvia.gaiani@helsinki.fi<\/a><\/td>\n<\/tr>\n<\/tbody>\n<\/table>\n<p>An agricultural economist by backgorund, she is leading a research on food, innovation and entrepreneurship towards a sustainable transition. The research is interdisciplinary and aims at producing data andknowledge that can support the active role of food companies in South Ostrobothnia and Finland and to promote an understanding of new business opportunities in the sustainable transformation of the food-chain.<br \/>\nBefore joining Ruralia, Silvia has been a consultant for FAO (Food and Agriculture Organization of the UN) in Rome, for WMO (World Meteorological Organization of the UN) in Geneva and for a number of international research institutions in Europe including the University of Bologna (Italy), the University of Eastern Finland, the Center for South East Asian Studies in Japan, the University of British Columbia (Canada) and the Aalborg University in Denmark.<\/td>\n<\/tr>\n<tr valign=\"top\">\n<td style=\"width: 686px\">\n<table style=\"border-collapse: collapse;width: 100%\" border=\"1\">\n<tbody>\n<tr valign=\"top\">\n<td style=\"width: 22%\"><img loading=\"lazy\" decoding=\"async\" class=\"alignnone size-medium wp-image-191\" src=\"https:\/\/sites.uwasa.fi\/ydire\/wp-content\/blogs.dir\/4\/files\/sites\/145\/2022\/11\/hanna2-300x300.jpg\" alt=\"\" width=\"300\" height=\"300\" srcset=\"https:\/\/sites.uwasa.fi\/ydire\/wp-content\/blogs.dir\/4\/files\/sites\/145\/2022\/11\/hanna2-300x300.jpg 300w, https:\/\/sites.uwasa.fi\/ydire\/wp-content\/blogs.dir\/4\/files\/sites\/145\/2022\/11\/hanna2-150x150.jpg 150w, https:\/\/sites.uwasa.fi\/ydire\/wp-content\/blogs.dir\/4\/files\/sites\/145\/2022\/11\/hanna2-768x767.jpg 768w, https:\/\/sites.uwasa.fi\/ydire\/wp-content\/blogs.dir\/4\/files\/sites\/145\/2022\/11\/hanna2.jpg 960w\" sizes=\"(max-width: 300px) 100vw, 300px\" \/><\/td>\n<td style=\"width: 78%\"><a href=\"mailto:hanna.merilainen@seamk.fi\"><img loading=\"lazy\" decoding=\"async\" class=\"alignright size-large\" src=\"https:\/\/www.uwasa.fi\/themes\/custom\/univaasa\/images\/email-icon.svg\" width=\"20\" height=\"20\" \/><\/a><a href=\"https:\/\/www.linkedin.com\/in\/hanna-meril%C3%A4inen-ba957a133\/\"><img loading=\"lazy\" decoding=\"async\" class=\"alignright size-large\" src=\"https:\/\/www.uwasa.fi\/themes\/custom\/univaasa\/images\/icons\/icon-linkedin.svg\" width=\"20\" height=\"20\" \/><\/a><\/p>\n<h3>Hanna Meril\u00e4inen<\/h3>\n<p><em>Project manager at SeAMK<\/em><\/p>\n<p><a href=\"mailto:hanna.merilainen@seamk.fi\">hanna.merilainen@seamk.fi<\/a><\/td>\n<\/tr>\n<\/tbody>\n<\/table>\n<p>Hanna Meril\u00e4inen ty\u00f6skentelee projektip\u00e4\u00e4llikk\u00f6n\u00e4 Kest\u00e4v\u00e4t ruokaratkaisut -tiimiss\u00e4 SeAMK:issa. Koulutukseltaan Meril\u00e4inen on yhteiskuntatieteiden kandidaatti (p\u00e4\u00e4aineena valtio-oppi) ja hallintotieteiden maisteri (p\u00e4\u00e4aineena ymp\u00e4rist\u00f6n ja alueiden politiikka). Ty\u00f6taustaa Meril\u00e4isell\u00e4 on kansainv\u00e4listen aluekehityshankkeiden ja EU-tiedotuksen parista Etel\u00e4-Pohjanmaan liitosta. Viime vuosina ty\u00f6p\u00f6yd\u00e4ll\u00e4 on ollut erityisesti elintarvikealan kehitt\u00e4mishankkeita.<\/p>\n<p>Hanna Meril\u00e4inen works as a project manager at Sein\u00e4joki University of Applied Sciences. Meril\u00e4inen has a bachelor\u2019s degree in Social Sciences (political science as major) and master\u2019s degree in Administrative Sciences (environmental and regional politics as major). After graduation Meril\u00e4inen has worked with international regional development projects and EU-communications the Regional Council of South Ostrobothnia.<\/td>\n<td style=\"width: 686px\">\n<table style=\"border-collapse: collapse;width: 100%\" border=\"1\">\n<tbody>\n<tr style=\"height: 149px\" valign=\"top\">\n<td style=\"width: 22%;height: 149px\"><img loading=\"lazy\" decoding=\"async\" class=\"alignnone wp-image-86\" src=\"https:\/\/sites.uwasa.fi\/ssiteam\/wp-content\/blogs.dir\/4\/files\/sites\/134\/2022\/01\/rumy1-216x300.jpg\" alt=\"\" width=\"130\" height=\"180\" \/><\/td>\n<td style=\"width: 78%;height: 149px\"><a href=\"mailto:rnarayan@uwasa.fi\"><img loading=\"lazy\" decoding=\"async\" class=\"alignright size-large\" src=\"https:\/\/www.uwasa.fi\/themes\/custom\/univaasa\/images\/email-icon.svg\" width=\"20\" height=\"20\" \/><\/a><a href=\"https:\/\/www.linkedin.com\/in\/rumy-narayan-1362513\/\"><img loading=\"lazy\" decoding=\"async\" class=\"alignright size-large\" src=\"https:\/\/www.uwasa.fi\/themes\/custom\/univaasa\/images\/icons\/icon-linkedin.svg\" width=\"20\" height=\"20\" \/><\/a><a href=\"https:\/\/https:\/\/twitter.com\/rumy\"><img loading=\"lazy\" decoding=\"async\" class=\"alignright size-large\" src=\"https:\/\/www.uwasa.fi\/themes\/custom\/univaasa\/images\/icons\/icon-twitter.svg\" width=\"20\" height=\"20\" \/><\/a><\/p>\n<h3>Rumy Narayan<\/h3>\n<p><em>Doctoral researcher<\/em><\/p>\n<p><a href=\"mailto:rnarayan@uwasa.fi\">rnarayan@uwasa.fi<\/a><\/td>\n<\/tr>\n<\/tbody>\n<\/table>\n<p>Rumy researches transitions to sustainable energy systems. Her research interests focus on activating innovations across sectors, actors, and disciplines, while enabling experimentations, a complex process involving tools for coordinating and managing diverse networks. Blockchain as an institutional and social technology for managing and coordinating disparate networks of actors gains relevance in her research.<\/td>\n<\/tr>\n<tr valign=\"top\">\n<td style=\"width: 686px\">\n<table style=\"border-collapse: collapse;width: 100%\" border=\"1\">\n<tbody>\n<tr>\n<td style=\"width: 22%\"><img loading=\"lazy\" decoding=\"async\" class=\"alignnone size-medium wp-image-151\" src=\"https:\/\/sites.uwasa.fi\/ydire\/wp-content\/blogs.dir\/4\/files\/sites\/145\/2022\/02\/hannele2020-2-237x300.jpeg\" alt=\"\" width=\"237\" height=\"300\" srcset=\"https:\/\/sites.uwasa.fi\/ydire\/wp-content\/blogs.dir\/4\/files\/sites\/145\/2022\/02\/hannele2020-2-237x300.jpeg 237w, https:\/\/sites.uwasa.fi\/ydire\/wp-content\/blogs.dir\/4\/files\/sites\/145\/2022\/02\/hannele2020-2-768x972.jpeg 768w, https:\/\/sites.uwasa.fi\/ydire\/wp-content\/blogs.dir\/4\/files\/sites\/145\/2022\/02\/hannele2020-2.jpeg 770w\" sizes=\"(max-width: 237px) 100vw, 237px\" \/><\/td>\n<td style=\"width: 78%\"><a href=\"mailto:hannele.suvanto@helsinki.fi\"><img loading=\"lazy\" decoding=\"async\" class=\"alignright\" src=\"https:\/\/www.uwasa.fi\/themes\/custom\/univaasa\/images\/email-icon.svg\" alt=\"\" width=\"20\" height=\"20\" \/><\/a><a href=\"https:\/\/www.linkedin.com\/in\/hannele-suvanto-48126914b\/\"><img loading=\"lazy\" decoding=\"async\" class=\"alignright\" src=\"https:\/\/www.uwasa.fi\/themes\/custom\/univaasa\/images\/icons\/icon-linkedin.svg\" alt=\"\" width=\"20\" height=\"20\" \/><\/a><\/p>\n<h3>Hannele Suvanto<\/h3>\n<p><em>Doctoral Student &amp; Bee Farmer\u00a0<\/em><\/p>\n<p><a href=\"mailto:hannele.suvanto@helsinki.fi\">hannele.suvanto@helsinki.fi<\/a><\/td>\n<\/tr>\n<\/tbody>\n<\/table>\n<div class=\"page-section__generator page-section__generator--top g12-xs g11-md g10-lg g8-xl\">\n<div class=\"page-generator__text page-generator__text--top js-generator-text\">\n<div id=\"output\" class=\"page-generator__output js-generator-output\">\n<p>Hannele Suvanto on v\u00e4it\u00f6skirjatutkija (KTM), joka yhdist\u00e4\u00e4 tutkimuksessaan teemoja yritt\u00e4jyydest\u00e4, maataloudesta, ruoan jalostuksesta ja johtamisesta. H\u00e4n on erityisen kiinnostunut yritysten v\u00e4listen liikesuhteiden johtamisesta elintarvikeketjussa, lyhyist\u00e4 jakeluketjuista, kumppanuusmaataloudesta ja ekoinnovaatioista. H\u00e4n on ollut mukana vuodesta 2005 alkaen lukuisissa kansallisissa ja kansainv\u00e4lisiss\u00e4 kehitt\u00e4mis- ja tutkimusprojekteissa Helsingin yliopiston Ruralia-instituutissa. Hannele on my\u00f6s mehil\u00e4istarhaaja.<\/p>\n<p>Hannele Suvanto is a doctoral student (MSc in Economics\u00a0and Business Administration) who combines scientific research with entrepreneurship, agriculture, food processing and management. She focuses her research on business relationship management in food chains, short supply chains, community supported agriculture and ekoinnovations. She has been involved in several international and national development and research projects targeting Finnish farmers and food entrepreneurs since 2005 in University of Helsinki Ruralia Institute. Hannele is also a bee farmer.<\/p>\n<\/div>\n<\/div>\n<\/div>\n<\/td>\n<td style=\"width: 686px\">\n<table style=\"border-collapse: collapse;width: 100%\" border=\"1\">\n<tbody>\n<tr>\n<td style=\"width: 22%\"><img loading=\"lazy\" decoding=\"async\" class=\"alignnone\" src=\"https:\/\/media-exp1.licdn.com\/dms\/image\/C4D03AQEXPHKwUWfkkg\/profile-displayphoto-shrink_400_400\/0\/1634968654466?e=1649894400&amp;v=beta&amp;t=JEv7gsFS2BnHhEQy6uORf6LwTo0p3jDULrM02QLoF_U\" alt=\"Taru M\u00e4ki\" width=\"400\" height=\"400\" \/><\/td>\n<td style=\"width: 78%\"><a href=\"mailto:Taru.Maki@seamk.fi\"><img loading=\"lazy\" decoding=\"async\" class=\"alignright\" src=\"https:\/\/www.uwasa.fi\/themes\/custom\/univaasa\/images\/email-icon.svg\" alt=\"\" width=\"20\" height=\"20\" \/><\/a><a href=\"https:\/\/www.linkedin.com\/in\/taru-m\u00e4ki-38b37625\/\"><img loading=\"lazy\" decoding=\"async\" class=\"alignright\" src=\"https:\/\/www.uwasa.fi\/themes\/custom\/univaasa\/images\/icons\/icon-linkedin.svg\" alt=\"\" width=\"20\" height=\"20\" \/><\/a><\/p>\n<h3>Taru M\u00e4ki<\/h3>\n<p><em>Research and Development Manager, SeAMK<\/em><\/p>\n<p><a href=\"mailto:Taru.Maki@seamk.fi\">Taru.Maki@seamk.fi<\/a><\/td>\n<\/tr>\n<\/tbody>\n<\/table>\n<p>Taru M\u00e4ki toimi SeAMK:n kehitysp\u00e4\u00e4llikk\u00f6n\u00e4 15 vuotta ennen siirtymist\u00e4\u00e4n nykyiseen teht\u00e4v\u00e4\u00e4ns\u00e4. H\u00e4nen osaamisensa keskittyy strategian kehitt\u00e4miseen, projektisuunnitteluun ja -johtamiseen, laadunvarmistukseen sek\u00e4 yliopistojen ja yritysten v\u00e4lisen tiedonvaihdon tehokkuuteen.<\/p>\n<p>Taru M\u00e4ki was SeAMK\u2019s development manager for 15 years before moving to her current position. Her expertise focuses on strategy development, project planning and management, quality assurance and effectiveness of information sharing between universities and companies.<\/td>\n<\/tr>\n<tr valign=\"top\">\n<td style=\"width: 686px\">\n<table style=\"border-collapse: collapse;width: 100%\" border=\"1\">\n<tbody>\n<tr>\n<td style=\"width: 22%\"><img loading=\"lazy\" decoding=\"async\" class=\"alignnone size-medium wp-image-156\" src=\"https:\/\/sites.uwasa.fi\/ydire\/wp-content\/blogs.dir\/4\/files\/sites\/145\/2022\/02\/profiilikuva-240x300.jpg\" alt=\"\" width=\"240\" height=\"300\" srcset=\"https:\/\/sites.uwasa.fi\/ydire\/wp-content\/blogs.dir\/4\/files\/sites\/145\/2022\/02\/profiilikuva-240x300.jpg 240w, https:\/\/sites.uwasa.fi\/ydire\/wp-content\/blogs.dir\/4\/files\/sites\/145\/2022\/02\/profiilikuva-768x960.jpg 768w, https:\/\/sites.uwasa.fi\/ydire\/wp-content\/blogs.dir\/4\/files\/sites\/145\/2022\/02\/profiilikuva.jpg 800w\" sizes=\"(max-width: 240px) 100vw, 240px\" \/><\/td>\n<td style=\"width: 78%\"><a href=\"mailto:anni.rajala@uwasa.fi\"><img loading=\"lazy\" decoding=\"async\" class=\"alignright\" src=\"https:\/\/www.uwasa.fi\/themes\/custom\/univaasa\/images\/email-icon.svg\" alt=\"\" width=\"20\" height=\"20\" \/><\/a><a href=\"https:\/\/www.linkedin.com\/in\/anni-rajala-0992778b\/\"><img loading=\"lazy\" decoding=\"async\" class=\"alignright\" src=\"https:\/\/www.uwasa.fi\/themes\/custom\/univaasa\/images\/icons\/icon-linkedin.svg\" alt=\"\" width=\"20\" height=\"20\" \/><\/a><\/p>\n<h3>Anni Rajala<\/h3>\n<p><em>Tutkijatohtori\/Assistant professor<\/em><\/p>\n<p><a href=\"mailto:anni.rajala@uwasa.fi\">anni.rajala@uwasa.fi<\/a><\/td>\n<\/tr>\n<\/tbody>\n<\/table>\n<p>Anni Rajala ty\u00f6skentelee tutkijatohtorina Vaasan yliopistossa. H\u00e4nen tutkimuksensa k\u00e4sittelee p\u00e4\u00e4asiassa yritysten v\u00e4lisi\u00e4 suhteita, yritysverkostoja ja pk-yritysten digitalisoitumista. Rajala on mukana useissa pk-yrityksi\u00e4 k\u00e4sitteleviss\u00e4 tutkimushankkeissa, jotka liittyv\u00e4t muun muassa strategiaan, digitalisaatioon ja yritysten v\u00e4liseen yhteisty\u00f6h\u00f6n.<\/p>\n<p>Anni Rajala works as an assistant professor in the University of Vaasa. Her research focuses mainly on business-to-business relationships, business networks, and SMEs digitalization. She is involved in several research projects exploring SMEs, for example, from the strategy, digitalization and collaboration perspectives.<\/td>\n<td style=\"width: 686px\">\n<table style=\"border-collapse: collapse;width: 100%\" border=\"1\">\n<tbody>\n<tr>\n<td style=\"width: 22%\"><img loading=\"lazy\" decoding=\"async\" class=\"alignnone wp-image-171 size-medium\" src=\"https:\/\/sites.uwasa.fi\/ydire\/wp-content\/blogs.dir\/4\/files\/sites\/145\/2022\/03\/iida-alasentie-cv-300x269.jpg\" alt=\"\" width=\"300\" height=\"269\" srcset=\"https:\/\/sites.uwasa.fi\/ydire\/wp-content\/blogs.dir\/4\/files\/sites\/145\/2022\/03\/iida-alasentie-cv-300x269.jpg 300w, https:\/\/sites.uwasa.fi\/ydire\/wp-content\/blogs.dir\/4\/files\/sites\/145\/2022\/03\/iida-alasentie-cv-1024x919.jpg 1024w, https:\/\/sites.uwasa.fi\/ydire\/wp-content\/blogs.dir\/4\/files\/sites\/145\/2022\/03\/iida-alasentie-cv-768x689.jpg 768w, https:\/\/sites.uwasa.fi\/ydire\/wp-content\/blogs.dir\/4\/files\/sites\/145\/2022\/03\/iida-alasentie-cv-1536x1379.jpg 1536w, https:\/\/sites.uwasa.fi\/ydire\/wp-content\/blogs.dir\/4\/files\/sites\/145\/2022\/03\/iida-alasentie-cv.jpg 2048w\" sizes=\"(max-width: 300px) 100vw, 300px\" \/><\/td>\n<td style=\"width: 78%\"><a href=\"mailto:iida.alasentie@helsinki.fi\"><img loading=\"lazy\" decoding=\"async\" class=\"alignright\" src=\"https:\/\/www.uwasa.fi\/themes\/custom\/univaasa\/images\/email-icon.svg\" alt=\"\" width=\"20\" height=\"20\" \/><\/a><a href=\"https:\/\/www.linkedin.com\/in\/iida-alasentie\/\"><img loading=\"lazy\" decoding=\"async\" class=\"alignright\" src=\"https:\/\/www.uwasa.fi\/themes\/custom\/univaasa\/images\/icons\/icon-linkedin.svg\" alt=\"\" width=\"20\" height=\"20\" \/><\/a><a href=\"https:\/\/twitter.com\/IAlasentie\"><img loading=\"lazy\" decoding=\"async\" class=\"alignright size-large\" src=\"https:\/\/www.uwasa.fi\/themes\/custom\/univaasa\/images\/icons\/icon-twitter.svg\" width=\"20\" height=\"20\" \/><\/a><\/p>\n<h3>Iida Alasentie<\/h3>\n<p><em>Research Assistant<\/em><\/p>\n<p><a href=\"mailto:iida.alasentie@helsinki.fi\">iida.alasentie@helsinki.fi<\/a><\/td>\n<\/tr>\n<\/tbody>\n<\/table>\n<p>Iida has a MSc in Food Economics and Consumption from Helsinki University and is a research assistant at Ruralia. She has specialized in food consumption, sustainability and behavioural studies. She has gained experience in research by working several years with Helsinki Regional Transport (HSL) focusing on public transport development and customer knowledge.<\/p>\n<p>&nbsp;<\/td>\n<\/tr>\n<tr valign=\"top\">\n<td style=\"width: 686px\"><\/td>\n<td style=\"width: 686px\"><\/td>\n<\/tr>\n<tr valign=\"top\">\n<td style=\"width: 686px\"><\/td>\n<td style=\"width: 686px\"><\/td>\n<\/tr>\n<\/tbody>\n<\/table>\n<p>&nbsp;<\/p>\n","protected":false},"excerpt":{"rendered":"<p>Annika Tidstr\u00f6m Professor 050 594 9421 annika.tidstrom@uwasa.fi Annika is a Professor of Strategy, University of Vaasa and a special researcher at \u00c5bo Akademi University.\u00a0Her expertise is within business networks, simultaneous cooperation and competition between firms. Other interest areas are strategy-as-practice, conflict management, change management and transitions to sustainability. Annika is involved in several EU-funded projects [&hellip;]<\/p>\n","protected":false},"author":163,"featured_media":0,"parent":0,"menu_order":0,"comment_status":"closed","ping_status":"closed","template":"","meta":{"_acf_changed":false,"footnotes":""},"class_list":["post-67","page","type-page","status-publish","hentry"],"acf":[],"_links":{"self":[{"href":"https:\/\/sites.uwasa.fi\/ydire\/wp-json\/wp\/v2\/pages\/67"}],"collection":[{"href":"https:\/\/sites.uwasa.fi\/ydire\/wp-json\/wp\/v2\/pages"}],"about":[{"href":"https:\/\/sites.uwasa.fi\/ydire\/wp-json\/wp\/v2\/types\/page"}],"author":[{"embeddable":true,"href":"https:\/\/sites.uwasa.fi\/ydire\/wp-json\/wp\/v2\/users\/163"}],"replies":[{"embeddable":true,"href":"https:\/\/sites.uwasa.fi\/ydire\/wp-json\/wp\/v2\/comments?post=67"}],"version-history":[{"count":19,"href":"https:\/\/sites.uwasa.fi\/ydire\/wp-json\/wp\/v2\/pages\/67\/revisions"}],"predecessor-version":[{"id":217,"href":"https:\/\/sites.uwasa.fi\/ydire\/wp-json\/wp\/v2\/pages\/67\/revisions\/217"}],"wp:attachment":[{"href":"https:\/\/sites.uwasa.fi\/ydire\/wp-json\/wp\/v2\/media?parent=67"}],"curies":[{"name":"wp","href":"https:\/\/api.w.org\/{rel}","templated":true}]}}