{"id":24,"date":"2022-01-13T09:17:13","date_gmt":"2022-01-13T07:17:13","guid":{"rendered":"https:\/\/sites.uwasa.fi\/ydire\/?page_id=24"},"modified":"2023-09-04T12:04:55","modified_gmt":"2023-09-04T09:04:55","slug":"joustavat-ja-verkotetut-paikalliset-ruokajarjestelmat-resilient-networked-local-food-systems","status":"publish","type":"page","link":"https:\/\/sites.uwasa.fi\/ydire\/","title":{"rendered":"Joustavat ja verkotetut paikalliset ruokaj\u00e4rjestelm\u00e4t\/Resilient &amp; Networked Local Food Systems"},"content":{"rendered":"<p><img loading=\"lazy\" decoding=\"async\" class=\"alignnone size-medium wp-image-160 aligncenter\" src=\"https:\/\/sites.uwasa.fi\/ydire\/wp-content\/blogs.dir\/4\/files\/sites\/145\/2022\/02\/logo-300x126.jpg\" alt=\"\" width=\"300\" height=\"126\" srcset=\"https:\/\/sites.uwasa.fi\/ydire\/wp-content\/blogs.dir\/4\/files\/sites\/145\/2022\/02\/logo-300x126.jpg 300w, https:\/\/sites.uwasa.fi\/ydire\/wp-content\/blogs.dir\/4\/files\/sites\/145\/2022\/02\/logo-768x323.jpg 768w, https:\/\/sites.uwasa.fi\/ydire\/wp-content\/blogs.dir\/4\/files\/sites\/145\/2022\/02\/logo.jpg 873w\" sizes=\"(max-width: 300px) 100vw, 300px\" \/><\/p>\n<p style=\"text-align: center\"><strong>Hanke rahoitetaan REACT-EU-v\u00e4lineen m\u00e4\u00e4r\u00e4rahoista osana Euroopan unionin COVID-19-pandemian johdosta toteuttamia toimia.<\/strong><\/p>\n<p style=\"text-align: center\"><strong>The project is funded by the REACT-EU Instrument as part of the European Union&#8217;s response to the COVID-19 pandemic.<\/strong><\/p>\n<p>&nbsp;<\/p>\n<p style=\"text-align: center\"><strong>Uusi ilmoitus\/New Announcement:<\/strong><\/p>\n<p><strong>EPAS-MENU ETEL\u00c4-POHJANMAALTA \/ TAPAS MENU FROM SOUTH OSTROBOTHNIA<\/strong><\/p>\n<p><strong>\u00a0<\/strong><\/p>\n<p><strong>Epas-menu on yritysten v\u00e4lisen yhteisty\u00f6n tulos. <\/strong>YDIRE-hankkeen ty\u00f6pajasta l\u00e4htenyt idea paikallisia tuotteita sis\u00e4lt\u00e4v\u00e4st\u00e4 epas-menusta on valmistunut. Uuden reseptiikan paikallisista tuotteista kehitteli ravintoloitsija Jani Unkeri ja nelj\u00e4n epaksen (eli etel\u00e4pohjalaisen tapaksen) menussa on hy\u00f6dynnetty yhteens\u00e4 14 tuottajan tai ruokayrityksen tuotteita. YDIRE-hanke tuotti yhdess\u00e4 PREMIUM-hankkeen menusta reseptivihkon, josta l\u00f6ytyv\u00e4t ohjeet epasten valmistukseen sek\u00e4 tarkemmat tiedot tuotteiden saatavuudesta. Tutustu uuteen epas-menuun t\u00e4\u00e4lt\u00e4: <a href=\"http:\/\/www.tinyurl.com\/epas-menu\">www.tinyurl.com\/epas-menu<\/a><\/p>\n<p><strong>Tapas menu from South Ostrobothnia \u2013 a collaboration between food companies. <\/strong>A new tapas menu<\/p>\n<p>utilizing South Ostrobothnian food products was launched in August in collaboration with 14 food producers and companies, a local restaurant and development projects YDIRE and PREMIUM.\u00a0 The idea for collaboration rose in the YDIRE workshop held in April 2023. The new menu includes four different and tasty recipes that anyone can prepare. The recipes with information about the products are collected in a booklet (in Finnish). Download the booklet here:\u00a0 <a href=\"http:\/\/www.tinyurl.com\/epas-menu\u00a8\">www.tinyurl.com\/epas-menu<\/a><\/p>\n<p>&nbsp;<\/p>\n<p><strong>OPAS PAIKALLISILLE RUOKAYRITYKSILLE\/GUIDE FOR LOCAL FOOD COMPANIES<\/strong><\/p>\n<p><strong>Muutosjoustavuudesta menestyst\u00e4 &#8211; opas l\u00e4hiruokayrityksille<\/strong> tutustuttaa sinut muutosjoustavuuden k\u00e4sitteen perusteisiin sek\u00e4 muuttuvan toimintaymp\u00e4rist\u00f6n tarkasteluun. Mukana on vinkkej\u00e4, teht\u00e4vi\u00e4 ja pohdintakysymyksi\u00e4 oman yrityksen tilanteen tarkasteluun. Lataa opas PDF-muodossa omalle koneellesi t\u00e4\u00e4lt\u00e4:<strong> Muutosjoustavuudesta menestyst\u00e4 \u2013 Opas l\u00e4hiruokayrityksille. <a href=\"https:\/\/sites.uwasa.fi\/ydire\/wp-content\/blogs.dir\/4\/files\/sites\/145\/2023\/08\/YDIRE_Opas-lahiruokayrityksille-digitaalinen.pdf\">YDIRE_Opas-lahiruokayrityksille-digitaalinen <\/a><\/strong><\/p>\n<p style=\"text-align: left\"><strong>From change flexibility to success &#8211; a guide for local food businesses<\/strong> introduces you to the basics of the concept of change flexibility and to examining the changing operating environment. There are tips, tasks and reflection questions for examining the situation of your own company. Download the guide in PDF format to your computer here: <strong>From flexibility to success &#8211; Guide for local food companies. <a href=\"https:\/\/sites.uwasa.fi\/ydire\/wp-content\/blogs.dir\/4\/files\/sites\/145\/2023\/08\/YDIRE_Opas-lahiruokayrityksille-digitaalinen.pdf\">YDIRE_Opas-lahiruokayrityksille-digitaalinen<\/a><\/strong><\/p>\n<p>&nbsp;<\/p>\n<p><strong>MUUTOSJOUSTAVUUDEN TY\u00d6KALU\/RESILIENCE TOOL<\/strong><\/p>\n<p><strong>Muutosjoustavuuden ty\u00f6kalun<\/strong> avulla l\u00e4hiruokayritykset voivat verrata omaa muutosjoustavuuden eli resilienssin tasoa suhteessa muihin etel\u00e4pohjalaisiin ruoka-alan yrityksiin. Ty\u00f6kalussa yritykset vastaavat kysymyspatteristoon ja t\u00e4m\u00e4n j\u00e4lkeen saavat arvion yrityksen muutosjoustavuuden tasosta eri osa-alueilla. Lopuksi ty\u00f6kalu antaa vinkkej\u00e4 muutosjoustavuuden kehitt\u00e4miseen yrityksen liiketoiminnassa. Ty\u00f6kalu on toteutettu Microsoft Excel -ohjelmalla.<\/p>\n<p>With the help of the <strong>flexibility to change tool<\/strong>, local food companies can compare their own level of flexibility to change, i.e. resilience, in relation to other companies in the food industry in Southern Ostrobothnia. In the tool, companies answer a battery of questions and then receive an assessment of the company&#8217;s level of change flexibility in different areas. Finally, the tool gives tips for developing change flexibility in the company&#8217;s business. The tool is implemented with Microsoft Excel.<\/p>\n<p>Lataa ty\u00f6kalu omalle koneellesi t\u00e4\u00e4lt\u00e4\/Download the tool (in Finnish) to your computer here: Muutosjoustavuuden ty\u00f6kalu\/A tool for change flexibility: <a href=\"https:\/\/drive.google.com\/uc?export=download&amp;id=1e14bsLzDdOuKaLGVh3YpswejfDPcxdlb\"><strong>Klikkaa t\u00e4st\u00e4\/Click here<\/strong><\/a><\/p>\n<p><strong>YDIRE Podcast 3: Tuloksia ja tuotoksia<\/strong><\/p>\n<p>YDIRE-hankkeen kolmas podcast-jakso on julkaistu. Podcastissa keskustellaan hankkeen loppuvaiheen aktiviteeteist\u00e4 sek\u00e4 keskeisist\u00e4 tuloksista ja tuotoksista. Kuuntele Podcast-jakso SeAMK tutkii ja kehitt\u00e4\u00e4 -kanavalla: <a href=\"https:\/\/www.youtube.com\/watch?v=Civ-2_oO8uw\">https:\/\/www.youtube.com\/watch?v=Civ-2_oO8uw<\/a><strong>\u00a0<\/strong><\/p>\n<p><strong>YDIRE Podcast 3: The results and outputs<\/strong><\/p>\n<p>The third YDIRE Podcast has been released on SeAMK Tutkii ja kehitt\u00e4\u00e4 Youtube channel. Listen the podcast (in Finnish): <a href=\"https:\/\/www.youtube.com\/watch?v=Civ-2_oO8uw\">https:\/\/www.youtube.com\/watch?v=Civ-2_oO8uw<\/a><\/p>\n<p>&nbsp;<\/p>\n<p><strong>UUSI BLOGI KIRJOITUS\/ NEW BLOG POST<\/strong><\/p>\n<p>&#8220;Muutoskyvykkyyden ja joustavuuden, eli resilienssin, vahvistaminen on nykyisin yksi pk-yritysten t\u00e4rkeimpi\u00e4 haasteita. Koronapandemia, sota Ukrainassa, raaka-aineiden saatavuus, energiahinnat, inflaatio ja korkotilanne ovat osoittaneet, ett\u00e4 ei saisi ikin\u00e4 tyyty\u00e4 nykytilanteeseen, vaan pit\u00e4\u00e4 jatkuvasti olla ketter\u00e4 ja pysty\u00e4 nopeasti reagoimaan kriiseihin ja muutostarpeisiin liiketoiminnassa.&#8221;\u00a0<a href=\"https:\/\/www.linkedin.com\/feed\/hashtag\/?keywords=resilienssi&amp;highlightedUpdateUrns=urn%3Ali%3Aactivity%3A7095307172749672448\" data-attribute-index=\"0\">#resilienssi<\/a>\u00a0<a href=\"https:\/\/www.linkedin.com\/feed\/hashtag\/?keywords=muutosjoustavuus&amp;highlightedUpdateUrns=urn%3Ali%3Aactivity%3A7095307172749672448\" data-attribute-index=\"1\">#muutosjoustavuus \u00a0<\/a><\/p>\n<p>Muun muassa n\u00e4in kirjoitti projektijohtajamme, strategiaprofessori\u00a0<a href=\"https:\/\/www.linkedin.com\/in\/ACoAAAMcglYB9kdgPTZQnzfCmCWYeXp2tmCD1zo\" data-attribute-index=\"2\" data-entity-type=\"MINI_PROFILE\">Annika Laine-Kronberg (fd Tidstr\u00f6m)<\/a>\u00a0(<a href=\"https:\/\/www.linkedin.com\/company\/univaasa\/\" data-attribute-index=\"4\" data-entity-type=\"MINI_COMPANY\">University of Vaasa<\/a>) hein\u00e4kuisessa Epanet-blogissa.<\/p>\n<p>Lue koko blogi-kirjoitus: <a href=\"https:\/\/epky.fi\/epanet\/epanet-blogi\/joustavuus-ja-eteenpain-katsominen-ovat-muutoskyvykkyytta\/\">Klikkaa t\u00e4st\u00e4<\/a>.<\/p>\n<p>&#8220;Strengthening the ability to change and flexibility, i.e. resilience, is one of the most important challenges for SMEs today. The coronavirus pandemic, the war in Ukraine, the availability of raw materials, energy prices, inflation and interest rates have shown that we should never settle for the current situation, but must be constantly agile and able to react quickly to crises and changes in business.&#8221;\u00a0<a href=\"https:\/\/www.linkedin.com\/feed\/hashtag\/?keywords=resilienssi\" data-attribute-index=\"0\">#resilienssi<\/a>\u00a0<a href=\"https:\/\/www.linkedin.com\/feed\/hashtag\/?keywords=muutosjoustavuus\" data-attribute-index=\"1\">#muutosjoustavuus<\/a><\/p>\n<p>Among other things, this is what our project leader, Professor of Strategy\u00a0<a href=\"https:\/\/www.linkedin.com\/in\/ACoAAAMcglYB9kdgPTZQnzfCmCWYeXp2tmCD1zo\" data-attribute-index=\"2\" data-entity-type=\"MINI_PROFILE\">Annika Laine-Kronberg (fd Tidstr\u00f6m)<\/a>\u00a0(<a href=\"https:\/\/www.linkedin.com\/company\/univaasa\/\" data-attribute-index=\"4\" data-entity-type=\"MINI_COMPANY\">University of Vaasa<\/a>\u00a0) wrote in the July Epanet blog.<\/p>\n<p>Read the full blog post: <a href=\"https:\/\/epky.fi\/epanet\/epanet-blogi\/joustavuus-ja-eteenpain-katsominen-ovat-muutoskyvykkyytta\/\">Click here<\/a>.<\/p>\n<p>&nbsp;<\/p>\n<p style=\"text-align: center\"><strong>YDIRE &#8211; <\/strong>Yritystenv\u00e4lisen yhteisty\u00f6n ja digitalisaation avulla kohti resilienssi\u00e4 lyhyiss\u00e4<br \/>\nelintarvikeketjuissa \/ Towards resilience in short food chains through business collaboration and digitalisation<\/p>\n<p><img loading=\"lazy\" decoding=\"async\" class=\"alignnone size-medium wp-image-103 aligncenter\" src=\"https:\/\/sites.uwasa.fi\/ydire\/wp-content\/blogs.dir\/4\/files\/sites\/145\/2022\/02\/image-300x79.jpg\" alt=\"\" width=\"300\" height=\"79\" srcset=\"https:\/\/sites.uwasa.fi\/ydire\/wp-content\/blogs.dir\/4\/files\/sites\/145\/2022\/02\/image-300x79.jpg 300w, https:\/\/sites.uwasa.fi\/ydire\/wp-content\/blogs.dir\/4\/files\/sites\/145\/2022\/02\/image-1024x271.jpg 1024w, https:\/\/sites.uwasa.fi\/ydire\/wp-content\/blogs.dir\/4\/files\/sites\/145\/2022\/02\/image-768x203.jpg 768w, https:\/\/sites.uwasa.fi\/ydire\/wp-content\/blogs.dir\/4\/files\/sites\/145\/2022\/02\/image.jpg 1480w\" sizes=\"(max-width: 300px) 100vw, 300px\" \/><\/p>\n<p style=\"text-align: center\">Hankkeen tavoitteena on edist\u00e4\u00e4 Etel\u00e4-Pohjanmaalla lyhyiden elintarvikeketjujen<br \/>\nyhteisty\u00f6t\u00e4 ja digitalisaatiota, ja sit\u00e4 kautta lis\u00e4t\u00e4 niiden resilienssi\u00e4 kriisitilanteissa.<br \/>\nHankkeen tarkoituksena on kehitt\u00e4\u00e4 yhteisty\u00f6muotojen ja digitaalisten ratkaisujen<br \/>\ntoimintamalli, jolla voidaan kehitt\u00e4\u00e4 yritysten resilienssi\u00e4, ja samalla edist\u00e4\u00e4 niiden<br \/>\nkest\u00e4vi\u00e4 toimintatapoja ja innovaatiopotentiaalia. Tuloksen my\u00f6t\u00e4 hankkeella on my\u00f6s<br \/>\nmy\u00f6nteinen vaikutus yritysten kest\u00e4vyyteen ja innovaatiopotentiaaliin.<\/p>\n<p style=\"text-align: center\">The aim of the project is to promote short food chains in Southern Ostrobothnia<br \/>\ncooperation and digitalisation, thereby increasing their resilience in crisis situations.<br \/>\nThe project aims to develop forms of collaboration and digital solutions<br \/>\na business model that can develop the resilience of companies while promoting their resilience<br \/>\nsustainable practices and innovation potential. With the result, the project also has<br \/>\npositive impact on the sustainability and innovation potential of companies.<\/p>\n<p>&nbsp;<\/p>\n<p style=\"text-align: center\">Lis\u00e4tietoja\/More information: anntid@uwasa.fi<\/p>\n<p>&nbsp;<\/p>\n<p style=\"text-align: center\"><em>Hankkeen toteutusaika: 01.01.2022 &#8211; 31.08.2023\u00a0<\/em><\/p>\n<p style=\"text-align: center\"><em>Project implementation period: 01.01.2022 &#8211; 31.08.2023\u00a0<\/em><\/p>\n<p style=\"text-align: center\"><em>Hanke rahoitettu Euroopan aluekehitysrahastosta (EAKR) ja rahoitus Etel\u00e4-Pohjanmaan ry:n aluekehityksen kautta<\/em><\/p>\n<p style=\"text-align: center\"><em>Project funded under the European Regional Development Fund (ERDF) &amp; funding disbursed through the Regional Development of the Association of Southern Ostrobothnia\u00a0<\/em><\/p>\n<p>&nbsp;<\/p>\n<p>&nbsp;<\/p>\n<p><img loading=\"lazy\" decoding=\"async\" class=\"alignnone size-medium wp-image-50\" src=\"https:\/\/sites.uwasa.fi\/ydire\/wp-content\/blogs.dir\/4\/files\/sites\/145\/2022\/01\/vaasan-yliopisto-logo-vaaka-1-300x122.jpg\" alt=\"\" width=\"300\" height=\"122\" srcset=\"https:\/\/sites.uwasa.fi\/ydire\/wp-content\/blogs.dir\/4\/files\/sites\/145\/2022\/01\/vaasan-yliopisto-logo-vaaka-1-300x122.jpg 300w, https:\/\/sites.uwasa.fi\/ydire\/wp-content\/blogs.dir\/4\/files\/sites\/145\/2022\/01\/vaasan-yliopisto-logo-vaaka-1-1024x416.jpg 1024w, https:\/\/sites.uwasa.fi\/ydire\/wp-content\/blogs.dir\/4\/files\/sites\/145\/2022\/01\/vaasan-yliopisto-logo-vaaka-1-768x312.jpg 768w, https:\/\/sites.uwasa.fi\/ydire\/wp-content\/blogs.dir\/4\/files\/sites\/145\/2022\/01\/vaasan-yliopisto-logo-vaaka-1.jpg 1200w\" sizes=\"(max-width: 300px) 100vw, 300px\" \/><img loading=\"lazy\" decoding=\"async\" class=\"alignnone size-full wp-image-51\" src=\"https:\/\/sites.uwasa.fi\/ydire\/wp-content\/blogs.dir\/4\/files\/sites\/145\/2022\/01\/54364dc9-seamk-vaaka-fi-en-rgb-1200x486-1-300x122-2.jpg\" alt=\"\" width=\"300\" height=\"122\" \/><img loading=\"lazy\" decoding=\"async\" class=\"alignnone size-full wp-image-49\" src=\"https:\/\/sites.uwasa.fi\/ydire\/wp-content\/blogs.dir\/4\/files\/sites\/145\/2022\/01\/ruralia-1.jpg\" alt=\"\" width=\"225\" height=\"225\" srcset=\"https:\/\/sites.uwasa.fi\/ydire\/wp-content\/blogs.dir\/4\/files\/sites\/145\/2022\/01\/ruralia-1.jpg 225w, https:\/\/sites.uwasa.fi\/ydire\/wp-content\/blogs.dir\/4\/files\/sites\/145\/2022\/01\/ruralia-1-150x150.jpg 150w\" sizes=\"(max-width: 225px) 100vw, 225px\" \/><\/p>\n","protected":false},"excerpt":{"rendered":"<p>Hanke rahoitetaan REACT-EU-v\u00e4lineen m\u00e4\u00e4r\u00e4rahoista osana Euroopan unionin COVID-19-pandemian johdosta toteuttamia toimia. The project is funded by the REACT-EU Instrument as part of the European Union&#8217;s response to the COVID-19 pandemic. &nbsp; Uusi ilmoitus\/New Announcement: EPAS-MENU ETEL\u00c4-POHJANMAALTA \/ TAPAS MENU FROM SOUTH OSTROBOTHNIA \u00a0 Epas-menu on yritysten v\u00e4lisen yhteisty\u00f6n tulos. YDIRE-hankkeen ty\u00f6pajasta l\u00e4htenyt idea paikallisia tuotteita [&hellip;]<\/p>\n","protected":false},"author":163,"featured_media":0,"parent":0,"menu_order":0,"comment_status":"closed","ping_status":"closed","template":"","meta":{"_acf_changed":false,"footnotes":""},"class_list":["post-24","page","type-page","status-publish","hentry"],"acf":[],"_links":{"self":[{"href":"https:\/\/sites.uwasa.fi\/ydire\/wp-json\/wp\/v2\/pages\/24"}],"collection":[{"href":"https:\/\/sites.uwasa.fi\/ydire\/wp-json\/wp\/v2\/pages"}],"about":[{"href":"https:\/\/sites.uwasa.fi\/ydire\/wp-json\/wp\/v2\/types\/page"}],"author":[{"embeddable":true,"href":"https:\/\/sites.uwasa.fi\/ydire\/wp-json\/wp\/v2\/users\/163"}],"replies":[{"embeddable":true,"href":"https:\/\/sites.uwasa.fi\/ydire\/wp-json\/wp\/v2\/comments?post=24"}],"version-history":[{"count":38,"href":"https:\/\/sites.uwasa.fi\/ydire\/wp-json\/wp\/v2\/pages\/24\/revisions"}],"predecessor-version":[{"id":76,"href":"https:\/\/sites.uwasa.fi\/ydire\/wp-json\/wp\/v2\/pages\/24\/revisions\/76"}],"wp:attachment":[{"href":"https:\/\/sites.uwasa.fi\/ydire\/wp-json\/wp\/v2\/media?parent=24"}],"curies":[{"name":"wp","href":"https:\/\/api.w.org\/{rel}","templated":true}]}}