{"id":122,"date":"2022-02-05T13:35:02","date_gmt":"2022-02-05T11:35:02","guid":{"rendered":"https:\/\/sites.uwasa.fi\/ydire\/?page_id=122"},"modified":"2023-01-03T08:34:23","modified_gmt":"2023-01-03T06:34:23","slug":"blogit-ja-podcastit-blogs-podcasts","status":"publish","type":"page","link":"https:\/\/sites.uwasa.fi\/ydire\/joustavat-ja-verkotetut-paikalliset-ruokajarjestelmat-resilient-networked-local-food-systems\/aktiviteetit-activities\/blogit-ja-podcastit-blogs-podcasts\/","title":{"rendered":"Blogit ja podcastit\/Blogs &amp; Podcasts"},"content":{"rendered":"<p>Toinen YDIRE-podcast on nyt valmis ja julkaistu SeAMK Tutkii ja kehitt\u00e4\u00e4 Youtube -kanavalla. T\u00e4ss\u00e4 linkki: https:\/\/www.youtube.com\/watch?v=8JkApJHMCkc. \/ The second YDIRE-podcast is now ready and published on SeAMK Tutkii ja kehitt\u00e4\u00e4 Youtube channel. Here is the link: <a href=\"https:\/\/www.youtube.com\/watch?v=8JkApJHMCkc\">https:\/\/www.youtube.com\/watch?v=8JkApJHMCkc<\/a>.<\/p>\n<p><a href=\"https:\/\/epky.fi\/epanet\/epanet-blogi\/etelapohjalaisten-yritysten-muutosjoustavuudessa-on-parantamisen-varaa\/\">uusi postaus<\/a>\/<a href=\"https:\/\/epky.fi\/epanet\/epanet-blogi\/etelapohjalaisten-yritysten-muutosjoustavuudessa-on-parantamisen-varaa\/\">new post<\/a> by Annika Tidstr\u00f6m, Iida Alasentie, Hannele Suvanto<\/p>\n<p><a href=\"https:\/\/sites.uwasa.fi\/ydire\/?p=119&amp;preview=true\">postaus\/post<\/a> by Silvia Gaiani<\/p>\n<p><a href=\"https:\/\/epky.fi\/epanet\/epanet-blogi\/kriisitilanteessa-resilienssi-on-lahiruokayritysten-menestymisen-resepti\/\">Katso blogikirjoitus Epanet Blogissa\/See post on the Epanet blog<\/a> by Annika Tidstr\u00f6m<\/p>\n","protected":false},"excerpt":{"rendered":"<p>Toinen YDIRE-podcast on nyt valmis ja julkaistu SeAMK Tutkii ja kehitt\u00e4\u00e4 Youtube -kanavalla. T\u00e4ss\u00e4 linkki: https:\/\/www.youtube.com\/watch?v=8JkApJHMCkc. \/ The second YDIRE-podcast is now ready and published on SeAMK Tutkii ja kehitt\u00e4\u00e4 Youtube channel. Here is the link: https:\/\/www.youtube.com\/watch?v=8JkApJHMCkc. uusi postaus\/new post by Annika Tidstr\u00f6m, Iida Alasentie, Hannele Suvanto postaus\/post by Silvia Gaiani Katso blogikirjoitus Epanet Blogissa\/See [&hellip;]<\/p>\n","protected":false},"author":163,"featured_media":0,"parent":99,"menu_order":0,"comment_status":"closed","ping_status":"closed","template":"","meta":{"_acf_changed":false,"footnotes":""},"class_list":["post-122","page","type-page","status-publish","hentry"],"acf":[],"_links":{"self":[{"href":"https:\/\/sites.uwasa.fi\/ydire\/wp-json\/wp\/v2\/pages\/122"}],"collection":[{"href":"https:\/\/sites.uwasa.fi\/ydire\/wp-json\/wp\/v2\/pages"}],"about":[{"href":"https:\/\/sites.uwasa.fi\/ydire\/wp-json\/wp\/v2\/types\/page"}],"author":[{"embeddable":true,"href":"https:\/\/sites.uwasa.fi\/ydire\/wp-json\/wp\/v2\/users\/163"}],"replies":[{"embeddable":true,"href":"https:\/\/sites.uwasa.fi\/ydire\/wp-json\/wp\/v2\/comments?post=122"}],"version-history":[{"count":6,"href":"https:\/\/sites.uwasa.fi\/ydire\/wp-json\/wp\/v2\/pages\/122\/revisions"}],"predecessor-version":[{"id":200,"href":"https:\/\/sites.uwasa.fi\/ydire\/wp-json\/wp\/v2\/pages\/122\/revisions\/200"}],"up":[{"embeddable":true,"href":"https:\/\/sites.uwasa.fi\/ydire\/wp-json\/wp\/v2\/pages\/99"}],"wp:attachment":[{"href":"https:\/\/sites.uwasa.fi\/ydire\/wp-json\/wp\/v2\/media?parent=122"}],"curies":[{"name":"wp","href":"https:\/\/api.w.org\/{rel}","templated":true}]}}