{"id":60,"date":"2022-02-18T13:05:37","date_gmt":"2022-02-18T11:05:37","guid":{"rendered":"https:\/\/sites.uwasa.fi\/wasteinsight\/?page_id=60"},"modified":"2025-01-14T09:06:05","modified_gmt":"2025-01-14T07:06:05","slug":"yhteystiedot-ja-osaaminen","status":"publish","type":"page","link":"https:\/\/sites.uwasa.fi\/wasteinsight\/yhteystiedot-ja-osaaminen\/","title":{"rendered":"Keit\u00e4 olemme | yhteys"},"content":{"rendered":"<h4><img loading=\"lazy\" decoding=\"async\" class=\"wp-image-486 size-large alignnone\" src=\"https:\/\/sites.uwasa.fi\/wasteinsight\/wp-content\/blogs.dir\/4\/files\/sites\/151\/2023\/10\/waste-insight-logo-vaerillinen-1024x392.png\" alt=\"\" width=\"640\" height=\"245\" srcset=\"https:\/\/sites.uwasa.fi\/wasteinsight\/wp-content\/blogs.dir\/4\/files\/sites\/151\/2023\/10\/waste-insight-logo-vaerillinen-1024x392.png 1024w, https:\/\/sites.uwasa.fi\/wasteinsight\/wp-content\/blogs.dir\/4\/files\/sites\/151\/2023\/10\/waste-insight-logo-vaerillinen-300x115.png 300w, https:\/\/sites.uwasa.fi\/wasteinsight\/wp-content\/blogs.dir\/4\/files\/sites\/151\/2023\/10\/waste-insight-logo-vaerillinen-768x294.png 768w, https:\/\/sites.uwasa.fi\/wasteinsight\/wp-content\/blogs.dir\/4\/files\/sites\/151\/2023\/10\/waste-insight-logo-vaerillinen.png 1080w\" sizes=\"(max-width: 640px) 100vw, 640px\" \/><\/h4>\n<h4><\/h4>\n<h4><\/h4>\n<p>&nbsp;<\/p>\n<h4>Haasteena ruokah\u00e4vikki?<\/h4>\n<p>Kerromme mielell\u00e4mme lis\u00e4\u00e4 ty\u00f6st\u00e4mme ja tuloksistamme ruokah\u00e4vikin v\u00e4hent\u00e4miseksi &#8211; ollaan siis yhteydess\u00e4!<\/p>\n<p>Laita viesti\u00e4 <strong>wasteinsight@uwasa.fi<\/strong>.<\/p>\n<p>&nbsp;<\/p>\n<h3>Juha V\u00e4nsk\u00e4<\/h3>\n<p>Kehitysp\u00e4\u00e4llikk\u00f6<br \/>\nYliopistopalvelut, Tutkimuksen palvelut ja tutkijakoulu<br \/>\n029 449 8331<br \/>\netunimi.sukunimi(at)uwasa.fi<\/p>\n<p>&nbsp;<\/p>\n<h3>Juha Arrasvuori<\/h3>\n<p>Yliopistotutkija\u00a0FT\u00a0Juha Arrasvuori on innovaatioiden tutkija ja kehitt\u00e4j\u00e4, joka on\u00a0kiinnostunut digitaalisen teknologian\u00a0\u200bhy\u00f6dynt\u00e4misest\u00e4 tosimaailman ongelmien ratkaisemiseen.<\/p>\n<p>Tekniikan ja innovaatiojohtamisen yksikk\u00f6, SC-Research<br \/>\netunimi.sukunimi(at)uwasa.fi<\/p>\n<p>&nbsp;<\/p>\n<h3>Arja Kuusisto<\/h3>\n<p>Tutkimusp\u00e4\u00e4llikk\u00f6 Arja Kuusisto on v\u00e4itellyt Helsingin kauppakorkeakoulusta (Aalto yliopisto) markkinointiviestinn\u00e4n alalta. Arjan ty\u00f6 on keskittynyt k\u00e4ytt\u00e4j\u00e4l\u00e4ht\u00f6iseen kehitt\u00e4miseen, k\u00e4ytt\u00e4j\u00e4innovaatioihin sek\u00e4 avoimeen innovaatiotoimintaan eri toimialoilla ja erityyppisiss\u00e4 organisaatioissa.<\/p>\n<p>Tekniikan ja innovaatiojohtamisen yksikk\u00f6, SC-Research<br \/>\netunimi.sukunimi(at)uwasa.fi<\/p>\n<p>&nbsp;<\/p>\n<h3>Jyri Nieminen<\/h3>\n<p>Ohjelmistokehitt\u00e4j\u00e4 Vaasa Energy Business Innovation Centre -alustalla. Erityisosaamisena verkkosivustot ja -applikaatiot. Mukana NextGen &#8211; tulevaisuuden h\u00e4vikki\u00e4 v\u00e4hent\u00e4v\u00e4 buffetruokailu -hankkeessa.<\/p>\n<p>Vaasa Energy Business Innovation Centre<br \/>\netunimi.sukunimi(at)uwasa.fi<\/p>\n<p>&nbsp;<\/p>\n<h3>Joni Piispanen<\/h3>\n<p>Koordinaattori VME interaction design laboratoriossa. Projektitutkijana NextGen -hankkeessa.<\/p>\n<p>Markkinoinnin ja viestinn\u00e4n yksikk\u00f6<br \/>\netunimi.sukunimi(at)uwasa.fi<\/p>\n<p>&nbsp;<\/p>\n<h3>Pirjo Yli-Viitala<\/h3>\n<p>Projektitutkija<br \/>\nTekniikan ja innovaatiojohtamisen yksikk\u00f6, SC-Research<br \/>\netunimi.sukunimi(at)uwasa.fi<\/p>\n<p>&nbsp;<\/p>\n","protected":false},"excerpt":{"rendered":"<p>&nbsp; Haasteena ruokah\u00e4vikki? Kerromme mielell\u00e4mme lis\u00e4\u00e4 ty\u00f6st\u00e4mme ja tuloksistamme ruokah\u00e4vikin v\u00e4hent\u00e4miseksi &#8211; ollaan siis yhteydess\u00e4! Laita viesti\u00e4 wasteinsight@uwasa.fi. &nbsp; Juha V\u00e4nsk\u00e4 Kehitysp\u00e4\u00e4llikk\u00f6 Yliopistopalvelut, Tutkimuksen palvelut ja tutkijakoulu 029 449 8331 etunimi.sukunimi(at)uwasa.fi &nbsp; Juha Arrasvuori Yliopistotutkija\u00a0FT\u00a0Juha Arrasvuori on innovaatioiden tutkija ja kehitt\u00e4j\u00e4, joka on\u00a0kiinnostunut digitaalisen teknologian\u00a0\u200bhy\u00f6dynt\u00e4misest\u00e4 tosimaailman ongelmien ratkaisemiseen. Tekniikan ja innovaatiojohtamisen yksikk\u00f6, SC-Research etunimi.sukunimi(at)uwasa.fi &nbsp; [&hellip;]<\/p>\n","protected":false},"author":356,"featured_media":0,"parent":0,"menu_order":0,"comment_status":"closed","ping_status":"closed","template":"","meta":{"_acf_changed":false,"footnotes":""},"class_list":["post-60","page","type-page","status-publish","hentry"],"acf":[],"_links":{"self":[{"href":"https:\/\/sites.uwasa.fi\/wasteinsight\/wp-json\/wp\/v2\/pages\/60"}],"collection":[{"href":"https:\/\/sites.uwasa.fi\/wasteinsight\/wp-json\/wp\/v2\/pages"}],"about":[{"href":"https:\/\/sites.uwasa.fi\/wasteinsight\/wp-json\/wp\/v2\/types\/page"}],"author":[{"embeddable":true,"href":"https:\/\/sites.uwasa.fi\/wasteinsight\/wp-json\/wp\/v2\/users\/356"}],"replies":[{"embeddable":true,"href":"https:\/\/sites.uwasa.fi\/wasteinsight\/wp-json\/wp\/v2\/comments?post=60"}],"version-history":[{"count":22,"href":"https:\/\/sites.uwasa.fi\/wasteinsight\/wp-json\/wp\/v2\/pages\/60\/revisions"}],"predecessor-version":[{"id":567,"href":"https:\/\/sites.uwasa.fi\/wasteinsight\/wp-json\/wp\/v2\/pages\/60\/revisions\/567"}],"wp:attachment":[{"href":"https:\/\/sites.uwasa.fi\/wasteinsight\/wp-json\/wp\/v2\/media?parent=60"}],"curies":[{"name":"wp","href":"https:\/\/api.w.org\/{rel}","templated":true}]}}