{"id":245,"date":"2022-08-05T10:31:24","date_gmt":"2022-08-05T07:31:24","guid":{"rendered":"https:\/\/sites.uwasa.fi\/wasteinsight\/?page_id=245"},"modified":"2023-11-22T15:36:24","modified_gmt":"2023-11-22T13:36:24","slug":"pajatso-koulutusmateriaali","status":"publish","type":"page","link":"https:\/\/sites.uwasa.fi\/wasteinsight\/materiaalipankki\/pajatso-koulutusmateriaali\/","title":{"rendered":"PAJATSO-kurssimateriaalit h\u00e4vikin v\u00e4hent\u00e4miseen"},"content":{"rendered":"<p><img loading=\"lazy\" decoding=\"async\" class=\"alignnone wp-image-416 size-full\" src=\"https:\/\/sites.uwasa.fi\/wasteinsight\/wp-content\/blogs.dir\/4\/files\/sites\/151\/2023\/01\/ruokahavikki-haltuun-koulutusmateriaalit.png\" alt=\"\" width=\"1640\" height=\"924\" srcset=\"https:\/\/sites.uwasa.fi\/wasteinsight\/wp-content\/blogs.dir\/4\/files\/sites\/151\/2023\/01\/ruokahavikki-haltuun-koulutusmateriaalit.png 1640w, https:\/\/sites.uwasa.fi\/wasteinsight\/wp-content\/blogs.dir\/4\/files\/sites\/151\/2023\/01\/ruokahavikki-haltuun-koulutusmateriaalit-300x169.png 300w, https:\/\/sites.uwasa.fi\/wasteinsight\/wp-content\/blogs.dir\/4\/files\/sites\/151\/2023\/01\/ruokahavikki-haltuun-koulutusmateriaalit-1024x576.png 1024w, https:\/\/sites.uwasa.fi\/wasteinsight\/wp-content\/blogs.dir\/4\/files\/sites\/151\/2023\/01\/ruokahavikki-haltuun-koulutusmateriaalit-768x433.png 768w, https:\/\/sites.uwasa.fi\/wasteinsight\/wp-content\/blogs.dir\/4\/files\/sites\/151\/2023\/01\/ruokahavikki-haltuun-koulutusmateriaalit-1536x865.png 1536w, https:\/\/sites.uwasa.fi\/wasteinsight\/wp-content\/blogs.dir\/4\/files\/sites\/151\/2023\/01\/ruokahavikki-haltuun-koulutusmateriaalit-320x180.png 320w, https:\/\/sites.uwasa.fi\/wasteinsight\/wp-content\/blogs.dir\/4\/files\/sites\/151\/2023\/01\/ruokahavikki-haltuun-koulutusmateriaalit-640x360.png 640w, https:\/\/sites.uwasa.fi\/wasteinsight\/wp-content\/blogs.dir\/4\/files\/sites\/151\/2023\/01\/ruokahavikki-haltuun-koulutusmateriaalit-1280x720.png 1280w, https:\/\/sites.uwasa.fi\/wasteinsight\/wp-content\/blogs.dir\/4\/files\/sites\/151\/2023\/01\/ruokahavikki-haltuun-koulutusmateriaalit-1600x900.png 1600w\" sizes=\"(max-width: 1640px) 100vw, 1640px\" \/><\/p>\n<p><span style=\"font-size: large\"> Tutustu ja hy\u00f6dynn\u00e4 <strong>Ruokah\u00e4vikki haltuun! -kurssin koulutusmateriaali<\/strong> <strong>ravitsemispalveluiden ammattilaisille, alan opiskelijoille ja opettajille<\/strong>.\u200b Koulutusmateriaali on tuotettu oppimis- ja yhteisty\u00f6alusta PAJATSOlle osana <a href=\"https:\/\/www.uwasa.fi\/fi\/tutkimus\/hankkeet\/ruokahavikin-liiketoimintaekosysteemia-rakentamassa-pajatso\">Ruokah\u00e4vikin liiketoimintaekosysteemi\u00e4 rakentamassa<\/a> eli PAJATSO-hanketta. Hankeen on rahoittanut Euroopan aluekehitysrahasto EAKR. <\/span><\/p>\n","protected":false},"excerpt":{"rendered":"<p>Tutustu ja hy\u00f6dynn\u00e4 Ruokah\u00e4vikki haltuun! -kurssin koulutusmateriaali ravitsemispalveluiden ammattilaisille, alan opiskelijoille ja opettajille.\u200b Koulutusmateriaali on tuotettu oppimis- ja yhteisty\u00f6alusta PAJATSOlle osana Ruokah\u00e4vikin liiketoimintaekosysteemi\u00e4 rakentamassa eli PAJATSO-hanketta. Hankeen on rahoittanut Euroopan aluekehitysrahasto EAKR.<\/p>\n","protected":false},"author":356,"featured_media":0,"parent":106,"menu_order":1,"comment_status":"closed","ping_status":"closed","template":"","meta":{"_acf_changed":false,"footnotes":""},"class_list":["post-245","page","type-page","status-publish","hentry"],"acf":[],"_links":{"self":[{"href":"https:\/\/sites.uwasa.fi\/wasteinsight\/wp-json\/wp\/v2\/pages\/245"}],"collection":[{"href":"https:\/\/sites.uwasa.fi\/wasteinsight\/wp-json\/wp\/v2\/pages"}],"about":[{"href":"https:\/\/sites.uwasa.fi\/wasteinsight\/wp-json\/wp\/v2\/types\/page"}],"author":[{"embeddable":true,"href":"https:\/\/sites.uwasa.fi\/wasteinsight\/wp-json\/wp\/v2\/users\/356"}],"replies":[{"embeddable":true,"href":"https:\/\/sites.uwasa.fi\/wasteinsight\/wp-json\/wp\/v2\/comments?post=245"}],"version-history":[{"count":41,"href":"https:\/\/sites.uwasa.fi\/wasteinsight\/wp-json\/wp\/v2\/pages\/245\/revisions"}],"predecessor-version":[{"id":504,"href":"https:\/\/sites.uwasa.fi\/wasteinsight\/wp-json\/wp\/v2\/pages\/245\/revisions\/504"}],"up":[{"embeddable":true,"href":"https:\/\/sites.uwasa.fi\/wasteinsight\/wp-json\/wp\/v2\/pages\/106"}],"wp:attachment":[{"href":"https:\/\/sites.uwasa.fi\/wasteinsight\/wp-json\/wp\/v2\/media?parent=245"}],"curies":[{"name":"wp","href":"https:\/\/api.w.org\/{rel}","templated":true}]}}