{"id":41,"date":"2020-10-08T17:17:10","date_gmt":"2020-10-08T14:17:10","guid":{"rendered":"https:\/\/sites.uwasa.fi\/vyty\/?page_id=41"},"modified":"2022-01-17T12:46:08","modified_gmt":"2022-01-17T10:46:08","slug":"contact-information","status":"publish","type":"page","link":"https:\/\/sites.uwasa.fi\/vyty\/contact-information\/","title":{"rendered":"Contact information"},"content":{"rendered":"<p><strong>Chair<\/strong><br \/>\nTeemu M\u00e4enp\u00e4\u00e4<br \/>\n+35829 449 8301<br \/>\nfirstname.lastname@uwasa.fi<\/p>\n<p><strong>Shop steward<br \/>\n<\/strong>Teemu M\u00e4enp\u00e4\u00e4<br \/>\nfirstname.lasname@uwasa.fi<br \/>\n+35829 449 8301<\/p>\n<p><strong>Deputy shop steward<br \/>\n<\/strong>Niina Nissil\u00e4<br \/>\nfirstname.lasname@uwasa.fi<br \/>\n+358 29 449 8394<\/p>\n","protected":false},"excerpt":{"rendered":"<p>Chair Teemu M\u00e4enp\u00e4\u00e4 +35829 449 8301 firstname.lastname@uwasa.fi Shop steward Teemu M\u00e4enp\u00e4\u00e4 firstname.lasname@uwasa.fi +35829 449 8301 Deputy shop steward Niina Nissil\u00e4 firstname.lasname@uwasa.fi +358 29 449 8394<\/p>\n","protected":false},"author":58,"featured_media":0,"parent":0,"menu_order":0,"comment_status":"closed","ping_status":"closed","template":"","meta":{"_acf_changed":false,"footnotes":""},"class_list":["post-41","page","type-page","status-publish","hentry"],"acf":[],"_links":{"self":[{"href":"https:\/\/sites.uwasa.fi\/vyty\/wp-json\/wp\/v2\/pages\/41"}],"collection":[{"href":"https:\/\/sites.uwasa.fi\/vyty\/wp-json\/wp\/v2\/pages"}],"about":[{"href":"https:\/\/sites.uwasa.fi\/vyty\/wp-json\/wp\/v2\/types\/page"}],"author":[{"embeddable":true,"href":"https:\/\/sites.uwasa.fi\/vyty\/wp-json\/wp\/v2\/users\/58"}],"replies":[{"embeddable":true,"href":"https:\/\/sites.uwasa.fi\/vyty\/wp-json\/wp\/v2\/comments?post=41"}],"version-history":[{"count":4,"href":"https:\/\/sites.uwasa.fi\/vyty\/wp-json\/wp\/v2\/pages\/41\/revisions"}],"predecessor-version":[{"id":80,"href":"https:\/\/sites.uwasa.fi\/vyty\/wp-json\/wp\/v2\/pages\/41\/revisions\/80"}],"wp:attachment":[{"href":"https:\/\/sites.uwasa.fi\/vyty\/wp-json\/wp\/v2\/media?parent=41"}],"curies":[{"name":"wp","href":"https:\/\/api.w.org\/{rel}","templated":true}]}}