{"id":38,"date":"2020-10-08T17:15:32","date_gmt":"2020-10-08T14:15:32","guid":{"rendered":"https:\/\/sites.uwasa.fi\/vyty\/?page_id=38"},"modified":"2026-01-28T13:53:14","modified_gmt":"2026-01-28T11:53:14","slug":"board-and-elected-officials","status":"publish","type":"page","link":"https:\/\/sites.uwasa.fi\/vyty\/board-and-elected-officials\/","title":{"rendered":"Board and Elected Officials 2026"},"content":{"rendered":"<p><strong>VYTY Board 2026<\/strong><\/p>\n<p><strong>Chair,<\/strong>\u00a0Teemu M\u00e4enp\u00e4\u00e4<br \/>\nfirstname.lastname@uwasa.fi<br \/>\n+358 29 449 8301<\/p>\n<p><strong>Vice chair,<\/strong> Khuram Shahzad<br \/>\n+358 29 449 8584<br \/>\nfirstname.lastname@uwasa.fi<\/p>\n<p><strong>Secretary, <\/strong>Liisa K\u00e4\u00e4nt\u00e4<br \/>\n+358 29 449 8375<br \/>\nfirstname.lastname@uwasa.fi<\/p>\n<p><strong>Information officer, <\/strong>Rimsha Naeem<br \/>\nfirstname.lastname@uwasa.fi<\/p>\n<p><strong>Member Secretary,<\/strong> Emmanuel Ndzibah<br \/>\n+358 29 449 8315<br \/>\nfirstname.lastname@uwasa.fi<\/p>\n<p>&nbsp;<\/p>\n<p><em>Deputy board members<\/em><\/p>\n<p><strong>Treasurer, <\/strong>Hossein Naderian<br \/>\n+358 29 449 8311<br \/>\nfirstname.lastname@uwasa.fi<\/p>\n<p><strong>Member Secretary,<\/strong> Ines Simoes de Brito Peixoto<br \/>\n+358 29 449 8335<br \/>\nfirstname.lastname@uwasa.fi<\/p>\n<p>&nbsp;<\/p>\n<p><strong>Shop steward<\/strong>: Teemu M\u00e4enp\u00e4\u00e4<br \/>\n+35829 449 8301<br \/>\nfirstname.lastname@uwasa.fi<\/p>\n<p><strong>Deputy shop steward<\/strong>: Niina Nissil\u00e4<br \/>\n+358 29 449 8394<br \/>\nfirstname.lastname@uwasa.fi<\/p>\n","protected":false},"excerpt":{"rendered":"<p>VYTY Board 2026 Chair,\u00a0Teemu M\u00e4enp\u00e4\u00e4 firstname.lastname@uwasa.fi +358 29 449 8301 Vice chair, Khuram Shahzad +358 29 449 8584 firstname.lastname@uwasa.fi Secretary, Liisa K\u00e4\u00e4nt\u00e4 +358 29 449 8375 firstname.lastname@uwasa.fi Information officer, Rimsha Naeem firstname.lastname@uwasa.fi Member Secretary, Emmanuel Ndzibah +358 29 449 8315 firstname.lastname@uwasa.fi &nbsp; Deputy board members Treasurer, Hossein Naderian +358 29 449 8311 firstname.lastname@uwasa.fi Member Secretary, [&hellip;]<\/p>\n","protected":false},"author":58,"featured_media":0,"parent":0,"menu_order":0,"comment_status":"closed","ping_status":"closed","template":"","meta":{"_acf_changed":false,"footnotes":""},"class_list":["post-38","page","type-page","status-publish","hentry"],"acf":[],"_links":{"self":[{"href":"https:\/\/sites.uwasa.fi\/vyty\/wp-json\/wp\/v2\/pages\/38"}],"collection":[{"href":"https:\/\/sites.uwasa.fi\/vyty\/wp-json\/wp\/v2\/pages"}],"about":[{"href":"https:\/\/sites.uwasa.fi\/vyty\/wp-json\/wp\/v2\/types\/page"}],"author":[{"embeddable":true,"href":"https:\/\/sites.uwasa.fi\/vyty\/wp-json\/wp\/v2\/users\/58"}],"replies":[{"embeddable":true,"href":"https:\/\/sites.uwasa.fi\/vyty\/wp-json\/wp\/v2\/comments?post=38"}],"version-history":[{"count":16,"href":"https:\/\/sites.uwasa.fi\/vyty\/wp-json\/wp\/v2\/pages\/38\/revisions"}],"predecessor-version":[{"id":113,"href":"https:\/\/sites.uwasa.fi\/vyty\/wp-json\/wp\/v2\/pages\/38\/revisions\/113"}],"wp:attachment":[{"href":"https:\/\/sites.uwasa.fi\/vyty\/wp-json\/wp\/v2\/media?parent=38"}],"curies":[{"name":"wp","href":"https:\/\/api.w.org\/{rel}","templated":true}]}}