{"id":20,"date":"2020-10-08T16:52:38","date_gmt":"2020-10-08T13:52:38","guid":{"rendered":"https:\/\/sites.uwasa.fi\/vyty\/?page_id=20"},"modified":"2022-01-17T12:41:39","modified_gmt":"2022-01-17T10:41:39","slug":"yhteystiedot","status":"publish","type":"page","link":"https:\/\/sites.uwasa.fi\/vyty\/yhteystiedot\/","title":{"rendered":"Yhteystiedot"},"content":{"rendered":"<div id=\"article\">\n<p><strong>Puheenjohtaja<\/strong><br \/>\nTeemu M\u00e4enp\u00e4\u00e4<br \/>\n+35829 449 8301<br \/>\netunimi.sukunimi@uwasa.fi<\/p>\n<p><strong>Luottamusmies<\/strong>: Teemu M\u00e4enp\u00e4\u00e4<br \/>\n+35829 449 8301<br \/>\netunimi.sukunimi@uwasa.fi<\/p>\n<p><strong>Varaluottamusmies<\/strong>: Niina Nissil\u00e4<br \/>\netunimi.sukunimi@uwasa.fi<br \/>\n+358 29 449 8394<\/p>\n<p>&nbsp;<\/p>\n<\/div>\n","protected":false},"excerpt":{"rendered":"<p>Puheenjohtaja Teemu M\u00e4enp\u00e4\u00e4 +35829 449 8301 etunimi.sukunimi@uwasa.fi Luottamusmies: Teemu M\u00e4enp\u00e4\u00e4 +35829 449 8301 etunimi.sukunimi@uwasa.fi Varaluottamusmies: Niina Nissil\u00e4 etunimi.sukunimi@uwasa.fi +358 29 449 8394 &nbsp;<\/p>\n","protected":false},"author":58,"featured_media":0,"parent":0,"menu_order":0,"comment_status":"closed","ping_status":"closed","template":"","meta":{"_acf_changed":false,"footnotes":""},"class_list":["post-20","page","type-page","status-publish","hentry"],"acf":[],"_links":{"self":[{"href":"https:\/\/sites.uwasa.fi\/vyty\/wp-json\/wp\/v2\/pages\/20"}],"collection":[{"href":"https:\/\/sites.uwasa.fi\/vyty\/wp-json\/wp\/v2\/pages"}],"about":[{"href":"https:\/\/sites.uwasa.fi\/vyty\/wp-json\/wp\/v2\/types\/page"}],"author":[{"embeddable":true,"href":"https:\/\/sites.uwasa.fi\/vyty\/wp-json\/wp\/v2\/users\/58"}],"replies":[{"embeddable":true,"href":"https:\/\/sites.uwasa.fi\/vyty\/wp-json\/wp\/v2\/comments?post=20"}],"version-history":[{"count":6,"href":"https:\/\/sites.uwasa.fi\/vyty\/wp-json\/wp\/v2\/pages\/20\/revisions"}],"predecessor-version":[{"id":77,"href":"https:\/\/sites.uwasa.fi\/vyty\/wp-json\/wp\/v2\/pages\/20\/revisions\/77"}],"wp:attachment":[{"href":"https:\/\/sites.uwasa.fi\/vyty\/wp-json\/wp\/v2\/media?parent=20"}],"curies":[{"name":"wp","href":"https:\/\/api.w.org\/{rel}","templated":true}]}}