{"id":2,"date":"2020-02-14T10:51:01","date_gmt":"2020-02-14T08:51:01","guid":{"rendered":"https:\/\/sites.uwasa.fi\/vyty\/?page_id=2"},"modified":"2020-10-19T13:55:55","modified_gmt":"2020-10-19T10:55:55","slug":"esimerkkisivu","status":"publish","type":"page","link":"https:\/\/sites.uwasa.fi\/vyty\/","title":{"rendered":"Vaasan yliopiston tieteentekij\u00e4t VYTY ry"},"content":{"rendered":"<div id=\"article\">\n<p>Vaasan yliopiston tieteentekij\u00e4t eli VYTY on Tieteentekij\u00f6iden liiton j\u00e4senyhdistys (<a href=\"https:\/\/tieteentekijat.fi\/\" target=\"_blank\" rel=\"noopener noreferrer\">https:\/\/tieteentekijat.fi\/<\/a>). J\u00e4senist\u00f6\u00f6n kuuluu laajasti Vaasan yliopiston henkil\u00f6st\u00f6\u00e4, mm. v\u00e4it\u00f6skirjatutkijoita, assistentteja, lehtoreita, apurahatutkijoita, muita tutkijoita ja muuta henkil\u00f6st\u00f6\u00e4. VYTY ry onkin Vaasan yliopiston tutkimus- ja opetushenkil\u00f6st\u00f6n suurin edunvalvoja.<\/p>\n<p>Yhdistys toimii aktiivisesti j\u00e4senist\u00f6n etujen valvojana paikallisella tasolla ja pyrkii kehitt\u00e4m\u00e4\u00e4n yliopiston ty\u00f6olosuhteita ja henkil\u00f6st\u00f6n asemaa. VYTY:ll\u00e4 on edustaja mm. hallituksessa, akateemisten yksik\u00f6iden johtoryhmiss\u00e4, OPHE-arviointiryhm\u00e4ss\u00e4, yhteistoimintaneuvostossa ja ty\u00f6suojelutoimikunnassa.<\/p>\n<p>Yhdistys j\u00e4rjest\u00e4\u00e4 s\u00e4\u00e4nn\u00f6llisesti j\u00e4senist\u00f6lleen virkistystoimintaa ja tapahtumia, joissa on helppo tutustua muiden tiedekuntien ja oppiaineiden henkil\u00f6kuntaan.<\/p>\n<p>Tieteentekij\u00f6iden liitto, johon VYTY kuuluu, on AKAVAn ja Julkisalan koulutettujen neuvotteluj\u00e4rjest\u00f6n JUKO:n j\u00e4senj\u00e4rjest\u00f6.<\/p>\n<\/div>\n","protected":false},"excerpt":{"rendered":"<p>Vaasan yliopiston tieteentekij\u00e4t eli VYTY on Tieteentekij\u00f6iden liiton j\u00e4senyhdistys (https:\/\/tieteentekijat.fi\/). J\u00e4senist\u00f6\u00f6n kuuluu laajasti Vaasan yliopiston henkil\u00f6st\u00f6\u00e4, mm. v\u00e4it\u00f6skirjatutkijoita, assistentteja, lehtoreita, apurahatutkijoita, muita tutkijoita ja muuta henkil\u00f6st\u00f6\u00e4. VYTY ry onkin Vaasan yliopiston tutkimus- ja opetushenkil\u00f6st\u00f6n suurin edunvalvoja. Yhdistys toimii aktiivisesti j\u00e4senist\u00f6n etujen valvojana paikallisella tasolla ja pyrkii kehitt\u00e4m\u00e4\u00e4n yliopiston ty\u00f6olosuhteita ja henkil\u00f6st\u00f6n asemaa. VYTY:ll\u00e4 on edustaja [&hellip;]<\/p>\n","protected":false},"author":58,"featured_media":0,"parent":0,"menu_order":0,"comment_status":"closed","ping_status":"open","template":"","meta":{"_acf_changed":false,"footnotes":""},"class_list":["post-2","page","type-page","status-publish","hentry"],"acf":[],"_links":{"self":[{"href":"https:\/\/sites.uwasa.fi\/vyty\/wp-json\/wp\/v2\/pages\/2"}],"collection":[{"href":"https:\/\/sites.uwasa.fi\/vyty\/wp-json\/wp\/v2\/pages"}],"about":[{"href":"https:\/\/sites.uwasa.fi\/vyty\/wp-json\/wp\/v2\/types\/page"}],"author":[{"embeddable":true,"href":"https:\/\/sites.uwasa.fi\/vyty\/wp-json\/wp\/v2\/users\/58"}],"replies":[{"embeddable":true,"href":"https:\/\/sites.uwasa.fi\/vyty\/wp-json\/wp\/v2\/comments?post=2"}],"version-history":[{"count":4,"href":"https:\/\/sites.uwasa.fi\/vyty\/wp-json\/wp\/v2\/pages\/2\/revisions"}],"predecessor-version":[{"id":19,"href":"https:\/\/sites.uwasa.fi\/vyty\/wp-json\/wp\/v2\/pages\/2\/revisions\/19"}],"wp:attachment":[{"href":"https:\/\/sites.uwasa.fi\/vyty\/wp-json\/wp\/v2\/media?parent=2"}],"curies":[{"name":"wp","href":"https:\/\/api.w.org\/{rel}","templated":true}]}}