{"id":17,"date":"2020-10-08T16:49:43","date_gmt":"2020-10-08T13:49:43","guid":{"rendered":"https:\/\/sites.uwasa.fi\/vyty\/?page_id=17"},"modified":"2026-01-28T13:35:39","modified_gmt":"2026-01-28T11:35:39","slug":"hallitus-ja-luottamushenkilot","status":"publish","type":"page","link":"https:\/\/sites.uwasa.fi\/vyty\/hallitus-ja-luottamushenkilot\/","title":{"rendered":"Hallitus ja luottamushenkil\u00f6t 2026"},"content":{"rendered":"<p><strong>VYTYn hallitus 2026<\/strong><\/p>\n<p><strong><em>Puheenjohtaja ja varsinaiset j\u00e4senet<\/em><\/strong><\/p>\n<p><strong>Puheenjohtaja,<\/strong>\u00a0Teemu M\u00e4enp\u00e4\u00e4<br \/>\netunimi.sukunimi@uwasa.fi<br \/>\n+358 29 449 8301<\/p>\n<p><strong>Varapuheenjohtaja,<\/strong> Khuram Shahzad<br \/>\netunimi.sukunimi@uwasa.fi<br \/>\n+358 29 449 8584<\/p>\n<p><strong>Sihteeri,<\/strong> Liisa K\u00e4\u00e4nt\u00e4<br \/>\netunimi.sukunimi@uwasa.fi<br \/>\n+358 29 449 8375<\/p>\n<p><strong>Tiedotusvastaava, <\/strong>Rimsha Naeem<br \/>\netunimi.sukunimi@uwasa.fi<\/p>\n<p><strong>J\u00e4sensihteeri,\u00a0<\/strong>Emmanuel Ndzibah<br \/>\netunimi.sukunimi@uwasa.fi<br \/>\n+358 29 449 8315<\/p>\n<p><strong><em>\u00a0<\/em><\/strong><strong><em>Varaj\u00e4senet<\/em><\/strong><\/p>\n<p><strong>Rahastonhoitaja<\/strong>, Hossein Naderian<br \/>\n+358 29 449 8311<br \/>\netunimi.sukunimi@uwasa.fi<\/p>\n<p><strong>J\u00e4sensihteeri, <\/strong>Ines Simoes de Brito Peixoto<br \/>\n+358 29 449 8335<br \/>\netunimi.sukunimi@uwasa.fi<\/p>\n<p>&nbsp;<\/p>\n<p><strong>Luottamusmies,<\/strong>\u00a0Teemu M\u00e4enp\u00e4\u00e4<br \/>\n+35829 449 8301<br \/>\netunimi.sukunimi@uwasa.fi<\/p>\n<p><strong>Varaluottamusmies,<\/strong>\u00a0Niina Nissil\u00e4<br \/>\n+358 29 449 8394<br \/>\netunimi.sukunimi@uwasa.fi<\/p>\n","protected":false},"excerpt":{"rendered":"<p>VYTYn hallitus 2026 Puheenjohtaja ja varsinaiset j\u00e4senet Puheenjohtaja,\u00a0Teemu M\u00e4enp\u00e4\u00e4 etunimi.sukunimi@uwasa.fi +358 29 449 8301 Varapuheenjohtaja, Khuram Shahzad etunimi.sukunimi@uwasa.fi +358 29 449 8584 Sihteeri, Liisa K\u00e4\u00e4nt\u00e4 etunimi.sukunimi@uwasa.fi +358 29 449 8375 Tiedotusvastaava, Rimsha Naeem etunimi.sukunimi@uwasa.fi J\u00e4sensihteeri,\u00a0Emmanuel Ndzibah etunimi.sukunimi@uwasa.fi +358 29 449 8315 \u00a0Varaj\u00e4senet Rahastonhoitaja, Hossein Naderian +358 29 449 8311 etunimi.sukunimi@uwasa.fi J\u00e4sensihteeri, Ines Simoes de Brito [&hellip;]<\/p>\n","protected":false},"author":58,"featured_media":0,"parent":0,"menu_order":0,"comment_status":"closed","ping_status":"closed","template":"","meta":{"_acf_changed":false,"footnotes":""},"class_list":["post-17","page","type-page","status-publish","hentry"],"acf":[],"_links":{"self":[{"href":"https:\/\/sites.uwasa.fi\/vyty\/wp-json\/wp\/v2\/pages\/17"}],"collection":[{"href":"https:\/\/sites.uwasa.fi\/vyty\/wp-json\/wp\/v2\/pages"}],"about":[{"href":"https:\/\/sites.uwasa.fi\/vyty\/wp-json\/wp\/v2\/types\/page"}],"author":[{"embeddable":true,"href":"https:\/\/sites.uwasa.fi\/vyty\/wp-json\/wp\/v2\/users\/58"}],"replies":[{"embeddable":true,"href":"https:\/\/sites.uwasa.fi\/vyty\/wp-json\/wp\/v2\/comments?post=17"}],"version-history":[{"count":13,"href":"https:\/\/sites.uwasa.fi\/vyty\/wp-json\/wp\/v2\/pages\/17\/revisions"}],"predecessor-version":[{"id":109,"href":"https:\/\/sites.uwasa.fi\/vyty\/wp-json\/wp\/v2\/pages\/17\/revisions\/109"}],"wp:attachment":[{"href":"https:\/\/sites.uwasa.fi\/vyty\/wp-json\/wp\/v2\/media?parent=17"}],"curies":[{"name":"wp","href":"https:\/\/api.w.org\/{rel}","templated":true}]}}