{"id":13,"date":"2020-10-08T16:46:34","date_gmt":"2020-10-08T13:46:34","guid":{"rendered":"https:\/\/sites.uwasa.fi\/vyty\/?page_id=13"},"modified":"2022-02-07T14:26:41","modified_gmt":"2022-02-07T12:26:41","slug":"jasenmaksu","status":"publish","type":"page","link":"https:\/\/sites.uwasa.fi\/vyty\/jasenmaksu\/","title":{"rendered":"J\u00e4senmaksu"},"content":{"rendered":"<p><span data-contrast=\"none\">Tieteentekij\u00f6iden j\u00e4senmaksu<\/span> on 1 % ennakonpid\u00e4tyksen alaisista p\u00e4\u00e4toimesta maksetuista palkoista, kuitenkin v\u00e4hint\u00e4\u00e4n 96 euroa ja korkeintaan 600 euroa vuodessa. J\u00e4senmaksu perit\u00e4\u00e4n kaikesta ennakonpid\u00e4tyksen alaisesta palkkatulosta, mukaan lukien lomakorvaukset, lomaraha, luontaisedut ja ns. tukipaketit irtisanomistilanteissa. J\u00e4senmaksua ei perit\u00e4 bonuksista, optioista tai tulospalkkioista. Palkallista ja palkatonta aikaa ei tarvitse yhdist\u00e4\u00e4 saman kuukauden j\u00e4senmaksussa, vaan j\u00e4senmaksu on joko palkasta laskettu % tai v\u00e4hint\u00e4\u00e4n 8 \u20ac\/kk.<\/p>\n<p>Tarkempia tietoa j\u00e4senmaksuista l\u00f6yd\u00e4t Tieteentekij\u00f6iden sivuilta: <a href=\"https:\/\/tieteentekijat.fi\/jasenyys\/jasenmaksut\/\" target=\"_blank\" rel=\"noopener noreferrer\">https:\/\/tieteentekijat.fi\/jasenyys\/jasenmaksut\/<\/a><\/p>\n<h3>VYTYn j\u00e4senmaksu on<\/h3>\n<p>1.00 % ennakonpid\u00e4tyksen alaisista yliopiston tai muun ty\u00f6nantajan p\u00e4\u00e4toimesta maksamista palkoista ja palkkioista (Tieteentekij\u00f6iden liiton osuus 0.9 ja VYTY:n osuus 0.1).<\/p>\n<p><strong>Henkil\u00f6t, jotka eiv\u00e4t ole suomalaisessa <\/strong><span data-contrast=\"none\"><strong>palkkaty\u00f6ss\u00e4, maksavat j\u00e4senmaksua \u202f8 euroa\/kk.<\/strong>\u00a0<\/span>V\u00e4himm\u00e4ismaksuun oikeuttavat esimerkiksi:<\/p>\n<ul>\n<li>opinto- ja vuorotteluvapaan palkaton aika,<\/li>\n<li>ty\u00f6skentely pelk\u00e4st\u00e4\u00e4n apurahalla,<\/li>\n<li>asevelvollisuus,<\/li>\n<li>ty\u00f6tt\u00f6myys,<\/li>\n<li>ulkomailla ty\u00f6skentely ja<\/li>\n<li>yritt\u00e4jyys.<\/li>\n<\/ul>\n<p>El\u00e4kel\u00e4is- ja opiskelijaj\u00e4senen (perustutkinto-opiskelijat) j\u00e4senmaksu on 60 euroa vuodessa. Jos j\u00e4senyys alkaa kesken vuoden, lasketaan maksua 5 euroa kuukaudessa j\u00e4senyyden alkamisesta. El\u00e4kel\u00e4is- tai opiskelijaj\u00e4senyys ei sis\u00e4ll\u00e4 ty\u00f6tt\u00f6myyskassan j\u00e4senyytt\u00e4.<\/p>\n<h3><span data-contrast=\"none\">J\u00e4senmaksun maksaminen<br \/>\n<\/span><\/h3>\n<p>J\u00e4senmaksulasku kuukausiviitteineen l\u00e4hetet\u00e4\u00e4n j\u00e4senmaksunsa itse maksaville postitse tammikuun aikana. Maksut er\u00e4\u00e4ntyv\u00e4t kuukausittain siten, ett\u00e4 er\u00e4p\u00e4iv\u00e4 on seuraavan kuun 10. p\u00e4iv\u00e4.<\/p>\n<p>Muista oikea viite jokaiselle ajanjaksolle. J\u00e4senmaksut kirjautuvat viitenumeron perusteella tietyille ajanjaksoille, joten v\u00e4ltt\u00e4\u00e4ksesi turhia maksumuistutuksia k\u00e4yt\u00e4 laskusta l\u00f6ytyvi\u00e4 viitenumeroita.<\/p>\n<p>J\u00e4senmaksuohjeet kannattaa s\u00e4ilytt\u00e4\u00e4 koko vuoden.<\/p>\n<p>J\u00e4sentietosi ja j\u00e4senmaksusi voit tarkistaa my\u00f6s e-asioinnissa osoitteessa tieteentekijat.fi\/e-asiointi\/ tai vaihtoisesti mobiilij\u00e4senkortista kohdasta \u201dJ\u00e4sentietojen muutokset\u201d.<\/p>\n<p><strong>Voit my\u00f6s valtuuttaa ty\u00f6nantajasi perim\u00e4\u00e4n j\u00e4senmaksusi suoraan palkasta.\u00a0\u00a0<\/strong><\/p>\n<p><span data-contrast=\"none\">Valtuuta ty\u00f6nantajasi valtakirjalla, jos haluat, ett\u00e4 j\u00e4senmaksu perit\u00e4\u00e4n suoraan palkastasi. Valtakirja (<a href=\"https:\/\/tieteentekijat.fi\/assets\/uploads\/2020\/05\/Valtakirja_tyonantajalle_2020.pdf\" target=\"_blank\" rel=\"noopener noreferrer\">https:\/\/tieteentekijat.fi\/assets\/uploads\/2020\/05\/Valtakirja_tyonantajalle_2020.pdf<\/a>) toimitetaan ty\u00f6nantajalle<\/span><span data-contrast=\"none\">\u00a0tai suoraan palkanlaskentaasi<\/span><span data-contrast=\"none\">. Ota kopio t\u00e4ytetyst\u00e4 lomakkeesta my\u00f6s itsellesi.<\/span><span data-ccp-props=\"{&quot;201341983&quot;:0,&quot;335559739&quot;:240,&quot;335559740&quot;:240}\">\u00a0<\/span><\/p>\n<p>Jos tarvitset ohjeita j\u00e4senmaksujen maksamiseen, ota yhteytt\u00e4 liiton j\u00e4senpalveluun:\u202fjasenpalvelu(at)tieteentekijat.fi<\/p>\n","protected":false},"excerpt":{"rendered":"<p>Tieteentekij\u00f6iden j\u00e4senmaksu on 1 % ennakonpid\u00e4tyksen alaisista p\u00e4\u00e4toimesta maksetuista palkoista, kuitenkin v\u00e4hint\u00e4\u00e4n 96 euroa ja korkeintaan 600 euroa vuodessa. J\u00e4senmaksu perit\u00e4\u00e4n kaikesta ennakonpid\u00e4tyksen alaisesta palkkatulosta, mukaan lukien lomakorvaukset, lomaraha, luontaisedut ja ns. tukipaketit irtisanomistilanteissa. J\u00e4senmaksua ei perit\u00e4 bonuksista, optioista tai tulospalkkioista. Palkallista ja palkatonta aikaa ei tarvitse yhdist\u00e4\u00e4 saman kuukauden j\u00e4senmaksussa, vaan j\u00e4senmaksu on joko [&hellip;]<\/p>\n","protected":false},"author":58,"featured_media":0,"parent":0,"menu_order":0,"comment_status":"closed","ping_status":"closed","template":"","meta":{"_acf_changed":false,"footnotes":""},"class_list":["post-13","page","type-page","status-publish","hentry"],"acf":[],"_links":{"self":[{"href":"https:\/\/sites.uwasa.fi\/vyty\/wp-json\/wp\/v2\/pages\/13"}],"collection":[{"href":"https:\/\/sites.uwasa.fi\/vyty\/wp-json\/wp\/v2\/pages"}],"about":[{"href":"https:\/\/sites.uwasa.fi\/vyty\/wp-json\/wp\/v2\/types\/page"}],"author":[{"embeddable":true,"href":"https:\/\/sites.uwasa.fi\/vyty\/wp-json\/wp\/v2\/users\/58"}],"replies":[{"embeddable":true,"href":"https:\/\/sites.uwasa.fi\/vyty\/wp-json\/wp\/v2\/comments?post=13"}],"version-history":[{"count":4,"href":"https:\/\/sites.uwasa.fi\/vyty\/wp-json\/wp\/v2\/pages\/13\/revisions"}],"predecessor-version":[{"id":87,"href":"https:\/\/sites.uwasa.fi\/vyty\/wp-json\/wp\/v2\/pages\/13\/revisions\/87"}],"wp:attachment":[{"href":"https:\/\/sites.uwasa.fi\/vyty\/wp-json\/wp\/v2\/media?parent=13"}],"curies":[{"name":"wp","href":"https:\/\/api.w.org\/{rel}","templated":true}]}}