{"id":6,"date":"2020-03-10T11:42:36","date_gmt":"2020-03-10T09:42:36","guid":{"rendered":"https:\/\/sites.uwasa.fi\/vyll\/?page_id=6"},"modified":"2026-02-20T16:09:05","modified_gmt":"2026-02-20T14:09:05","slug":"hallitus","status":"publish","type":"page","link":"https:\/\/sites.uwasa.fi\/vyll\/esimerkkisivu\/hallitus\/","title":{"rendered":"Hallitus, luottamusmiehet ja toimijat"},"content":{"rendered":"<h3>Hallitus vuonna 2026<\/h3>\n<p>VYLL ry:n hallituksen j\u00e4senet ovat <strong>Heli Virkkunen <\/strong>(puheenjohtaja ja taloudenhoitaja), <strong>Tiina Sorvali<\/strong> (varapuheenjohtaja), <strong>Laura Havinen<\/strong> (sihteeri), <strong>Mia Juthman, Susanna Mantila<\/strong>\u00a0ja <strong>Sanna Machaal<\/strong> (hallituksen varaj\u00e4sen).<\/p>\n<p>&nbsp;<\/p>\n<h3>Luottamusmiehet<\/h3>\n<h3><span style=\"float: none;background-color: #ffffff;color: #333333;cursor: text;font-family: Georgia,'Times New Roman','Bitstream Charter',Times,serif;font-size: 16px;font-style: normal;font-variant: normal;font-weight: 400;letter-spacing: normal;text-align: left;text-decoration: none;text-indent: 0px;text-transform: none\">Yhdistyksen luottamusmies on <strong>Tiina Sorvali<\/strong>.<\/span><\/h3>\n<p>&nbsp;<\/p>\n<h3>Edustus OAJ:n muissa yhdistyksiss\u00e4<\/h3>\n<p>VYLL ry:n hallitus toimii my\u00f6s OAJ Pohjanmaan alueyhdistyksen YLL-jaostona.<\/p>\n<p>Heli Virkkunen toimi <a href=\"https:\/\/www.oajpohjanmaa.fi\/\"><strong>OAJ:n Pohjanmaan alueyhdistyksen<\/strong><\/a> hallituksen varapuheenjohtajana kaudella 1.5.2021-31.4.2025.<\/p>\n<p>Heli Virkkunen on <a href=\"https:\/\/yll.fi\/\"><strong>Yliopistojen opetusalan liitto YLL:n<\/strong><\/a> hallituksen varaj\u00e4sen.<\/p>\n","protected":false},"excerpt":{"rendered":"<p>Hallitus vuonna 2026 VYLL ry:n hallituksen j\u00e4senet ovat Heli Virkkunen (puheenjohtaja ja taloudenhoitaja), Tiina Sorvali (varapuheenjohtaja), Laura Havinen (sihteeri), Mia Juthman, Susanna Mantila\u00a0ja Sanna Machaal (hallituksen varaj\u00e4sen). &nbsp; Luottamusmiehet Yhdistyksen luottamusmies on Tiina Sorvali. &nbsp; Edustus OAJ:n muissa yhdistyksiss\u00e4 VYLL ry:n hallitus toimii my\u00f6s OAJ Pohjanmaan alueyhdistyksen YLL-jaostona. Heli Virkkunen toimi OAJ:n Pohjanmaan alueyhdistyksen hallituksen [&hellip;]<\/p>\n","protected":false},"author":67,"featured_media":0,"parent":2,"menu_order":0,"comment_status":"closed","ping_status":"closed","template":"","meta":{"_acf_changed":false,"footnotes":""},"class_list":["post-6","page","type-page","status-publish","hentry"],"acf":[],"_links":{"self":[{"href":"https:\/\/sites.uwasa.fi\/vyll\/wp-json\/wp\/v2\/pages\/6"}],"collection":[{"href":"https:\/\/sites.uwasa.fi\/vyll\/wp-json\/wp\/v2\/pages"}],"about":[{"href":"https:\/\/sites.uwasa.fi\/vyll\/wp-json\/wp\/v2\/types\/page"}],"author":[{"embeddable":true,"href":"https:\/\/sites.uwasa.fi\/vyll\/wp-json\/wp\/v2\/users\/67"}],"replies":[{"embeddable":true,"href":"https:\/\/sites.uwasa.fi\/vyll\/wp-json\/wp\/v2\/comments?post=6"}],"version-history":[{"count":34,"href":"https:\/\/sites.uwasa.fi\/vyll\/wp-json\/wp\/v2\/pages\/6\/revisions"}],"predecessor-version":[{"id":148,"href":"https:\/\/sites.uwasa.fi\/vyll\/wp-json\/wp\/v2\/pages\/6\/revisions\/148"}],"up":[{"embeddable":true,"href":"https:\/\/sites.uwasa.fi\/vyll\/wp-json\/wp\/v2\/pages\/2"}],"wp:attachment":[{"href":"https:\/\/sites.uwasa.fi\/vyll\/wp-json\/wp\/v2\/media?parent=6"}],"curies":[{"name":"wp","href":"https:\/\/api.w.org\/{rel}","templated":true}]}}