{"id":2,"date":"2020-02-28T09:47:42","date_gmt":"2020-02-28T07:47:42","guid":{"rendered":"https:\/\/sites.uwasa.fi\/vyll\/?page_id=2"},"modified":"2025-02-21T08:28:12","modified_gmt":"2025-02-21T06:28:12","slug":"esimerkkisivu","status":"publish","type":"page","link":"https:\/\/sites.uwasa.fi\/vyll\/","title":{"rendered":"Esittely"},"content":{"rendered":"<p>Vaasan yliopiston opetusalan yhdistys VYLL ry on perustettu vuonna 1975. Yhdistykseemme kuuluu yliopistonlehtoreita, lehtoreita, yliopisto-opettajia, tuntiopettajia ja opetuksen asiantuntijateht\u00e4viss\u00e4 toimivia henkil\u00f6it\u00e4. Yhdistyksen j\u00e4senm\u00e4\u00e4r\u00e4 on noin 25.<\/p>\r\n<p>Vaasan yliopiston opetusalan yhdistys VYLL ry pyrkii tekem\u00e4\u00e4n aloitteita ja parantamaan ty\u00f6olosuhteita, valvomaan palkkausta koskevia asioita, valvomaan sopimusten noudattamista ja henkil\u00f6st\u00f6n asemaa yliopistoyhteis\u00f6ss\u00e4, j\u00e4rjest\u00e4m\u00e4\u00e4n j\u00e4sentilaisuuksia ja virkistystoimintaa ja osallistumaan Yliopistonlehtorien liiton, OAJ:n paikallisyhdistyksen, OAJ:n Pohjanmaan alueyhdistyksen sek\u00e4 Akavan aluetoimikunnan toimintaan.<\/p>\r\n<p>Oletko kiinnostunut j\u00e4senyydest\u00e4? <a href=\"https:\/\/yll.fi\/jasenasiat\/liity-jaseneksi\/\" target=\"_blank\" rel=\"noopener\">Katso lis\u00e4tietoja t\u00e4lt\u00e4 sivulta!<\/a><\/p>\r\n","protected":false},"excerpt":{"rendered":"<p>Vaasan yliopiston opetusalan yhdistys VYLL ry on perustettu vuonna 1975. Yhdistykseemme kuuluu yliopistonlehtoreita, lehtoreita, yliopisto-opettajia, tuntiopettajia ja opetuksen asiantuntijateht\u00e4viss\u00e4 toimivia henkil\u00f6it\u00e4. Yhdistyksen j\u00e4senm\u00e4\u00e4r\u00e4 on noin 25. Vaasan yliopiston opetusalan yhdistys VYLL ry pyrkii tekem\u00e4\u00e4n aloitteita ja parantamaan ty\u00f6olosuhteita, valvomaan palkkausta koskevia asioita, valvomaan sopimusten noudattamista ja henkil\u00f6st\u00f6n asemaa yliopistoyhteis\u00f6ss\u00e4, j\u00e4rjest\u00e4m\u00e4\u00e4n j\u00e4sentilaisuuksia ja virkistystoimintaa ja osallistumaan [&hellip;]<\/p>\n","protected":false},"author":21,"featured_media":0,"parent":0,"menu_order":0,"comment_status":"closed","ping_status":"open","template":"","meta":{"_acf_changed":false,"footnotes":""},"class_list":["post-2","page","type-page","status-publish","hentry"],"acf":[],"_links":{"self":[{"href":"https:\/\/sites.uwasa.fi\/vyll\/wp-json\/wp\/v2\/pages\/2"}],"collection":[{"href":"https:\/\/sites.uwasa.fi\/vyll\/wp-json\/wp\/v2\/pages"}],"about":[{"href":"https:\/\/sites.uwasa.fi\/vyll\/wp-json\/wp\/v2\/types\/page"}],"author":[{"embeddable":true,"href":"https:\/\/sites.uwasa.fi\/vyll\/wp-json\/wp\/v2\/users\/21"}],"replies":[{"embeddable":true,"href":"https:\/\/sites.uwasa.fi\/vyll\/wp-json\/wp\/v2\/comments?post=2"}],"version-history":[{"count":19,"href":"https:\/\/sites.uwasa.fi\/vyll\/wp-json\/wp\/v2\/pages\/2\/revisions"}],"predecessor-version":[{"id":147,"href":"https:\/\/sites.uwasa.fi\/vyll\/wp-json\/wp\/v2\/pages\/2\/revisions\/147"}],"wp:attachment":[{"href":"https:\/\/sites.uwasa.fi\/vyll\/wp-json\/wp\/v2\/media?parent=2"}],"curies":[{"name":"wp","href":"https:\/\/api.w.org\/{rel}","templated":true}]}}