{"id":2,"date":"2020-03-04T11:48:22","date_gmt":"2020-03-04T09:48:22","guid":{"rendered":"https:\/\/sites.uwasa.fi\/vyhy\/?page_id=2"},"modified":"2023-01-12T09:29:55","modified_gmt":"2023-01-12T07:29:55","slug":"vaasan-yliopistoyhteisojen-henkilokuntayhdistys-vyhy-ry","status":"publish","type":"page","link":"https:\/\/sites.uwasa.fi\/vyhy\/","title":{"rendered":"Vaasan yliopistoyhteis\u00f6jen henkil\u00f6kuntayhdistys VYHY ry"},"content":{"rendered":"<p>Vaasan yliopistoyhteis\u00f6jen henkil\u00f6kuntayhdistys VYHY ry on perustettu vuonna 1972. Se on vanhin Vaasan yliopistossa toimivista ammattij\u00e4rjest\u00f6ist\u00e4. VYHY ry toimii yliopiston henkil\u00f6st\u00f6n ja palvelukeskus Certian henkil\u00f6st\u00f6n edunvalvojana ja yhteisen ty\u00f6ymp\u00e4rist\u00f6n kehitt\u00e4j\u00e4n\u00e4. VYHY ry on mukana kehitt\u00e4m\u00e4ss\u00e4 ty\u00f6ehtosopimuksia, neuvottelee etuisuuksista ja valvoo sopimusten noudattamista sek\u00e4 kehitt\u00e4\u00e4 yhteistoimintaa yliopistolla ja palvelukeskus Certiassa. Yhdistyksen j\u00e4senist\u00f6 koostuu eri ammattialoilta, sijoittuen l\u00e4hinn\u00e4 sek\u00e4 asiantuntijateht\u00e4viin sek\u00e4 muissa organisaation tukitoiminnoissa oleviin ty\u00f6teht\u00e4viin.<\/p>\n<p>Yhdistyksell\u00e4 on s\u00e4\u00e4nt\u00f6m\u00e4\u00e4r\u00e4nen syyskokous, joka on avoin kaikille j\u00e4senille. Tarvittaessa j\u00e4rjestet\u00e4\u00e4n my\u00f6s yleiskokouksia. Yhdistyksen toimintaa johtaa hallitus. Yliopistojen sek\u00e4 Certian ty\u00f6ehtosopimusten tulkinnassa ja yhteistoimintaneuvottelijoina keskeisess\u00e4 asemassa ovat yhdistyksen valitsemat p\u00e4\u00e4luottamusmies ja luottamusmies\/luottamusmiehet.<\/p>\n<p>VYHY kuuluu Ammattiliitto PROhon (linkki https:\/\/proliitto.fi\/fi) ja Toimihenkil\u00f6keskusj\u00e4rjest\u00f6 STTK:hon (linkki https:\/\/www.sttk.fi\/)<\/p>\n<p><strong>Ty\u00f6ehtosopimukset\u00a0<\/strong>l\u00f6yd\u00e4t PROn sivuilta linkist\u00e4 <a href=\"https:\/\/proliitto.fi\/yliopistot-tes\">Yliopistojen yleinen ty\u00f6ehtosopimus<\/a><\/p>\n<p>Yhdistyksen hallituksen j\u00e4senilt\u00e4 ja luottamusmiehilt\u00e4 saat yksityiskohtaisia tietoja VYHYn toiminnasta ja sen tarjoamista palveluista.<\/p>\n","protected":false},"excerpt":{"rendered":"<p>Vaasan yliopistoyhteis\u00f6jen henkil\u00f6kuntayhdistys VYHY ry on perustettu vuonna 1972. Se on vanhin Vaasan yliopistossa toimivista ammattij\u00e4rjest\u00f6ist\u00e4. VYHY ry toimii yliopiston henkil\u00f6st\u00f6n ja palvelukeskus Certian henkil\u00f6st\u00f6n edunvalvojana ja yhteisen ty\u00f6ymp\u00e4rist\u00f6n kehitt\u00e4j\u00e4n\u00e4. VYHY ry on mukana kehitt\u00e4m\u00e4ss\u00e4 ty\u00f6ehtosopimuksia, neuvottelee etuisuuksista ja valvoo sopimusten noudattamista sek\u00e4 kehitt\u00e4\u00e4 yhteistoimintaa yliopistolla ja palvelukeskus Certiassa. Yhdistyksen j\u00e4senist\u00f6 koostuu eri ammattialoilta, sijoittuen [&hellip;]<\/p>\n","protected":false},"author":78,"featured_media":0,"parent":0,"menu_order":0,"comment_status":"closed","ping_status":"closed","template":"","meta":{"_acf_changed":false,"footnotes":""},"class_list":["post-2","page","type-page","status-publish","hentry"],"acf":[],"_links":{"self":[{"href":"https:\/\/sites.uwasa.fi\/vyhy\/wp-json\/wp\/v2\/pages\/2"}],"collection":[{"href":"https:\/\/sites.uwasa.fi\/vyhy\/wp-json\/wp\/v2\/pages"}],"about":[{"href":"https:\/\/sites.uwasa.fi\/vyhy\/wp-json\/wp\/v2\/types\/page"}],"author":[{"embeddable":true,"href":"https:\/\/sites.uwasa.fi\/vyhy\/wp-json\/wp\/v2\/users\/78"}],"replies":[{"embeddable":true,"href":"https:\/\/sites.uwasa.fi\/vyhy\/wp-json\/wp\/v2\/comments?post=2"}],"version-history":[{"count":9,"href":"https:\/\/sites.uwasa.fi\/vyhy\/wp-json\/wp\/v2\/pages\/2\/revisions"}],"predecessor-version":[{"id":66,"href":"https:\/\/sites.uwasa.fi\/vyhy\/wp-json\/wp\/v2\/pages\/2\/revisions\/66"}],"wp:attachment":[{"href":"https:\/\/sites.uwasa.fi\/vyhy\/wp-json\/wp\/v2\/media?parent=2"}],"curies":[{"name":"wp","href":"https:\/\/api.w.org\/{rel}","templated":true}]}}