{"id":18,"date":"2020-03-04T15:50:06","date_gmt":"2020-03-04T13:50:06","guid":{"rendered":"https:\/\/sites.uwasa.fi\/vyhy\/?page_id=18"},"modified":"2025-01-14T10:01:59","modified_gmt":"2025-01-14T08:01:59","slug":"yhteystiedot","status":"publish","type":"page","link":"https:\/\/sites.uwasa.fi\/vyhy\/yhteystiedot\/","title":{"rendered":"Yhteystiedot"},"content":{"rendered":"<p><strong>Puheenjohtaja <\/strong><br \/>\nPasi Jussila<br \/>\nPL 700<br \/>\n65101 VAASA<br \/>\npuh. 029 449 8058<br \/>\ns\u00e4hk\u00f6posti: etunimi.sukunimi@uwasa.fi<\/p>\n<p><strong>Varapuheenjohtaja <\/strong><br \/>\nSusanna Laurila<br \/>\nPL 700<br \/>\n65101 VAASA<br \/>\npuh. 029 449 8297<br \/>\ns\u00e4hk\u00f6posti: etunimi.sukunimi@uwasa.fi<\/p>\n<p><strong>Sihteeri <\/strong><br \/>\nHanna Snellman<br \/>\nPL 700<br \/>\n65101 VAASA<br \/>\npuh. 029 449 8170<br \/>\ns\u00e4hk\u00f6posti: etunimi.sukunimi@uwasa.fi<\/p>\n","protected":false},"excerpt":{"rendered":"<p>Puheenjohtaja Pasi Jussila PL 700 65101 VAASA puh. 029 449 8058 s\u00e4hk\u00f6posti: etunimi.sukunimi@uwasa.fi Varapuheenjohtaja Susanna Laurila PL 700 65101 VAASA puh. 029 449 8297 s\u00e4hk\u00f6posti: etunimi.sukunimi@uwasa.fi Sihteeri Hanna Snellman PL 700 65101 VAASA puh. 029 449 8170 s\u00e4hk\u00f6posti: etunimi.sukunimi@uwasa.fi<\/p>\n","protected":false},"author":78,"featured_media":0,"parent":0,"menu_order":0,"comment_status":"closed","ping_status":"closed","template":"","meta":{"_acf_changed":false,"footnotes":""},"class_list":["post-18","page","type-page","status-publish","hentry"],"acf":[],"_links":{"self":[{"href":"https:\/\/sites.uwasa.fi\/vyhy\/wp-json\/wp\/v2\/pages\/18"}],"collection":[{"href":"https:\/\/sites.uwasa.fi\/vyhy\/wp-json\/wp\/v2\/pages"}],"about":[{"href":"https:\/\/sites.uwasa.fi\/vyhy\/wp-json\/wp\/v2\/types\/page"}],"author":[{"embeddable":true,"href":"https:\/\/sites.uwasa.fi\/vyhy\/wp-json\/wp\/v2\/users\/78"}],"replies":[{"embeddable":true,"href":"https:\/\/sites.uwasa.fi\/vyhy\/wp-json\/wp\/v2\/comments?post=18"}],"version-history":[{"count":7,"href":"https:\/\/sites.uwasa.fi\/vyhy\/wp-json\/wp\/v2\/pages\/18\/revisions"}],"predecessor-version":[{"id":80,"href":"https:\/\/sites.uwasa.fi\/vyhy\/wp-json\/wp\/v2\/pages\/18\/revisions\/80"}],"wp:attachment":[{"href":"https:\/\/sites.uwasa.fi\/vyhy\/wp-json\/wp\/v2\/media?parent=18"}],"curies":[{"name":"wp","href":"https:\/\/api.w.org\/{rel}","templated":true}]}}