{"id":14,"date":"2020-03-04T15:48:53","date_gmt":"2020-03-04T13:48:53","guid":{"rendered":"https:\/\/sites.uwasa.fi\/vyhy\/?page_id=14"},"modified":"2025-04-11T13:18:18","modified_gmt":"2025-04-11T10:18:18","slug":"jasenasiat","status":"publish","type":"page","link":"https:\/\/sites.uwasa.fi\/vyhy\/jasenasiat\/","title":{"rendered":"J\u00e4senasiat"},"content":{"rendered":"<h2>J\u00e4seneksi liittyminen<\/h2>\n<p>Vyhyn j\u00e4senet ovat <a href=\"https:\/\/www.proliitto.fi\/\" target=\"_blank\" rel=\"noopener noreferrer\">Ammattiliitto Pron<\/a> j\u00e4seni\u00e4. Pron sivuilta l\u00f6yd\u00e4t tietoa mm. j\u00e4seneduista.<\/p>\n<p>Liity t\u00e4\u00e4lt\u00e4 j\u00e4seneksi\u00a0<a href=\"https:\/\/lomakkeet.proliitto.fi\/\">https:\/\/lomakkeet.proliitto.fi\/<\/a><\/p>\n<p>Voit ottaa my\u00f6s yhteytt\u00e4 j\u00e4senvastaavaan <a href=\"mailto:ulla.laakkonen@uwasa.fi\" target=\"_blank\" rel=\"noopener noreferrer\">Ulla Laakkoseen<\/a> tai muihin hallituksen j\u00e4seniin.<\/p>\n<p>J\u00e4senmaksu on vain 1,25 % bruttopalkasta. Muistathan, ett\u00e4 ammattiyhdistyksen j\u00e4senmaksun saa v\u00e4hent\u00e4\u00e4 verotuksessa.<\/p>\n<p><a href=\"https:\/\/proliitto.fi\/fi\/suosittele-jasenyytta\" target=\"_blank\" rel=\"noopener noreferrer\">Hankkiessasi uuden j\u00e4senen Prohon<\/a> saat 40\u20ac lahjakortin.<\/p>\n<p>&nbsp;<\/p>\n<h2>Miten toimit, jos j\u00e4\u00e4t vuorotteluvapaalle, vanhempainlomalle tms.<\/h2>\n<p>Jos j\u00e4\u00e4t vuorotteluvapaalle, vanhempainlomalle, el\u00e4kkeelle, sairasel\u00e4kkeelle, ty\u00f6tt\u00f6m\u00e4ksi tai siirryt toisen ty\u00f6nantajan palvelukseen, muista ilmoittaa muutoksista <a href=\"https:\/\/www.proliitto.fi\/pron-jasenyys\/jasenyys\/jasenyyteen-liittyvat-lomakkeet\" target=\"_blank\" rel=\"noopener noreferrer\">lomakkeella<\/a>.<\/p>\n","protected":false},"excerpt":{"rendered":"<p>J\u00e4seneksi liittyminen Vyhyn j\u00e4senet ovat Ammattiliitto Pron j\u00e4seni\u00e4. Pron sivuilta l\u00f6yd\u00e4t tietoa mm. j\u00e4seneduista. Liity t\u00e4\u00e4lt\u00e4 j\u00e4seneksi\u00a0https:\/\/lomakkeet.proliitto.fi\/ Voit ottaa my\u00f6s yhteytt\u00e4 j\u00e4senvastaavaan Ulla Laakkoseen tai muihin hallituksen j\u00e4seniin. J\u00e4senmaksu on vain 1,25 % bruttopalkasta. Muistathan, ett\u00e4 ammattiyhdistyksen j\u00e4senmaksun saa v\u00e4hent\u00e4\u00e4 verotuksessa. Hankkiessasi uuden j\u00e4senen Prohon saat 40\u20ac lahjakortin. &nbsp; Miten toimit, jos j\u00e4\u00e4t vuorotteluvapaalle, vanhempainlomalle [&hellip;]<\/p>\n","protected":false},"author":78,"featured_media":0,"parent":0,"menu_order":0,"comment_status":"closed","ping_status":"closed","template":"","meta":{"_acf_changed":false,"footnotes":""},"class_list":["post-14","page","type-page","status-publish","hentry"],"acf":[],"_links":{"self":[{"href":"https:\/\/sites.uwasa.fi\/vyhy\/wp-json\/wp\/v2\/pages\/14"}],"collection":[{"href":"https:\/\/sites.uwasa.fi\/vyhy\/wp-json\/wp\/v2\/pages"}],"about":[{"href":"https:\/\/sites.uwasa.fi\/vyhy\/wp-json\/wp\/v2\/types\/page"}],"author":[{"embeddable":true,"href":"https:\/\/sites.uwasa.fi\/vyhy\/wp-json\/wp\/v2\/users\/78"}],"replies":[{"embeddable":true,"href":"https:\/\/sites.uwasa.fi\/vyhy\/wp-json\/wp\/v2\/comments?post=14"}],"version-history":[{"count":8,"href":"https:\/\/sites.uwasa.fi\/vyhy\/wp-json\/wp\/v2\/pages\/14\/revisions"}],"predecessor-version":[{"id":83,"href":"https:\/\/sites.uwasa.fi\/vyhy\/wp-json\/wp\/v2\/pages\/14\/revisions\/83"}],"wp:attachment":[{"href":"https:\/\/sites.uwasa.fi\/vyhy\/wp-json\/wp\/v2\/media?parent=14"}],"curies":[{"name":"wp","href":"https:\/\/api.w.org\/{rel}","templated":true}]}}