{"id":639,"date":"2021-12-14T11:49:45","date_gmt":"2021-12-14T09:49:45","guid":{"rendered":"https:\/\/sites.uwasa.fi\/vmeenvironment\/?page_id=639"},"modified":"2026-04-08T16:31:01","modified_gmt":"2026-04-08T13:31:01","slug":"blog","status":"publish","type":"page","link":"https:\/\/sites.uwasa.fi\/vmeenvironment\/blog\/","title":{"rendered":"Ajankohtaista"},"content":{"rendered":"<p>Ajankohtaista VME:ll\u00e4!<\/p>\n<p>L\u00f6yd\u00e4t t\u00e4\u00e4lt\u00e4 \ud83d\udc47VME-tiimin uutisia ja artikkeleita toimintaamme liittyvist\u00e4 aiheista ja tapahtumista.<\/p>\n","protected":false},"excerpt":{"rendered":"<p>Ajankohtaista VME:ll\u00e4! L\u00f6yd\u00e4t t\u00e4\u00e4lt\u00e4 \ud83d\udc47VME-tiimin uutisia ja artikkeleita toimintaamme liittyvist\u00e4 aiheista ja tapahtumista.<\/p>\n","protected":false},"author":119,"featured_media":2713,"parent":0,"menu_order":0,"comment_status":"closed","ping_status":"closed","template":"","meta":{"_acf_changed":false,"footnotes":""},"class_list":["post-639","page","type-page","status-publish","has-post-thumbnail","hentry"],"acf":[],"lang":"fi","translations":{"fi":639,"en":807},"pll_sync_post":[],"_links":{"self":[{"href":"https:\/\/sites.uwasa.fi\/vmeenvironment\/wp-json\/wp\/v2\/pages\/639"}],"collection":[{"href":"https:\/\/sites.uwasa.fi\/vmeenvironment\/wp-json\/wp\/v2\/pages"}],"about":[{"href":"https:\/\/sites.uwasa.fi\/vmeenvironment\/wp-json\/wp\/v2\/types\/page"}],"author":[{"embeddable":true,"href":"https:\/\/sites.uwasa.fi\/vmeenvironment\/wp-json\/wp\/v2\/users\/119"}],"replies":[{"embeddable":true,"href":"https:\/\/sites.uwasa.fi\/vmeenvironment\/wp-json\/wp\/v2\/comments?post=639"}],"version-history":[{"count":53,"href":"https:\/\/sites.uwasa.fi\/vmeenvironment\/wp-json\/wp\/v2\/pages\/639\/revisions"}],"predecessor-version":[{"id":3345,"href":"https:\/\/sites.uwasa.fi\/vmeenvironment\/wp-json\/wp\/v2\/pages\/639\/revisions\/3345"}],"wp:featuredmedia":[{"embeddable":true,"href":"https:\/\/sites.uwasa.fi\/vmeenvironment\/wp-json\/wp\/v2\/media\/2713"}],"wp:attachment":[{"href":"https:\/\/sites.uwasa.fi\/vmeenvironment\/wp-json\/wp\/v2\/media?parent=639"}],"curies":[{"name":"wp","href":"https:\/\/api.w.org\/{rel}","templated":true}]}}