{"id":3227,"date":"2025-12-05T13:57:02","date_gmt":"2025-12-05T11:57:02","guid":{"rendered":"https:\/\/sites.uwasa.fi\/vmeenvironment\/?page_id=3227"},"modified":"2026-01-16T10:54:17","modified_gmt":"2026-01-16T08:54:17","slug":"vme4chi-research-community","status":"publish","type":"page","link":"https:\/\/sites.uwasa.fi\/vmeenvironment\/vme4chi-research-community\/","title":{"rendered":"VME4CHI &#8211; Monitieteellinen tutkimusyhteis\u00f6"},"content":{"rendered":"<p><strong>VME4CHI<\/strong> on Vaasan yliopiston monitieteellinen tutkimusyhteis\u00f6, joka keskittyy ihmisen ja tietokoneen v\u00e4liseen vuorovaikutukseen (Human-Computer Interaction, HCI). Yhteis\u00f6 perustettiin vuonna 2022 osana <strong>VME Interaction Design Environment<\/strong> -kokonaisuutta, joka toimii keskuksena ihmisen ja teknologian vuorovaikutuksen tutkimukselle ja kehitt\u00e4miselle.<\/p>\n","protected":false},"excerpt":{"rendered":"<p>VME4CHI on monialaisen tiedon ja oivallusten risteyskohta, joka yhteis\u00f6n\u00e4 pyrkii ymm\u00e4rt\u00e4m\u00e4\u00e4n ihmisen ja teknologian v\u00e4lisen vuorovaikutuksen ydinongelmia ja mekanismeja.<\/p>\n","protected":false},"author":388,"featured_media":3230,"parent":0,"menu_order":0,"comment_status":"closed","ping_status":"closed","template":"","meta":{"_acf_changed":false,"footnotes":""},"class_list":["post-3227","page","type-page","status-publish","has-post-thumbnail","hentry"],"acf":[],"lang":"fi","translations":{"fi":3227,"en":3238},"pll_sync_post":[],"_links":{"self":[{"href":"https:\/\/sites.uwasa.fi\/vmeenvironment\/wp-json\/wp\/v2\/pages\/3227"}],"collection":[{"href":"https:\/\/sites.uwasa.fi\/vmeenvironment\/wp-json\/wp\/v2\/pages"}],"about":[{"href":"https:\/\/sites.uwasa.fi\/vmeenvironment\/wp-json\/wp\/v2\/types\/page"}],"author":[{"embeddable":true,"href":"https:\/\/sites.uwasa.fi\/vmeenvironment\/wp-json\/wp\/v2\/users\/388"}],"replies":[{"embeddable":true,"href":"https:\/\/sites.uwasa.fi\/vmeenvironment\/wp-json\/wp\/v2\/comments?post=3227"}],"version-history":[{"count":14,"href":"https:\/\/sites.uwasa.fi\/vmeenvironment\/wp-json\/wp\/v2\/pages\/3227\/revisions"}],"predecessor-version":[{"id":3276,"href":"https:\/\/sites.uwasa.fi\/vmeenvironment\/wp-json\/wp\/v2\/pages\/3227\/revisions\/3276"}],"wp:featuredmedia":[{"embeddable":true,"href":"https:\/\/sites.uwasa.fi\/vmeenvironment\/wp-json\/wp\/v2\/media\/3230"}],"wp:attachment":[{"href":"https:\/\/sites.uwasa.fi\/vmeenvironment\/wp-json\/wp\/v2\/media?parent=3227"}],"curies":[{"name":"wp","href":"https:\/\/api.w.org\/{rel}","templated":true}]}}