{"id":1825,"date":"2022-05-05T12:24:18","date_gmt":"2022-05-05T09:24:18","guid":{"rendered":"https:\/\/sites.uwasa.fi\/vmeenvironment\/?page_id=1825"},"modified":"2025-10-30T12:25:38","modified_gmt":"2025-10-30T10:25:38","slug":"vierailu","status":"publish","type":"page","link":"https:\/\/sites.uwasa.fi\/vmeenvironment\/vierailu\/","title":{"rendered":"Varaa"},"content":{"rendered":"<p>Olemme iloisia saadessamme tiet\u00e4\u00e4, ett\u00e4 haluat vierailla meill\u00e4.<\/p>\n<p>VME on vuorovaikutussuunnittelu (IXD) -ymp\u00e4rist\u00f6 kaikille; aloittelevat yritykset, alan kumppanit, opiskelijat ja tutkijat. Halusitpa sitten tehd\u00e4 yhteisty\u00f6t\u00e4 kanssamme, tehd\u00e4 tutkimusta tai vaikka vain katsoa ymp\u00e4rillesi &#8211; tervetuloa!<\/p>\n<p>Voit varata vierailuajan VME-ymp\u00e4rist\u00f6\u00f6n k\u00e4ytt\u00e4m\u00e4ll\u00e4 alla olevia vaihtoehtoja. Jos haluat ottaa meihin yhteytt\u00e4 ennen varauksen tekemist\u00e4, k\u00e4y Yhteystiedot-sivullamme. Sielt\u00e4 l\u00f6yd\u00e4t niiden tiimin j\u00e4senten yhteystiedot, jotka voivat auttaa sinua varaamaan vierailuja, j\u00e4rjest\u00e4m\u00e4\u00e4n tutkimus- ja projektiyhteisty\u00f6t\u00e4 sek\u00e4 vastaamaan kaikkiin kysymyksiisi siit\u00e4 keit\u00e4 olemme ja mit\u00e4 teemme.<\/p>\n","protected":false},"excerpt":{"rendered":"<p>Olemme iloisia saadessamme tiet\u00e4\u00e4, ett\u00e4 haluat vierailla meill\u00e4. VME on vuorovaikutussuunnittelu (IXD) -ymp\u00e4rist\u00f6 kaikille; aloittelevat yritykset, alan kumppanit, opiskelijat ja tutkijat. Halusitpa sitten tehd\u00e4 yhteisty\u00f6t\u00e4 kanssamme, tehd\u00e4 tutkimusta tai vaikka vain katsoa ymp\u00e4rillesi &#8211; tervetuloa! Voit varata vierailuajan VME-ymp\u00e4rist\u00f6\u00f6n k\u00e4ytt\u00e4m\u00e4ll\u00e4 alla olevia vaihtoehtoja. Jos haluat ottaa meihin yhteytt\u00e4 ennen varauksen tekemist\u00e4, k\u00e4y Yhteystiedot-sivullamme. Sielt\u00e4 l\u00f6yd\u00e4t [&hellip;]<\/p>\n","protected":false},"author":195,"featured_media":0,"parent":0,"menu_order":0,"comment_status":"closed","ping_status":"closed","template":"","meta":{"_acf_changed":false,"footnotes":""},"class_list":["post-1825","page","type-page","status-publish","hentry"],"acf":[],"lang":"fi","translations":{"fi":1825,"en":404},"pll_sync_post":[],"_links":{"self":[{"href":"https:\/\/sites.uwasa.fi\/vmeenvironment\/wp-json\/wp\/v2\/pages\/1825"}],"collection":[{"href":"https:\/\/sites.uwasa.fi\/vmeenvironment\/wp-json\/wp\/v2\/pages"}],"about":[{"href":"https:\/\/sites.uwasa.fi\/vmeenvironment\/wp-json\/wp\/v2\/types\/page"}],"author":[{"embeddable":true,"href":"https:\/\/sites.uwasa.fi\/vmeenvironment\/wp-json\/wp\/v2\/users\/195"}],"replies":[{"embeddable":true,"href":"https:\/\/sites.uwasa.fi\/vmeenvironment\/wp-json\/wp\/v2\/comments?post=1825"}],"version-history":[{"count":6,"href":"https:\/\/sites.uwasa.fi\/vmeenvironment\/wp-json\/wp\/v2\/pages\/1825\/revisions"}],"predecessor-version":[{"id":3163,"href":"https:\/\/sites.uwasa.fi\/vmeenvironment\/wp-json\/wp\/v2\/pages\/1825\/revisions\/3163"}],"wp:attachment":[{"href":"https:\/\/sites.uwasa.fi\/vmeenvironment\/wp-json\/wp\/v2\/media?parent=1825"}],"curies":[{"name":"wp","href":"https:\/\/api.w.org\/{rel}","templated":true}]}}