{"id":43,"date":"2025-09-02T15:33:22","date_gmt":"2025-09-02T12:33:22","guid":{"rendered":"https:\/\/sites.uwasa.fi\/virpi\/?page_id=43"},"modified":"2025-12-15T00:40:04","modified_gmt":"2025-12-14T22:40:04","slug":"tulokset","status":"publish","type":"page","link":"https:\/\/sites.uwasa.fi\/virpi\/tulokset\/","title":{"rendered":"Tulokset"},"content":{"rendered":"<p data-start=\"1974\" data-end=\"2010\">Hankkeen keskeiset tuotokset ovat:<\/p>\n<ul>\n<li data-start=\"1974\" data-end=\"2010\"><strong data-start=\"2013\" data-end=\"2029\">VIRPI-alusta<\/strong> \u2013 digitaalinen kokeilualusta yritysten ja tutkimuksen k\u00e4ytt\u00f6\u00f6n. Alusta tullaan julkaisemaan alkuvuodesta 2026 osoitteessa: <strong>www.virpi.eu<\/strong><\/li>\n<li data-start=\"1974\" data-end=\"2010\"><strong data-start=\"2097\" data-end=\"2122\">Kolme demonstraatiota<\/strong> virtuaalisista influenssereista kiertotalouden arvoketjuissa. Demojen pilotointi alkaa vuoden 2026 puoliv\u00e4liss\u00e4.<\/li>\n<li data-start=\"1974\" data-end=\"2010\"><strong data-start=\"2188\" data-end=\"2214\">Etel\u00e4pohjalainen visio<\/strong> virtuaalisten influenssereiden hy\u00f6dynt\u00e4misest\u00e4 kiertotaloudessa. Visio laaditaan yhdess\u00e4 hankkeeseen osallistuvien yritysten kanssa.<\/li>\n<\/ul>\n<p>Hankkeen tulokset tukevat yritysten liiketoiminnan kehitt\u00e4mist\u00e4, uusien innovaatioiden syntymist\u00e4 ja kest\u00e4v\u00e4n kulutuksen edist\u00e4mist\u00e4.<\/p>\n<p data-start=\"2282\" data-end=\"2482\"><a href=\"https:\/\/sites.uwasa.fi\/virpi\/wp-content\/blogs.dir\/4\/files\/sites\/254\/2025\/11\/c.png\"><img loading=\"lazy\" decoding=\"async\" class=\"alignleft size-large wp-image-138\" src=\"https:\/\/sites.uwasa.fi\/virpi\/wp-content\/blogs.dir\/4\/files\/sites\/254\/2025\/11\/c-1024x462.png\" alt=\"Infografiikka jossa on eri v\u00e4risi\u00e4 pylv\u00e4it\u00e4\" width=\"640\" height=\"289\" srcset=\"https:\/\/sites.uwasa.fi\/virpi\/wp-content\/blogs.dir\/4\/files\/sites\/254\/2025\/11\/c-1024x462.png 1024w, https:\/\/sites.uwasa.fi\/virpi\/wp-content\/blogs.dir\/4\/files\/sites\/254\/2025\/11\/c-300x135.png 300w, https:\/\/sites.uwasa.fi\/virpi\/wp-content\/blogs.dir\/4\/files\/sites\/254\/2025\/11\/c-768x346.png 768w, https:\/\/sites.uwasa.fi\/virpi\/wp-content\/blogs.dir\/4\/files\/sites\/254\/2025\/11\/c.png 1080w\" sizes=\"(max-width: 640px) 100vw, 640px\" \/><\/a><\/p>\n<p data-start=\"2282\" data-end=\"2482\">\n","protected":false},"excerpt":{"rendered":"<p>Hankkeen keskeiset tuotokset ovat: VIRPI-alusta \u2013 digitaalinen kokeilualusta yritysten ja tutkimuksen k\u00e4ytt\u00f6\u00f6n. Alusta tullaan julkaisemaan alkuvuodesta 2026 osoitteessa: www.virpi.eu Kolme demonstraatiota virtuaalisista influenssereista kiertotalouden arvoketjuissa. Demojen pilotointi alkaa vuoden 2026 puoliv\u00e4liss\u00e4. Etel\u00e4pohjalainen visio virtuaalisten influenssereiden hy\u00f6dynt\u00e4misest\u00e4 kiertotaloudessa. Visio laaditaan yhdess\u00e4 hankkeeseen osallistuvien yritysten kanssa. Hankkeen tulokset tukevat yritysten liiketoiminnan kehitt\u00e4mist\u00e4, uusien innovaatioiden syntymist\u00e4 ja kest\u00e4v\u00e4n [&hellip;]<\/p>\n","protected":false},"author":29,"featured_media":0,"parent":0,"menu_order":0,"comment_status":"closed","ping_status":"closed","template":"","meta":{"_acf_changed":false,"footnotes":""},"class_list":["post-43","page","type-page","status-publish","hentry"],"acf":[],"_links":{"self":[{"href":"https:\/\/sites.uwasa.fi\/virpi\/wp-json\/wp\/v2\/pages\/43"}],"collection":[{"href":"https:\/\/sites.uwasa.fi\/virpi\/wp-json\/wp\/v2\/pages"}],"about":[{"href":"https:\/\/sites.uwasa.fi\/virpi\/wp-json\/wp\/v2\/types\/page"}],"author":[{"embeddable":true,"href":"https:\/\/sites.uwasa.fi\/virpi\/wp-json\/wp\/v2\/users\/29"}],"replies":[{"embeddable":true,"href":"https:\/\/sites.uwasa.fi\/virpi\/wp-json\/wp\/v2\/comments?post=43"}],"version-history":[{"count":9,"href":"https:\/\/sites.uwasa.fi\/virpi\/wp-json\/wp\/v2\/pages\/43\/revisions"}],"predecessor-version":[{"id":167,"href":"https:\/\/sites.uwasa.fi\/virpi\/wp-json\/wp\/v2\/pages\/43\/revisions\/167"}],"wp:attachment":[{"href":"https:\/\/sites.uwasa.fi\/virpi\/wp-json\/wp\/v2\/media?parent=43"}],"curies":[{"name":"wp","href":"https:\/\/api.w.org\/{rel}","templated":true}]}}