{"id":40,"date":"2025-09-02T15:32:43","date_gmt":"2025-09-02T12:32:43","guid":{"rendered":"https:\/\/sites.uwasa.fi\/virpi\/?page_id=40"},"modified":"2025-12-15T00:41:27","modified_gmt":"2025-12-14T22:41:27","slug":"yrityksille","status":"publish","type":"page","link":"https:\/\/sites.uwasa.fi\/virpi\/yrityksille\/","title":{"rendered":"Yrityksille"},"content":{"rendered":"<p>Yritykset p\u00e4\u00e4sev\u00e4t mukaan hankkeeseen <strong data-start=\"1585\" data-end=\"1622\">ty\u00f6pajojen ja pilotointien kautta<\/strong>. Ty\u00f6pajoissa m\u00e4\u00e4ritell\u00e4\u00e4n yhdess\u00e4, millaisia virtuaalisia influenssereita kiertotalouden tarpeisiin tarvitaan. Pilotoiduissa demoissa yritykset voivat testata k\u00e4yt\u00e4nn\u00f6ss\u00e4 uusia ratkaisuja. Pyrimme siihen, ett\u00e4 jokaisen yrityksen hy\u00f6ty ja panos n\u00e4kyv\u00e4t hankkeen tuloksissa.<\/p>\n<p>Haluatko osallistua hankkeen toimintaan? <a href=\"https:\/\/sites.uwasa.fi\/virpi\/yhteystiedot\/\">Ota yhteytt\u00e4 hankeryhm\u00e4\u00e4n<\/a>!<\/p>\n<p><a href=\"https:\/\/sites.uwasa.fi\/virpi\/wp-content\/blogs.dir\/4\/files\/sites\/254\/2025\/11\/b.png\"><img loading=\"lazy\" decoding=\"async\" class=\"alignleft size-large wp-image-139\" src=\"https:\/\/sites.uwasa.fi\/virpi\/wp-content\/blogs.dir\/4\/files\/sites\/254\/2025\/11\/b-1024x462.png\" alt=\"Digitaalisen hahmon k\u00e4si ja ihmisen k\u00e4si k\u00e4ttelev\u00e4t\" width=\"640\" height=\"289\" srcset=\"https:\/\/sites.uwasa.fi\/virpi\/wp-content\/blogs.dir\/4\/files\/sites\/254\/2025\/11\/b-1024x462.png 1024w, https:\/\/sites.uwasa.fi\/virpi\/wp-content\/blogs.dir\/4\/files\/sites\/254\/2025\/11\/b-300x135.png 300w, https:\/\/sites.uwasa.fi\/virpi\/wp-content\/blogs.dir\/4\/files\/sites\/254\/2025\/11\/b-768x346.png 768w, https:\/\/sites.uwasa.fi\/virpi\/wp-content\/blogs.dir\/4\/files\/sites\/254\/2025\/11\/b.png 1080w\" sizes=\"(max-width: 640px) 100vw, 640px\" \/><\/a><\/p>\n","protected":false},"excerpt":{"rendered":"<p>Yritykset p\u00e4\u00e4sev\u00e4t mukaan hankkeeseen ty\u00f6pajojen ja pilotointien kautta. Ty\u00f6pajoissa m\u00e4\u00e4ritell\u00e4\u00e4n yhdess\u00e4, millaisia virtuaalisia influenssereita kiertotalouden tarpeisiin tarvitaan. Pilotoiduissa demoissa yritykset voivat testata k\u00e4yt\u00e4nn\u00f6ss\u00e4 uusia ratkaisuja. Pyrimme siihen, ett\u00e4 jokaisen yrityksen hy\u00f6ty ja panos n\u00e4kyv\u00e4t hankkeen tuloksissa. Haluatko osallistua hankkeen toimintaan? Ota yhteytt\u00e4 hankeryhm\u00e4\u00e4n!<\/p>\n","protected":false},"author":29,"featured_media":0,"parent":0,"menu_order":0,"comment_status":"closed","ping_status":"closed","template":"","meta":{"_acf_changed":false,"footnotes":""},"class_list":["post-40","page","type-page","status-publish","hentry"],"acf":[],"_links":{"self":[{"href":"https:\/\/sites.uwasa.fi\/virpi\/wp-json\/wp\/v2\/pages\/40"}],"collection":[{"href":"https:\/\/sites.uwasa.fi\/virpi\/wp-json\/wp\/v2\/pages"}],"about":[{"href":"https:\/\/sites.uwasa.fi\/virpi\/wp-json\/wp\/v2\/types\/page"}],"author":[{"embeddable":true,"href":"https:\/\/sites.uwasa.fi\/virpi\/wp-json\/wp\/v2\/users\/29"}],"replies":[{"embeddable":true,"href":"https:\/\/sites.uwasa.fi\/virpi\/wp-json\/wp\/v2\/comments?post=40"}],"version-history":[{"count":8,"href":"https:\/\/sites.uwasa.fi\/virpi\/wp-json\/wp\/v2\/pages\/40\/revisions"}],"predecessor-version":[{"id":169,"href":"https:\/\/sites.uwasa.fi\/virpi\/wp-json\/wp\/v2\/pages\/40\/revisions\/169"}],"wp:attachment":[{"href":"https:\/\/sites.uwasa.fi\/virpi\/wp-json\/wp\/v2\/media?parent=40"}],"curies":[{"name":"wp","href":"https:\/\/api.w.org\/{rel}","templated":true}]}}