{"id":37,"date":"2025-09-02T15:31:38","date_gmt":"2025-09-02T12:31:38","guid":{"rendered":"https:\/\/sites.uwasa.fi\/virpi\/?page_id=37"},"modified":"2025-12-15T01:02:13","modified_gmt":"2025-12-14T23:02:13","slug":"mitateemme","status":"publish","type":"page","link":"https:\/\/sites.uwasa.fi\/virpi\/mitateemme\/","title":{"rendered":"Mit\u00e4 teemme?"},"content":{"rendered":"<p>VIRPI-hankkeessa rakennetaan <strong data-start=\"1049\" data-end=\"1065\">VIRPI-alusta<\/strong>, joka tukee yritysten ja tutkimuksen yhteiskehitt\u00e4mist\u00e4 virtuaalisten influenssereiden hy\u00f6dynt\u00e4miseen kiertotaloudessa.<\/p>\n<p>Toteutamme hankkeessa <strong>kolme<\/strong> <strong data-start=\"1140\" data-end=\"1191\">demonstraatiota virtuaalisista influenssereista<\/strong>, jotka n\u00e4ytt\u00e4v\u00e4t k\u00e4yt\u00e4nn\u00f6ss\u00e4, <strong>miten digitaaliset hahmot voivat tukea kiertotalouden tuotteiden markkinointia ja asiakaspalautteen keruuta<\/strong>. Tulosten pohjalta laaditaan yhdess\u00e4 alueen toimijoiden kanssa visio virtuaalisten influenssereiden hy\u00f6dynt\u00e4misest\u00e4 Etel\u00e4-Pohjanmaan kiertotaloudessa.<\/p>\n<p><em><strong>Virtuaaliset influensserit<\/strong><\/em><\/p>\n<p>Ihmis-influenssereiden rinnalle ovat tulleet virtuaaliset influensserit eli virtuaalivaikuttajat. Ne ovat digitaalisilla v\u00e4lineill\u00e4 luotuja hahmoja, jotka esimerkiksi julkaisevat tarinoita, teksti\u00e4 ja kuvia sosiaalisessa median eri kanavissa. Generatiivinen teko\u00e4ly avaa uusia mahdollisuuksia virtuaalisten influenssereiden toteuttamiseen.<\/p>\n<p>Virtuaaliset influensserit ovat tulossa osaksi markkinointia sosiaalisessa mediassa. Ne ovat my\u00f6s yrityksille uudenlainen keino ker\u00e4t\u00e4 asiakaspalautetta.<\/p>\n<p><a href=\"https:\/\/sites.uwasa.fi\/virpi\/wp-content\/blogs.dir\/4\/files\/sites\/254\/2025\/11\/a.png\"><img loading=\"lazy\" decoding=\"async\" class=\"alignleft size-large wp-image-140\" src=\"https:\/\/sites.uwasa.fi\/virpi\/wp-content\/blogs.dir\/4\/files\/sites\/254\/2025\/11\/a-1024x462.png\" alt=\"Kolme digitaalista hahmoa\" width=\"640\" height=\"289\" srcset=\"https:\/\/sites.uwasa.fi\/virpi\/wp-content\/blogs.dir\/4\/files\/sites\/254\/2025\/11\/a-1024x462.png 1024w, https:\/\/sites.uwasa.fi\/virpi\/wp-content\/blogs.dir\/4\/files\/sites\/254\/2025\/11\/a-300x135.png 300w, https:\/\/sites.uwasa.fi\/virpi\/wp-content\/blogs.dir\/4\/files\/sites\/254\/2025\/11\/a-768x346.png 768w, https:\/\/sites.uwasa.fi\/virpi\/wp-content\/blogs.dir\/4\/files\/sites\/254\/2025\/11\/a.png 1080w\" sizes=\"(max-width: 640px) 100vw, 640px\" \/><\/a><\/p>\n","protected":false},"excerpt":{"rendered":"<p>VIRPI-hankkeessa rakennetaan VIRPI-alusta, joka tukee yritysten ja tutkimuksen yhteiskehitt\u00e4mist\u00e4 virtuaalisten influenssereiden hy\u00f6dynt\u00e4miseen kiertotaloudessa. Toteutamme hankkeessa kolme demonstraatiota virtuaalisista influenssereista, jotka n\u00e4ytt\u00e4v\u00e4t k\u00e4yt\u00e4nn\u00f6ss\u00e4, miten digitaaliset hahmot voivat tukea kiertotalouden tuotteiden markkinointia ja asiakaspalautteen keruuta. Tulosten pohjalta laaditaan yhdess\u00e4 alueen toimijoiden kanssa visio virtuaalisten influenssereiden hy\u00f6dynt\u00e4misest\u00e4 Etel\u00e4-Pohjanmaan kiertotaloudessa. Virtuaaliset influensserit Ihmis-influenssereiden rinnalle ovat tulleet virtuaaliset influensserit eli [&hellip;]<\/p>\n","protected":false},"author":29,"featured_media":0,"parent":0,"menu_order":0,"comment_status":"closed","ping_status":"closed","template":"","meta":{"_acf_changed":false,"footnotes":""},"class_list":["post-37","page","type-page","status-publish","hentry"],"acf":[],"_links":{"self":[{"href":"https:\/\/sites.uwasa.fi\/virpi\/wp-json\/wp\/v2\/pages\/37"}],"collection":[{"href":"https:\/\/sites.uwasa.fi\/virpi\/wp-json\/wp\/v2\/pages"}],"about":[{"href":"https:\/\/sites.uwasa.fi\/virpi\/wp-json\/wp\/v2\/types\/page"}],"author":[{"embeddable":true,"href":"https:\/\/sites.uwasa.fi\/virpi\/wp-json\/wp\/v2\/users\/29"}],"replies":[{"embeddable":true,"href":"https:\/\/sites.uwasa.fi\/virpi\/wp-json\/wp\/v2\/comments?post=37"}],"version-history":[{"count":10,"href":"https:\/\/sites.uwasa.fi\/virpi\/wp-json\/wp\/v2\/pages\/37\/revisions"}],"predecessor-version":[{"id":172,"href":"https:\/\/sites.uwasa.fi\/virpi\/wp-json\/wp\/v2\/pages\/37\/revisions\/172"}],"wp:attachment":[{"href":"https:\/\/sites.uwasa.fi\/virpi\/wp-json\/wp\/v2\/media?parent=37"}],"curies":[{"name":"wp","href":"https:\/\/api.w.org\/{rel}","templated":true}]}}