{"id":26,"date":"2025-09-02T15:10:56","date_gmt":"2025-09-02T12:10:56","guid":{"rendered":"https:\/\/sites.uwasa.fi\/virpi\/?page_id=26"},"modified":"2025-12-03T16:18:12","modified_gmt":"2025-12-03T14:18:12","slug":"english","status":"publish","type":"page","link":"https:\/\/sites.uwasa.fi\/virpi\/english\/","title":{"rendered":"VIRPI \u2013 Virtual Influencers for Developing Circular Economy Value Chains"},"content":{"rendered":"<p data-start=\"3360\" data-end=\"3399\">Project duration: Aug 2025 \u2013 Jul 2027<\/p>\n<p data-start=\"3404\" data-end=\"3498\">Funded by: European Regional Development Fund (ERDF) \/ Regional Council of South Ostrobothnia; University of Vaasa; University Consortium of Sein\u00e4joki; Etel\u00e4-Pohjanmaan korkeakoulus\u00e4\u00e4ti\u00f6.<\/p>\n<p data-start=\"3404\" data-end=\"3498\"><strong>Project background and summary<\/strong><\/p>\n<p>Virtual influencers have emerged alongside human influencers on social media. These are artificially created characters that publish text and images on social media. Importantly, each virtual influencer can have a distinct personality. New technical solutions, such as Artificial Intelligence, are being developed for implementing increasingly independently operating virtual influencers.<\/p>\n<p>For businesses, the incentive with a virtual influencer is that it promotes products and services in social media. Furthermore, businesses can also collect feedback from their customers through virtual influencers, for example, by analysing followers&#8217; reactions, such as comments and likes on the virtual influencer\u2019s posts related to an actual product or a virtually proposed product.<\/p>\n<p>The purpose of VIRPI-project is to help regional companies in circular economy value chains to develop their business by utilising virtual influencers in marketing their products and collecting customer feedback on social media. In the project, virtual influencers are implemented and piloted with the aim to study the challenges of promoting entire circular economy value chains\u2019 operations in terms of social media marketing.<\/p>\n<p data-start=\"3404\" data-end=\"3498\"><strong data-start=\"109\" data-end=\"143\">Our goal in South Ostrobothnia &#8212; co-operation with businesses for shared experiences and vision<\/strong><\/p>\n<p data-start=\"3404\" data-end=\"3498\">The VIRPI project supports circular economy businesses in developing their digital marketing with the help of virtual influencers. We will carry out three demonstrations that test new solutions throughout circular value chains. Together with companies, we are building a<strong> vision of how virtual influencers can strengthen the circular economy in South Ostrobothnia<\/strong>, promote the UN Sustainable Development Goals, and bring smart technologies to the region.<\/p>\n","protected":false},"excerpt":{"rendered":"<p>Project duration: Aug 2025 \u2013 Jul 2027 Funded by: European Regional Development Fund (ERDF) \/ Regional Council of South Ostrobothnia; University of Vaasa; University Consortium of Sein\u00e4joki; Etel\u00e4-Pohjanmaan korkeakoulus\u00e4\u00e4ti\u00f6. Project background and summary Virtual influencers have emerged alongside human influencers on social media. These are artificially created characters that publish text and images on social [&hellip;]<\/p>\n","protected":false},"author":29,"featured_media":0,"parent":0,"menu_order":0,"comment_status":"closed","ping_status":"closed","template":"","meta":{"_acf_changed":false,"footnotes":""},"class_list":["post-26","page","type-page","status-publish","hentry"],"acf":[],"_links":{"self":[{"href":"https:\/\/sites.uwasa.fi\/virpi\/wp-json\/wp\/v2\/pages\/26"}],"collection":[{"href":"https:\/\/sites.uwasa.fi\/virpi\/wp-json\/wp\/v2\/pages"}],"about":[{"href":"https:\/\/sites.uwasa.fi\/virpi\/wp-json\/wp\/v2\/types\/page"}],"author":[{"embeddable":true,"href":"https:\/\/sites.uwasa.fi\/virpi\/wp-json\/wp\/v2\/users\/29"}],"replies":[{"embeddable":true,"href":"https:\/\/sites.uwasa.fi\/virpi\/wp-json\/wp\/v2\/comments?post=26"}],"version-history":[{"count":5,"href":"https:\/\/sites.uwasa.fi\/virpi\/wp-json\/wp\/v2\/pages\/26\/revisions"}],"predecessor-version":[{"id":148,"href":"https:\/\/sites.uwasa.fi\/virpi\/wp-json\/wp\/v2\/pages\/26\/revisions\/148"}],"wp:attachment":[{"href":"https:\/\/sites.uwasa.fi\/virpi\/wp-json\/wp\/v2\/media?parent=26"}],"curies":[{"name":"wp","href":"https:\/\/api.w.org\/{rel}","templated":true}]}}