{"id":11,"date":"2025-09-02T15:03:28","date_gmt":"2025-09-02T12:03:28","guid":{"rendered":"https:\/\/sites.uwasa.fi\/virpi\/?page_id=11"},"modified":"2025-12-15T00:48:58","modified_gmt":"2025-12-14T22:48:58","slug":"yhteystiedot","status":"publish","type":"page","link":"https:\/\/sites.uwasa.fi\/virpi\/yhteystiedot\/","title":{"rendered":"Yhteystiedot"},"content":{"rendered":"<div class=\"entry-content\">\n<p><span class=\"views-field views-field-title\"><span class=\"field-content\"><a href=\"https:\/\/www.uwasa.fi\/fi\/henkilo\/1311364\">Juha Arrasvuori<\/a><br \/>\n<\/span><\/span>Yliopistotutkija (hankkeen vastuullinen johtaja)<br \/>\nVaasan yliopisto, Tekniikan ja innovaatiojohtamisen yksikk\u00f6, Tuotantotalous<br \/>\netunimi.sukunimi(at)uwasa.fi<\/p>\n<p><span class=\"views-field views-field-title\"><span class=\"field-content\"><a href=\"https:\/\/www.uwasa.fi\/fi\/henkilo\/2063123\">Mikael M\u00e4enp\u00e4\u00e4<\/a><br \/>\n<\/span><\/span>Asiantuntija<br \/>\nVaasan yliopisto, Tekniikan ja innovaatiojohtamisen yksikk\u00f6, Tuotantotalous<br \/>\n<span class=\"field-content\">etunimi.sukunimi(at)uwasa.fi<\/span><\/p>\n<p><a href=\"https:\/\/www.uwasa.fi\/fi\/henkilo\/1041738\"><span class=\"views-field views-field-title\"><span class=\"field-content\">Pirjo Yli-Viitala<br \/>\n<\/span><\/span><\/a>Asiantuntija<br \/>\nVaasan yliopisto, Tekniikan ja innovaatiojohtamisen yksikk\u00f6, Tuotantotalous<br \/>\n<span class=\"field-content\">etunimi.sukunimi(at)uwasa.fi<\/span><\/p>\n<p><a href=\"https:\/\/www.uwasa.fi\/fi\/henkilo\/1974830\"><span class=\"views-field views-field-title\"><span class=\"field-content\">Saija Alanko<br \/>\n<\/span><\/span><\/a>Projektitutkija<br \/>\nVaasan yliopisto, Tekniikan ja innovaatiojohtamisen yksikk\u00f6, Tuotantotalous<br \/>\n<span class=\"field-content\">etunimi.sukunimi(at)uwasa.fi<\/span><\/p>\n<\/div>\n","protected":false},"excerpt":{"rendered":"<p>Juha Arrasvuori Yliopistotutkija (hankkeen vastuullinen johtaja) Vaasan yliopisto, Tekniikan ja innovaatiojohtamisen yksikk\u00f6, Tuotantotalous etunimi.sukunimi(at)uwasa.fi Mikael M\u00e4enp\u00e4\u00e4 Asiantuntija Vaasan yliopisto, Tekniikan ja innovaatiojohtamisen yksikk\u00f6, Tuotantotalous etunimi.sukunimi(at)uwasa.fi Pirjo Yli-Viitala Asiantuntija Vaasan yliopisto, Tekniikan ja innovaatiojohtamisen yksikk\u00f6, Tuotantotalous etunimi.sukunimi(at)uwasa.fi Saija Alanko Projektitutkija Vaasan yliopisto, Tekniikan ja innovaatiojohtamisen yksikk\u00f6, Tuotantotalous etunimi.sukunimi(at)uwasa.fi<\/p>\n","protected":false},"author":29,"featured_media":0,"parent":0,"menu_order":0,"comment_status":"closed","ping_status":"closed","template":"","meta":{"_acf_changed":false,"footnotes":""},"class_list":["post-11","page","type-page","status-publish","hentry"],"acf":[],"_links":{"self":[{"href":"https:\/\/sites.uwasa.fi\/virpi\/wp-json\/wp\/v2\/pages\/11"}],"collection":[{"href":"https:\/\/sites.uwasa.fi\/virpi\/wp-json\/wp\/v2\/pages"}],"about":[{"href":"https:\/\/sites.uwasa.fi\/virpi\/wp-json\/wp\/v2\/types\/page"}],"author":[{"embeddable":true,"href":"https:\/\/sites.uwasa.fi\/virpi\/wp-json\/wp\/v2\/users\/29"}],"replies":[{"embeddable":true,"href":"https:\/\/sites.uwasa.fi\/virpi\/wp-json\/wp\/v2\/comments?post=11"}],"version-history":[{"count":9,"href":"https:\/\/sites.uwasa.fi\/virpi\/wp-json\/wp\/v2\/pages\/11\/revisions"}],"predecessor-version":[{"id":171,"href":"https:\/\/sites.uwasa.fi\/virpi\/wp-json\/wp\/v2\/pages\/11\/revisions\/171"}],"wp:attachment":[{"href":"https:\/\/sites.uwasa.fi\/virpi\/wp-json\/wp\/v2\/media?parent=11"}],"curies":[{"name":"wp","href":"https:\/\/api.w.org\/{rel}","templated":true}]}}