{"id":2,"date":"2020-09-16T13:22:51","date_gmt":"2020-09-16T10:22:51","guid":{"rendered":"https:\/\/sites.uwasa.fi\/virkavastuuhanke\/?page_id=2"},"modified":"2022-02-15T15:03:09","modified_gmt":"2022-02-15T13:03:09","slug":"virkavastuu-julkishallinnon-muuttuvassa-ymparistossa","status":"publish","type":"page","link":"https:\/\/sites.uwasa.fi\/virkavastuuhanke\/","title":{"rendered":"Virkavastuu julkishallinnon muuttuvassa ymp\u00e4rist\u00f6ss\u00e4"},"content":{"rendered":"","protected":false},"excerpt":{"rendered":"","protected":false},"author":63,"featured_media":0,"parent":0,"menu_order":0,"comment_status":"closed","ping_status":"open","template":"","meta":{"_acf_changed":false,"footnotes":""},"class_list":["post-2","page","type-page","status-publish","hentry"],"acf":[],"_links":{"self":[{"href":"https:\/\/sites.uwasa.fi\/virkavastuuhanke\/wp-json\/wp\/v2\/pages\/2"}],"collection":[{"href":"https:\/\/sites.uwasa.fi\/virkavastuuhanke\/wp-json\/wp\/v2\/pages"}],"about":[{"href":"https:\/\/sites.uwasa.fi\/virkavastuuhanke\/wp-json\/wp\/v2\/types\/page"}],"author":[{"embeddable":true,"href":"https:\/\/sites.uwasa.fi\/virkavastuuhanke\/wp-json\/wp\/v2\/users\/63"}],"replies":[{"embeddable":true,"href":"https:\/\/sites.uwasa.fi\/virkavastuuhanke\/wp-json\/wp\/v2\/comments?post=2"}],"version-history":[{"count":27,"href":"https:\/\/sites.uwasa.fi\/virkavastuuhanke\/wp-json\/wp\/v2\/pages\/2\/revisions"}],"predecessor-version":[{"id":90,"href":"https:\/\/sites.uwasa.fi\/virkavastuuhanke\/wp-json\/wp\/v2\/pages\/2\/revisions\/90"}],"wp:attachment":[{"href":"https:\/\/sites.uwasa.fi\/virkavastuuhanke\/wp-json\/wp\/v2\/media?parent=2"}],"curies":[{"name":"wp","href":"https:\/\/api.w.org\/{rel}","templated":true}]}}