{"id":68,"date":"2024-08-05T15:04:48","date_gmt":"2024-08-05T12:04:48","guid":{"rendered":"https:\/\/sites.uwasa.fi\/vepe\/?page_id=68"},"modified":"2024-08-06T11:49:35","modified_gmt":"2024-08-06T08:49:35","slug":"hankekumppanit","status":"publish","type":"page","link":"https:\/\/sites.uwasa.fi\/vepe\/hankekumppanit\/","title":{"rendered":"Hankekumppanit"},"content":{"rendered":"<p>VEPE &#8211; Vetytalous Etel\u00e4-Pohjanmaalla -hankkeen osarahoittajana <img loading=\"lazy\" decoding=\"async\" class=\"wp-image-126 alignright\" src=\"https:\/\/sites.uwasa.fi\/vepe\/wp-content\/blogs.dir\/4\/files\/sites\/215\/2024\/06\/vepe-logo-1024x1024.png\" alt=\"\" width=\"258\" height=\"258\" srcset=\"https:\/\/sites.uwasa.fi\/vepe\/wp-content\/blogs.dir\/4\/files\/sites\/215\/2024\/06\/vepe-logo-1024x1024.png 1024w, https:\/\/sites.uwasa.fi\/vepe\/wp-content\/blogs.dir\/4\/files\/sites\/215\/2024\/06\/vepe-logo-300x300.png 300w, https:\/\/sites.uwasa.fi\/vepe\/wp-content\/blogs.dir\/4\/files\/sites\/215\/2024\/06\/vepe-logo-150x150.png 150w, https:\/\/sites.uwasa.fi\/vepe\/wp-content\/blogs.dir\/4\/files\/sites\/215\/2024\/06\/vepe-logo-768x768.png 768w, https:\/\/sites.uwasa.fi\/vepe\/wp-content\/blogs.dir\/4\/files\/sites\/215\/2024\/06\/vepe-logo.png 1080w\" sizes=\"(max-width: 258px) 100vw, 258px\" \/>toimii Euroopan unioni (Euroopan aluekehitysrahasto EAKR 2021-2027) .\u00a0 Hanketta rahoittaa lis\u00e4ksi Etel\u00e4-Pohjanmaan liitto.\u00a0 Hanketta koordinoi Vaasan yliopiston tutkimus- ja innovaatioalusta VEBIC ja sen yhteisty\u00f6kumppanina on Sein\u00e4joen ammattikorkeakoulu.<\/p>\n<p>VEPE-hanke toteutetaan Etel\u00e4-Pohjanmaan alueella.<\/p>\n","protected":false},"excerpt":{"rendered":"<p>VEPE &#8211; Vetytalous Etel\u00e4-Pohjanmaalla -hankkeen osarahoittajana toimii Euroopan unioni (Euroopan aluekehitysrahasto EAKR 2021-2027) .\u00a0 Hanketta rahoittaa lis\u00e4ksi Etel\u00e4-Pohjanmaan liitto.\u00a0 Hanketta koordinoi Vaasan yliopiston tutkimus- ja innovaatioalusta VEBIC ja sen yhteisty\u00f6kumppanina on Sein\u00e4joen ammattikorkeakoulu. VEPE-hanke toteutetaan Etel\u00e4-Pohjanmaan alueella.<\/p>\n","protected":false},"author":147,"featured_media":0,"parent":0,"menu_order":0,"comment_status":"closed","ping_status":"closed","template":"","meta":{"_acf_changed":false,"footnotes":""},"class_list":["post-68","page","type-page","status-publish","hentry"],"acf":[],"lang":"fi","translations":{"fi":68,"en":120},"pll_sync_post":[],"_links":{"self":[{"href":"https:\/\/sites.uwasa.fi\/vepe\/wp-json\/wp\/v2\/pages\/68"}],"collection":[{"href":"https:\/\/sites.uwasa.fi\/vepe\/wp-json\/wp\/v2\/pages"}],"about":[{"href":"https:\/\/sites.uwasa.fi\/vepe\/wp-json\/wp\/v2\/types\/page"}],"author":[{"embeddable":true,"href":"https:\/\/sites.uwasa.fi\/vepe\/wp-json\/wp\/v2\/users\/147"}],"replies":[{"embeddable":true,"href":"https:\/\/sites.uwasa.fi\/vepe\/wp-json\/wp\/v2\/comments?post=68"}],"version-history":[{"count":16,"href":"https:\/\/sites.uwasa.fi\/vepe\/wp-json\/wp\/v2\/pages\/68\/revisions"}],"predecessor-version":[{"id":206,"href":"https:\/\/sites.uwasa.fi\/vepe\/wp-json\/wp\/v2\/pages\/68\/revisions\/206"}],"wp:attachment":[{"href":"https:\/\/sites.uwasa.fi\/vepe\/wp-json\/wp\/v2\/media?parent=68"}],"curies":[{"name":"wp","href":"https:\/\/api.w.org\/{rel}","templated":true}]}}