{"id":65,"date":"2024-06-27T14:29:34","date_gmt":"2024-06-27T11:29:34","guid":{"rendered":"https:\/\/sites.uwasa.fi\/vepe\/?page_id=65"},"modified":"2024-08-06T11:37:29","modified_gmt":"2024-08-06T08:37:29","slug":"tyopaketti-5-hankeviestinta-disseminaatio-eksploitaatio-ja-projektinhallinta","status":"publish","type":"page","link":"https:\/\/sites.uwasa.fi\/vepe\/tyopaketti-5-hankeviestinta-disseminaatio-eksploitaatio-ja-projektinhallinta\/","title":{"rendered":"Ty\u00f6paketti 5: Hankeviestint\u00e4, disseminaatio, eksploitaatio ja projektinhallinta."},"content":{"rendered":"<p><strong>Ty\u00f6pakettijohtaja:<\/strong> VEBIC, Vaasan yliopisto<\/p>\n<p>Ty\u00f6paketin tavoitteena on varmistaa tehokas ja onnistunut hankeviestin\u00e4 sek\u00e4 tulosten jalkauttaminen ja hy\u00f6dynt\u00e4minen.<\/p>\n","protected":false},"excerpt":{"rendered":"<p>Ty\u00f6pakettijohtaja: VEBIC, Vaasan yliopisto Ty\u00f6paketin tavoitteena on varmistaa tehokas ja onnistunut hankeviestin\u00e4 sek\u00e4 tulosten jalkauttaminen ja hy\u00f6dynt\u00e4minen.<\/p>\n","protected":false},"author":147,"featured_media":0,"parent":0,"menu_order":0,"comment_status":"closed","ping_status":"closed","template":"","meta":{"_acf_changed":false,"footnotes":""},"class_list":["post-65","page","type-page","status-publish","hentry"],"acf":[],"lang":"fi","translations":{"fi":65,"en":225},"pll_sync_post":[],"_links":{"self":[{"href":"https:\/\/sites.uwasa.fi\/vepe\/wp-json\/wp\/v2\/pages\/65"}],"collection":[{"href":"https:\/\/sites.uwasa.fi\/vepe\/wp-json\/wp\/v2\/pages"}],"about":[{"href":"https:\/\/sites.uwasa.fi\/vepe\/wp-json\/wp\/v2\/types\/page"}],"author":[{"embeddable":true,"href":"https:\/\/sites.uwasa.fi\/vepe\/wp-json\/wp\/v2\/users\/147"}],"replies":[{"embeddable":true,"href":"https:\/\/sites.uwasa.fi\/vepe\/wp-json\/wp\/v2\/comments?post=65"}],"version-history":[{"count":4,"href":"https:\/\/sites.uwasa.fi\/vepe\/wp-json\/wp\/v2\/pages\/65\/revisions"}],"predecessor-version":[{"id":203,"href":"https:\/\/sites.uwasa.fi\/vepe\/wp-json\/wp\/v2\/pages\/65\/revisions\/203"}],"wp:attachment":[{"href":"https:\/\/sites.uwasa.fi\/vepe\/wp-json\/wp\/v2\/media?parent=65"}],"curies":[{"name":"wp","href":"https:\/\/api.w.org\/{rel}","templated":true}]}}