{"id":63,"date":"2024-06-27T14:29:10","date_gmt":"2024-06-27T11:29:10","guid":{"rendered":"https:\/\/sites.uwasa.fi\/vepe\/?page_id=63"},"modified":"2024-08-06T11:36:58","modified_gmt":"2024-08-06T08:36:58","slug":"tyopaketti-4-toimintasuunnitelman-laatiminen","status":"publish","type":"page","link":"https:\/\/sites.uwasa.fi\/vepe\/tyopaketti-4-toimintasuunnitelman-laatiminen\/","title":{"rendered":"Ty\u00f6paketti 4: Toimintasuunnitelman laatiminen"},"content":{"rendered":"<p><strong>Ty\u00f6pakettijohtaja:<\/strong> VEBIC, Vaasan yliopisto<\/p>\n<p>Ty\u00f6paketin tavoitteena on laatia toimintasuunnitelma vetytalouden kehittymisen edist\u00e4miseksi Etel\u00e4-Pohjanmaalla.<\/p>\n","protected":false},"excerpt":{"rendered":"<p>Ty\u00f6pakettijohtaja: VEBIC, Vaasan yliopisto Ty\u00f6paketin tavoitteena on laatia toimintasuunnitelma vetytalouden kehittymisen edist\u00e4miseksi Etel\u00e4-Pohjanmaalla.<\/p>\n","protected":false},"author":147,"featured_media":0,"parent":0,"menu_order":0,"comment_status":"closed","ping_status":"closed","template":"","meta":{"_acf_changed":false,"footnotes":""},"class_list":["post-63","page","type-page","status-publish","hentry"],"acf":[],"lang":"fi","translations":{"fi":63,"en":220},"pll_sync_post":[],"_links":{"self":[{"href":"https:\/\/sites.uwasa.fi\/vepe\/wp-json\/wp\/v2\/pages\/63"}],"collection":[{"href":"https:\/\/sites.uwasa.fi\/vepe\/wp-json\/wp\/v2\/pages"}],"about":[{"href":"https:\/\/sites.uwasa.fi\/vepe\/wp-json\/wp\/v2\/types\/page"}],"author":[{"embeddable":true,"href":"https:\/\/sites.uwasa.fi\/vepe\/wp-json\/wp\/v2\/users\/147"}],"replies":[{"embeddable":true,"href":"https:\/\/sites.uwasa.fi\/vepe\/wp-json\/wp\/v2\/comments?post=63"}],"version-history":[{"count":5,"href":"https:\/\/sites.uwasa.fi\/vepe\/wp-json\/wp\/v2\/pages\/63\/revisions"}],"predecessor-version":[{"id":202,"href":"https:\/\/sites.uwasa.fi\/vepe\/wp-json\/wp\/v2\/pages\/63\/revisions\/202"}],"wp:attachment":[{"href":"https:\/\/sites.uwasa.fi\/vepe\/wp-json\/wp\/v2\/media?parent=63"}],"curies":[{"name":"wp","href":"https:\/\/api.w.org\/{rel}","templated":true}]}}