{"id":61,"date":"2024-06-27T14:29:03","date_gmt":"2024-06-27T11:29:03","guid":{"rendered":"https:\/\/sites.uwasa.fi\/vepe\/?page_id=61"},"modified":"2024-08-06T11:36:37","modified_gmt":"2024-08-06T08:36:37","slug":"tyopaketti-3-potentiaaliset-vedyn-arvoketjut-ja-niihin-liittyvat-osaamisvaatimukset-etela-pohjanmaalla","status":"publish","type":"page","link":"https:\/\/sites.uwasa.fi\/vepe\/tyopaketti-3-potentiaaliset-vedyn-arvoketjut-ja-niihin-liittyvat-osaamisvaatimukset-etela-pohjanmaalla\/","title":{"rendered":"Ty\u00f6paketti 3: Potentiaaliset vedyn arvoketjut ja niihin liittyv\u00e4t osaamisvaatimukset Etel\u00e4- Pohjanmaalla"},"content":{"rendered":"<p><strong>Ty\u00f6pakettijohtaja:<\/strong> VEBIC, Vaasan yliopisto<\/p>\n<p>Ty\u00f6paketin tavoitteena on tunnistaa ja analysoida yksi tai useampi potentiaalinen vetyarvoketju Etel\u00e4-Pohjanmaalla sek\u00e4 tunnistaa niiden toteuttamiseen liittyv\u00e4t alueelliset valmiudet, investointitarpeet ja osaamisvaatimukset.<\/p>\n","protected":false},"excerpt":{"rendered":"<p>Ty\u00f6pakettijohtaja: VEBIC, Vaasan yliopisto Ty\u00f6paketin tavoitteena on tunnistaa ja analysoida yksi tai useampi potentiaalinen vetyarvoketju Etel\u00e4-Pohjanmaalla sek\u00e4 tunnistaa niiden toteuttamiseen liittyv\u00e4t alueelliset valmiudet, investointitarpeet ja osaamisvaatimukset.<\/p>\n","protected":false},"author":147,"featured_media":0,"parent":0,"menu_order":0,"comment_status":"closed","ping_status":"closed","template":"","meta":{"_acf_changed":false,"footnotes":""},"class_list":["post-61","page","type-page","status-publish","hentry"],"acf":[],"lang":"fi","translations":{"fi":61,"en":217},"pll_sync_post":[],"_links":{"self":[{"href":"https:\/\/sites.uwasa.fi\/vepe\/wp-json\/wp\/v2\/pages\/61"}],"collection":[{"href":"https:\/\/sites.uwasa.fi\/vepe\/wp-json\/wp\/v2\/pages"}],"about":[{"href":"https:\/\/sites.uwasa.fi\/vepe\/wp-json\/wp\/v2\/types\/page"}],"author":[{"embeddable":true,"href":"https:\/\/sites.uwasa.fi\/vepe\/wp-json\/wp\/v2\/users\/147"}],"replies":[{"embeddable":true,"href":"https:\/\/sites.uwasa.fi\/vepe\/wp-json\/wp\/v2\/comments?post=61"}],"version-history":[{"count":3,"href":"https:\/\/sites.uwasa.fi\/vepe\/wp-json\/wp\/v2\/pages\/61\/revisions"}],"predecessor-version":[{"id":201,"href":"https:\/\/sites.uwasa.fi\/vepe\/wp-json\/wp\/v2\/pages\/61\/revisions\/201"}],"wp:attachment":[{"href":"https:\/\/sites.uwasa.fi\/vepe\/wp-json\/wp\/v2\/media?parent=61"}],"curies":[{"name":"wp","href":"https:\/\/api.w.org\/{rel}","templated":true}]}}