{"id":55,"date":"2024-06-27T14:28:46","date_gmt":"2024-06-27T11:28:46","guid":{"rendered":"https:\/\/sites.uwasa.fi\/vepe\/?page_id=55"},"modified":"2025-05-23T13:03:18","modified_gmt":"2025-05-23T10:03:18","slug":"tyopaketti-1-puhtaan-vedyn-nykytilan-analyysi-etela-pohjanmaalla","status":"publish","type":"page","link":"https:\/\/sites.uwasa.fi\/vepe\/tyopaketti-1-puhtaan-vedyn-nykytilan-analyysi-etela-pohjanmaalla\/","title":{"rendered":"Ty\u00f6paketti 1: Puhtaan vedyn nykytilan analyysi Etel\u00e4-Pohjanmaalla"},"content":{"rendered":"<p><strong>Ty\u00f6pakettijohtaja: <\/strong>Sein\u00e4joen ammattikorkeakoulu<\/p>\n<p>Ty\u00f6paketin tarkoituksena on muodostaa ymm\u00e4rrys siit\u00e4, millaisia vetytalouteen liittyvi\u00e4 kehityskulkuja ja suunnitelmia Etel\u00e4-Pohjanmaalla on meneill\u00e4\u00e4n, ket\u00e4 keskeiset toimijat ja sidosryhm\u00e4t ovat ja millaisia tarpeita heill\u00e4 on vetytalouden edist\u00e4miseksi.<\/p>\n<p><img loading=\"lazy\" decoding=\"async\" class=\"alignnone size-full wp-image-138\" src=\"https:\/\/sites.uwasa.fi\/vepe\/wp-content\/blogs.dir\/4\/files\/sites\/215\/2024\/06\/vepe-line.png\" alt=\"\" width=\"2000\" height=\"23\" srcset=\"https:\/\/sites.uwasa.fi\/vepe\/wp-content\/blogs.dir\/4\/files\/sites\/215\/2024\/06\/vepe-line.png 2000w, https:\/\/sites.uwasa.fi\/vepe\/wp-content\/blogs.dir\/4\/files\/sites\/215\/2024\/06\/vepe-line-300x3.png 300w, https:\/\/sites.uwasa.fi\/vepe\/wp-content\/blogs.dir\/4\/files\/sites\/215\/2024\/06\/vepe-line-1024x12.png 1024w, https:\/\/sites.uwasa.fi\/vepe\/wp-content\/blogs.dir\/4\/files\/sites\/215\/2024\/06\/vepe-line-768x9.png 768w, https:\/\/sites.uwasa.fi\/vepe\/wp-content\/blogs.dir\/4\/files\/sites\/215\/2024\/06\/vepe-line-1536x18.png 1536w, https:\/\/sites.uwasa.fi\/vepe\/wp-content\/blogs.dir\/4\/files\/sites\/215\/2024\/06\/vepe-line-1920x23.png 1920w\" sizes=\"(max-width: 2000px) 100vw, 2000px\" \/><\/p>\n<p>VEPE hankkeen ensimm\u00e4isess\u00e4 ty\u00f6vaiheessa tehtiin selvitys, jossa arvioitiin vetytaloutta sek\u00e4 sen paikallisten sidosryhm\u00e4verkostojen, ett\u00e4 kansallisen ja kansainv\u00e4lisen kehittymisen osalta.<\/p>\n<p>Vedylle on tarvetta puhtaassa energiaj\u00e4rjestelm\u00e4ss\u00e4 kuten monet selvitykset osoittavat, mutta ennustem\u00e4\u00e4r\u00e4t tavoitetasosta ovat tulleet alasp\u00e4in viime vuosina. Suurin tarve on p\u00e4\u00e4st\u00f6intensiiviselle harmaalle vedylle, jota k\u00e4ytet\u00e4\u00e4n esimerkiksi ammoniakin ja lannoitteiden valmistuksessa. Sen lis\u00e4ksi vedyll\u00e4 on syntym\u00e4ss\u00e4 markkina raudan valmistuksessa, miss\u00e4 suora s\u00e4hk\u00f6istyminen ei k\u00e4y viel\u00e4 t\u00e4ysin ratkaisuksi, sek\u00e4 osittain meri- ja lentoliikenteess\u00e4. N\u00e4iden markkinoiden kehityst\u00e4 sivutaan selvityksess\u00e4 Etel\u00e4-Pohjanmaan n\u00e4k\u00f6kulmasta.<\/p>\n<p>Yksi suurimmista hidastavista tekij\u00f6ist\u00e4 puhtaan vetyalan kehityksell\u00e4 on t\u00e4m\u00e4n selvityksen ja monen muun tuoreen analyysin (kuten Tengler 2024; IEA 2024b ja TNO, 2024) mukaan vetytuotannon korkea kustannustaso. Sen osalta erityisesti elektrolyysij\u00e4rjestelm\u00e4n investointikustannukset ovat 4\u20135 kertaa korkeammat kuin 2020-luvun alussa arvioitiin. Lis\u00e4ksi tuotantokustannukset ovat jopa 8 kertaa korkeammat kuin harmaan vedyn tuotantokustannukset ja yli 4 kertaa korkeammat 2 euron tavoitekilohintaan n\u00e4hden (Martin, 2024b; Laurikko ym., 2020). Tuotantokustannusten odotetaan my\u00f6s kehittyv\u00e4n hitaammin kuin aiemmin arvoitiin (Burchardt ym., 2023). T\u00e4m\u00e4 tarkoittaa sit\u00e4, ett\u00e4 esimerkiksi Suomen vetytuotannon tavoitetason saavuttaminen voi tulla huomattavan kalliiksi julkisen tuen osalta, kuten selvityksen viidenness\u00e4 kappaleessa esitet\u00e4\u00e4n.<\/p>\n<p>Etel\u00e4-Pohjanmaan suunnitelmat vetytalouden kehitt\u00e4miseksi ovat sidoksissa laajempaan puhtaan vetyalan kehitykseen sek\u00e4 kansallisesti ett\u00e4 kansainv\u00e4lisesti. Vaikka kehitys on ollut hidasta, Etel\u00e4-Pohjanmaalla on t\u00e4rkeit\u00e4 kilpailuetuja vedyn tuotannossa ja kulutuksessa, joita kannattaa hy\u00f6dynt\u00e4\u00e4 ja ennakoida. S\u00e4hk\u00f6n nopeasti skaalautuva kapasiteetti voi mahdollistaa paikallisen vetytuotannon, ja s\u00e4hk\u00f6verkon pullonkaulat voivat edist\u00e4\u00e4 t\u00e4t\u00e4 kehityst\u00e4 alueellisesti. Alueen puhtaan s\u00e4hk\u00f6ntuotannon suunnitelmat riitt\u00e4isiv\u00e4t parhaimmillaan jopa muutamaan suureen ter\u00e4stehtaaseen.<\/p>\n<p>Vetytalouden nykytilan analyysin lis\u00e4ksi julkaistaan my\u00f6hemmin erillinen selvitys vedyn tuotannon arvoketjusta ja teknistaloudellisista laskelmista. T\u00e4m\u00e4 selvitys tukee hankkeen seuraavia vaiheita ja auttaa kartoittamaan vetyteollisuuden t\u00e4rkeimpi\u00e4 mahdollisuuksia Etel\u00e4-Pohjanmaalla.<\/p>\n<p>Ty\u00f6paketti 1 selvitys on luettavissa kokonaisuudessaan t\u00e4\u00e4ll\u00e4: <a href=\"https:\/\/sites.uwasa.fi\/vepe\/wp-content\/blogs.dir\/4\/files\/sites\/215\/2024\/11\/Vetytalouden-nykytila-analyysi_VEPE.pdf\" target=\"_blank\" rel=\"noopener\">TP1 &#8211; Vetytalouden nykytila-analyysi<\/a><\/p>\n<p>&nbsp;<\/p>\n","protected":false},"excerpt":{"rendered":"<p>Ty\u00f6pakettijohtaja: Sein\u00e4joen ammattikorkeakoulu Ty\u00f6paketin tarkoituksena on muodostaa ymm\u00e4rrys siit\u00e4, millaisia vetytalouteen liittyvi\u00e4 kehityskulkuja ja suunnitelmia Etel\u00e4-Pohjanmaalla on meneill\u00e4\u00e4n, ket\u00e4 keskeiset toimijat ja sidosryhm\u00e4t ovat ja millaisia tarpeita heill\u00e4 on vetytalouden edist\u00e4miseksi. VEPE hankkeen ensimm\u00e4isess\u00e4 ty\u00f6vaiheessa tehtiin selvitys, jossa arvioitiin vetytaloutta sek\u00e4 sen paikallisten sidosryhm\u00e4verkostojen, ett\u00e4 kansallisen ja kansainv\u00e4lisen kehittymisen osalta. Vedylle on tarvetta puhtaassa energiaj\u00e4rjestelm\u00e4ss\u00e4 [&hellip;]<\/p>\n","protected":false},"author":147,"featured_media":0,"parent":0,"menu_order":0,"comment_status":"closed","ping_status":"closed","template":"","meta":{"_acf_changed":false,"footnotes":""},"class_list":["post-55","page","type-page","status-publish","hentry"],"acf":[],"lang":"fi","translations":{"fi":55,"en":209},"pll_sync_post":[],"_links":{"self":[{"href":"https:\/\/sites.uwasa.fi\/vepe\/wp-json\/wp\/v2\/pages\/55"}],"collection":[{"href":"https:\/\/sites.uwasa.fi\/vepe\/wp-json\/wp\/v2\/pages"}],"about":[{"href":"https:\/\/sites.uwasa.fi\/vepe\/wp-json\/wp\/v2\/types\/page"}],"author":[{"embeddable":true,"href":"https:\/\/sites.uwasa.fi\/vepe\/wp-json\/wp\/v2\/users\/147"}],"replies":[{"embeddable":true,"href":"https:\/\/sites.uwasa.fi\/vepe\/wp-json\/wp\/v2\/comments?post=55"}],"version-history":[{"count":10,"href":"https:\/\/sites.uwasa.fi\/vepe\/wp-json\/wp\/v2\/pages\/55\/revisions"}],"predecessor-version":[{"id":324,"href":"https:\/\/sites.uwasa.fi\/vepe\/wp-json\/wp\/v2\/pages\/55\/revisions\/324"}],"wp:attachment":[{"href":"https:\/\/sites.uwasa.fi\/vepe\/wp-json\/wp\/v2\/media?parent=55"}],"curies":[{"name":"wp","href":"https:\/\/api.w.org\/{rel}","templated":true}]}}