{"id":52,"date":"2024-04-15T08:41:26","date_gmt":"2024-04-15T05:41:26","guid":{"rendered":"https:\/\/sites.uwasa.fi\/vepe\/?page_id=52"},"modified":"2026-01-28T11:19:41","modified_gmt":"2026-01-28T09:19:41","slug":"tulokset","status":"publish","type":"page","link":"https:\/\/sites.uwasa.fi\/vepe\/tulokset\/","title":{"rendered":"Uutiset ja tulokset"},"content":{"rendered":"<p><em>Uutiset, artikkelit, blogitekstit ja muut hankkeeseen liittyv\u00e4t mediatiedotteet luetellaan t\u00e4ss\u00e4.<\/em><\/p>\n<p><strong>Ensimm\u00e4inen lehdist\u00f6tiedote: <\/strong><a href=\"https:\/\/www.uwasa.fi\/fi\/uutishuone\/uutiset\/vaasan-yliopiston-ja-seinajoen-ammattikorkeakoulun-uudessa-hankkeessa\"><span class=\"field field--name-title field--type-string field--label-hidden\">Vaasan yliopiston ja Sein\u00e4joen ammattikorkeakoulun uudessa hankkeessa pureudutaan vetytalouden mahdollisuuksiin Etel\u00e4-Pohjanmaalla<\/span><\/a><\/p>\n<p><strong>Reflektiivinen artikkeli liittyen TP2:n teht\u00e4v\u00e4\u00e4n 2.3:<\/strong> <a href=\"https:\/\/lehti.seamk.fi\/verkkolehti\/voiko-etela-pohjanmaasta-tulla-vetytalouden-edellakavija-maakunta-tunnetaan-jo-vahvasta-uusiutuvan-energian-tuotannosta-mutta-nyt-katseet-kaantyvat-vetyyn-energiamuotoon-joka-voi-mullista\/\" target=\"_blank\" rel=\"noopener\">Voiko Etel\u00e4-Pohjanmaasta tulla vetytalouden edell\u00e4k\u00e4vij\u00e4?<\/a><\/p>\n<p><strong>Reflektiivinen artikkeli liittyen TP3:n teht\u00e4v\u00e4\u00e4n 3.1: <\/strong><a href=\"https:\/\/lehti.seamk.fi\/verkkolehti\/riittaako-vesi-vetytaloudelle-etela-pohjanmaalla\/\" target=\"_blank\" rel=\"noopener\">Riitt\u00e4\u00e4k\u00f6 vesi vetytaloudelle Etel\u00e4-Pohjanmaalla?<\/a><\/p>\n<p><img loading=\"lazy\" decoding=\"async\" class=\"alignleft size-full wp-image-138\" src=\"https:\/\/sites.uwasa.fi\/vepe\/wp-content\/blogs.dir\/4\/files\/sites\/215\/2024\/06\/vepe-line.png\" alt=\"\" width=\"2000\" height=\"23\" srcset=\"https:\/\/sites.uwasa.fi\/vepe\/wp-content\/blogs.dir\/4\/files\/sites\/215\/2024\/06\/vepe-line.png 2000w, https:\/\/sites.uwasa.fi\/vepe\/wp-content\/blogs.dir\/4\/files\/sites\/215\/2024\/06\/vepe-line-300x3.png 300w, https:\/\/sites.uwasa.fi\/vepe\/wp-content\/blogs.dir\/4\/files\/sites\/215\/2024\/06\/vepe-line-1024x12.png 1024w, https:\/\/sites.uwasa.fi\/vepe\/wp-content\/blogs.dir\/4\/files\/sites\/215\/2024\/06\/vepe-line-768x9.png 768w, https:\/\/sites.uwasa.fi\/vepe\/wp-content\/blogs.dir\/4\/files\/sites\/215\/2024\/06\/vepe-line-1536x18.png 1536w, https:\/\/sites.uwasa.fi\/vepe\/wp-content\/blogs.dir\/4\/files\/sites\/215\/2024\/06\/vepe-line-1920x23.png 1920w\" sizes=\"(max-width: 2000px) 100vw, 2000px\" \/><\/p>\n<p><em>Hankkeeseen liittyv\u00e4t julkaisut luetellaan t\u00e4ss\u00e4.<\/em><\/p>\n<p><a href=\"https:\/\/sites.uwasa.fi\/vepe\/wp-content\/blogs.dir\/4\/files\/sites\/215\/2024\/11\/Vetytalouden-nykytila-analyysi_VEPE.pdf\" target=\"_blank\" rel=\"noopener\">TP1 &#8211; Vetytalouden nykytila-analyysi<\/a><\/p>\n<p><a href=\"https:\/\/sites.uwasa.fi\/vepe\/wp-content\/blogs.dir\/4\/files\/sites\/215\/2025\/02\/VEPE_WP2_T2.1.pdf\" target=\"_blank\" rel=\"noopener\">T2.1 Vetyekosysteemien taustakartoitus<\/a> (Teksti englanniksi)<\/p>\n<p><a href=\"https:\/\/sites.uwasa.fi\/vepe\/wp-content\/blogs.dir\/4\/files\/sites\/215\/2026\/01\/VEPE-WP2-report-final-version-tables.pdf\" target=\"_blank\" rel=\"noopener\">TP2 Puhtaan vedyn ekosysteemin suunnitelma<\/a> (Teksti englanniksi)<\/p>\n","protected":false},"excerpt":{"rendered":"<p>Uutiset, artikkelit, blogitekstit ja muut hankkeeseen liittyv\u00e4t mediatiedotteet luetellaan t\u00e4ss\u00e4. Ensimm\u00e4inen lehdist\u00f6tiedote: Vaasan yliopiston ja Sein\u00e4joen ammattikorkeakoulun uudessa hankkeessa pureudutaan vetytalouden mahdollisuuksiin Etel\u00e4-Pohjanmaalla Reflektiivinen artikkeli liittyen TP2:n teht\u00e4v\u00e4\u00e4n 2.3: Voiko Etel\u00e4-Pohjanmaasta tulla vetytalouden edell\u00e4k\u00e4vij\u00e4? Reflektiivinen artikkeli liittyen TP3:n teht\u00e4v\u00e4\u00e4n 3.1: Riitt\u00e4\u00e4k\u00f6 vesi vetytaloudelle Etel\u00e4-Pohjanmaalla? Hankkeeseen liittyv\u00e4t julkaisut luetellaan t\u00e4ss\u00e4. TP1 &#8211; Vetytalouden nykytila-analyysi T2.1 Vetyekosysteemien [&hellip;]<\/p>\n","protected":false},"author":147,"featured_media":0,"parent":0,"menu_order":0,"comment_status":"closed","ping_status":"closed","template":"","meta":{"_acf_changed":false,"footnotes":""},"class_list":["post-52","page","type-page","status-publish","hentry"],"acf":[],"lang":"fi","translations":{"fi":52,"en":78},"pll_sync_post":[],"_links":{"self":[{"href":"https:\/\/sites.uwasa.fi\/vepe\/wp-json\/wp\/v2\/pages\/52"}],"collection":[{"href":"https:\/\/sites.uwasa.fi\/vepe\/wp-json\/wp\/v2\/pages"}],"about":[{"href":"https:\/\/sites.uwasa.fi\/vepe\/wp-json\/wp\/v2\/types\/page"}],"author":[{"embeddable":true,"href":"https:\/\/sites.uwasa.fi\/vepe\/wp-json\/wp\/v2\/users\/147"}],"replies":[{"embeddable":true,"href":"https:\/\/sites.uwasa.fi\/vepe\/wp-json\/wp\/v2\/comments?post=52"}],"version-history":[{"count":11,"href":"https:\/\/sites.uwasa.fi\/vepe\/wp-json\/wp\/v2\/pages\/52\/revisions"}],"predecessor-version":[{"id":350,"href":"https:\/\/sites.uwasa.fi\/vepe\/wp-json\/wp\/v2\/pages\/52\/revisions\/350"}],"wp:attachment":[{"href":"https:\/\/sites.uwasa.fi\/vepe\/wp-json\/wp\/v2\/media?parent=52"}],"curies":[{"name":"wp","href":"https:\/\/api.w.org\/{rel}","templated":true}]}}