{"id":3,"date":"2024-08-05T15:04:26","date_gmt":"2024-08-05T12:04:26","guid":{"rendered":"https:\/\/sites.uwasa.fi\/vepe\/?page_id=3"},"modified":"2024-08-05T15:29:58","modified_gmt":"2024-08-05T12:29:58","slug":"hanke","status":"publish","type":"page","link":"https:\/\/sites.uwasa.fi\/vepe\/hanke\/","title":{"rendered":"Hanke"},"content":{"rendered":"<h4>VEPE-hankkeessa tarkastellaan puhtaan vetytalouden luomia mahdollisuuksia Etel\u00e4-Pohjanmaalla, niihin liittyvi\u00e4 potentiaalisia arvoketjuja sek\u00e4 pullonkauloja ja kehitt\u00e4mistarpeitamaakunnan erityispiirteet huomioiden.<\/h4>\n<p>Vetytalouden n\u00e4hd\u00e4\u00e4n olevan keskeisess\u00e4 roolissa energiatransitiossa ja taistelussa ilmastomuutosta vastaan. Etel\u00e4-Pohjanmaalla on tunnistettu potentiaali puhtaan vedyn tuottamiselle uusiutuvaan energiaan perustuen. Kuitenkin ymm\u00e4rrys siit\u00e4, mill\u00e4 tavoin vedyn tuottamisen hy\u00f6dyt j\u00e4\u00e4v\u00e4t alueelle, millaisiin arvoketjuihin mahdollisuudet liittyv\u00e4t, ja millaisia kehitystoimia ja investointeja se vaatii, on puutteellista.<\/p>\n<p>Hankkeen kokonaisvaltaisena tavoitteena on tuottaa uutta tietoa vetytalouden mahdollisuuksista ja niihin liittyvist\u00e4 pullonkauloista Etel\u00e4-Pohjanmaalla, sek\u00e4 luoda edellytyksi\u00e4 vetytalouden ja vetyekosysteemin kehittymiselle ja toimenpiteiden k\u00e4ynnistymiselle maakunnassa.<\/p>\n<p>Hankkeen tavoitteeseen pyrit\u00e4\u00e4n nelj\u00e4n alatavoitteen kautta. Ensimm\u00e4isen\u00e4 alatavoitteena on tuottaa vedyn nykytila-analyysi Etel\u00e4-Pohjanmaalla, miss\u00e4 a) tunnistetaan keskeiset ja potentiaaliset alueelliset toimijat ja sidosryhm\u00e4t, b) tunnistetaan meneill\u00e4\u00e4n olevat, vetyyn liittyv\u00e4t aloitteet ja suunnitelmat, sek\u00e4 3) kartoitetaan toimijoiden vetytalouteen liittyv\u00e4t tarpeensa (mm. infrastruktuurin, investointeihin ja osaamiseen liittyv\u00e4t tarpeet). Toisena alatavoitteena on puhtaan vetyekosysteemin suunnittelu, mink\u00e4 keski\u00f6ss\u00e4 on ekosysteemin keskeisten toimijoiden ja sidosryhmien m\u00e4pp\u00e4ys sek\u00e4 ekosysteemin visualisointi, ekosysteemin arvonmuodostus ja toiminnan suunnittelu sek\u00e4 ekosysteemin muotoilu (design). Kolmantena alatavoitteena on vedyn arvoketjuanalyysi, miss\u00e4 keskeist\u00e4 on tunnistaa ja analysoida vedyn potentiaalinen arvoketju alueellisessa kontekstissa, siihen liittyv\u00e4n teknis-taloudellisen analyysin suorittaminen sek\u00e4 arvoketjun toteuttamiseen ja vetytalouden kehittymiseen liittyvien alueellisten osaamis- ja koulutustarpiden tunnistaminen. Nelj\u00e4nten\u00e4 alatavoitteena on toimintasuunnitelman laatiminen vetytalouden kehittymisen edist\u00e4miseksi Etel\u00e4-Pohjanmaalla.<\/p>\n<h4><\/h4>\n<p><img loading=\"lazy\" decoding=\"async\" class=\"alignnone wp-image-138 size-full\" src=\"https:\/\/sites.uwasa.fi\/vepe\/wp-content\/blogs.dir\/4\/files\/sites\/215\/2024\/06\/vepe-line.png\" alt=\"\" width=\"2000\" height=\"23\" srcset=\"https:\/\/sites.uwasa.fi\/vepe\/wp-content\/blogs.dir\/4\/files\/sites\/215\/2024\/06\/vepe-line.png 2000w, https:\/\/sites.uwasa.fi\/vepe\/wp-content\/blogs.dir\/4\/files\/sites\/215\/2024\/06\/vepe-line-300x3.png 300w, https:\/\/sites.uwasa.fi\/vepe\/wp-content\/blogs.dir\/4\/files\/sites\/215\/2024\/06\/vepe-line-1024x12.png 1024w, https:\/\/sites.uwasa.fi\/vepe\/wp-content\/blogs.dir\/4\/files\/sites\/215\/2024\/06\/vepe-line-768x9.png 768w, https:\/\/sites.uwasa.fi\/vepe\/wp-content\/blogs.dir\/4\/files\/sites\/215\/2024\/06\/vepe-line-1536x18.png 1536w, https:\/\/sites.uwasa.fi\/vepe\/wp-content\/blogs.dir\/4\/files\/sites\/215\/2024\/06\/vepe-line-1920x23.png 1920w\" sizes=\"(max-width: 2000px) 100vw, 2000px\" \/><\/p>\n<h4>Hanke tuottaa seuraavat tulokset:<\/h4>\n<ul>\n<li>Nykytila-analyysi Etel\u00e4-Pohjanmaan vetytalouden meneill\u00e4\u00e4n oleviin kehityskulkuihin ja tulevaisuuden suunnitelmiin liittyen<\/li>\n<li>Etel\u00e4-Pohjanmaan puhtaan vedyn ekosysteemin muotoilu (design)<\/li>\n<li>Tulokset arvoketjuanalyysist\u00e4 ja teknistaloudellisesta analyysista, mukaan lukien alueellisten valmiuksien ja koulutustarpeiden tunnistaminen puhtaan vetytalouden kehitt\u00e4miseksi alueella<\/li>\n<li>Toimintasuunnitelma vetytalouden kehittymisen edist\u00e4miseksi Etel\u00e4-Pohjanmaalla<\/li>\n<\/ul>\n<h4><\/h4>\n<p><img loading=\"lazy\" decoding=\"async\" class=\"alignnone size-full wp-image-138\" src=\"https:\/\/sites.uwasa.fi\/vepe\/wp-content\/blogs.dir\/4\/files\/sites\/215\/2024\/06\/vepe-line.png\" alt=\"\" width=\"2000\" height=\"23\" srcset=\"https:\/\/sites.uwasa.fi\/vepe\/wp-content\/blogs.dir\/4\/files\/sites\/215\/2024\/06\/vepe-line.png 2000w, https:\/\/sites.uwasa.fi\/vepe\/wp-content\/blogs.dir\/4\/files\/sites\/215\/2024\/06\/vepe-line-300x3.png 300w, https:\/\/sites.uwasa.fi\/vepe\/wp-content\/blogs.dir\/4\/files\/sites\/215\/2024\/06\/vepe-line-1024x12.png 1024w, https:\/\/sites.uwasa.fi\/vepe\/wp-content\/blogs.dir\/4\/files\/sites\/215\/2024\/06\/vepe-line-768x9.png 768w, https:\/\/sites.uwasa.fi\/vepe\/wp-content\/blogs.dir\/4\/files\/sites\/215\/2024\/06\/vepe-line-1536x18.png 1536w, https:\/\/sites.uwasa.fi\/vepe\/wp-content\/blogs.dir\/4\/files\/sites\/215\/2024\/06\/vepe-line-1920x23.png 1920w\" sizes=\"(max-width: 2000px) 100vw, 2000px\" \/><\/p>\n<h4>Hankkeella odotetaan olevan seuraanvalaisia pitk\u00e4n aikav\u00e4lin vaikutuksia:<\/h4>\n<ul>\n<li>Etel\u00e4-Pohjanmaan alueen profiilin ja n\u00e4kyvyyden paraneminen puhtaan vedyn ekosysteemiin ja vetyaloitteisiin liittyen<\/li>\n<li>Valmius alueella tapahtuvaan vedyn tuotantoon ja k\u00e4ytt\u00f6\u00f6n kasvaa<\/li>\n<li>Tietoisuus puhtaasta vedyst\u00e4 ja sen tuomista mahdollisuuksista kasvaa, ja vedyn rooli alueen oppilaitosten koulutussis\u00e4ll\u00f6iss\u00e4 lis\u00e4\u00e4ntyy<\/li>\n<li>Vedyn ekosysteemiin ja arvoketjuun osallistuvien toimijoiden m\u00e4\u00e4r\u00e4 kasvaa<\/li>\n<li>Julkiseen ja yksityiseen rahoitukseen perustuvien puhtaaseen vetyyn liittyvien hankkeiden m\u00e4\u00e4r\u00e4 kasvaa alueella<\/li>\n<\/ul>\n<h4><\/h4>\n<p><img loading=\"lazy\" decoding=\"async\" class=\"alignnone size-full wp-image-138\" src=\"https:\/\/sites.uwasa.fi\/vepe\/wp-content\/blogs.dir\/4\/files\/sites\/215\/2024\/06\/vepe-line.png\" alt=\"\" width=\"2000\" height=\"23\" srcset=\"https:\/\/sites.uwasa.fi\/vepe\/wp-content\/blogs.dir\/4\/files\/sites\/215\/2024\/06\/vepe-line.png 2000w, https:\/\/sites.uwasa.fi\/vepe\/wp-content\/blogs.dir\/4\/files\/sites\/215\/2024\/06\/vepe-line-300x3.png 300w, https:\/\/sites.uwasa.fi\/vepe\/wp-content\/blogs.dir\/4\/files\/sites\/215\/2024\/06\/vepe-line-1024x12.png 1024w, https:\/\/sites.uwasa.fi\/vepe\/wp-content\/blogs.dir\/4\/files\/sites\/215\/2024\/06\/vepe-line-768x9.png 768w, https:\/\/sites.uwasa.fi\/vepe\/wp-content\/blogs.dir\/4\/files\/sites\/215\/2024\/06\/vepe-line-1536x18.png 1536w, https:\/\/sites.uwasa.fi\/vepe\/wp-content\/blogs.dir\/4\/files\/sites\/215\/2024\/06\/vepe-line-1920x23.png 1920w\" sizes=\"(max-width: 2000px) 100vw, 2000px\" \/><\/p>\n<h4>Hankkeen toimenpiteet on jaettu viiteen toisiinsa kytkeytyv\u00e4\u00e4n ty\u00f6pakettiin:<\/h4>\n<p><a href=\"https:\/\/sites.uwasa.fi\/vepe\/tyopaketti-1-puhtaan-vedyn-nykytilan-analyysi-etela-pohjanmaalla\/\"><strong>Ty\u00f6paketti 1:<\/strong> Puhtaan vedyn nykytilan analyysi Etel\u00e4-Pohjanmaalla<\/a><\/p>\n<p><a href=\"https:\/\/sites.uwasa.fi\/vepe\/tyopaketti-2-puhtaan-vedyn-ekosysteemin-suunnittelu\/\"><strong>Ty\u00f6paketti 2:<\/strong> Puhtaan vedyn ekosysteemin suunnittelu<\/a><\/p>\n<p><a href=\"https:\/\/sites.uwasa.fi\/vepe\/tyopaketti-3-potentiaaliset-vedyn-arvoketjut-ja-niihin-liittyvat-osaamisvaatimukset-etela-pohjanmaalla\/\"><strong>Ty\u00f6paketti 3:<\/strong> Potentiaaliset vedyn arvoketjut ja niihin liittyv\u00e4t osaamisvaatimukset Etel\u00e4-Pohjanmaalla<\/a><\/p>\n<p><a href=\"https:\/\/sites.uwasa.fi\/vepe\/tyopaketti-4-toimintasuunnitelman-laatiminen\/\"><strong>Ty\u00f6paketti 4:<\/strong> Toimintasuunnitelman laatiminen<\/a><\/p>\n<p><a href=\"https:\/\/sites.uwasa.fi\/vepe\/tyopaketti-5-hankeviestinta-disseminaatio-eksploitaatio-ja-projektinhallinta\/\"><strong>Ty\u00f6paketti 5:<\/strong> Hankeviestint\u00e4, disseminaatio, eksploitaatio ja projektinhallinta<\/a><\/p>\n","protected":false},"excerpt":{"rendered":"<p>VEPE-hankkeessa tarkastellaan puhtaan vetytalouden luomia mahdollisuuksia Etel\u00e4-Pohjanmaalla, niihin liittyvi\u00e4 potentiaalisia arvoketjuja sek\u00e4 pullonkauloja ja kehitt\u00e4mistarpeitamaakunnan erityispiirteet huomioiden. Vetytalouden n\u00e4hd\u00e4\u00e4n olevan keskeisess\u00e4 roolissa energiatransitiossa ja taistelussa ilmastomuutosta vastaan. Etel\u00e4-Pohjanmaalla on tunnistettu potentiaali puhtaan vedyn tuottamiselle uusiutuvaan energiaan perustuen. Kuitenkin ymm\u00e4rrys siit\u00e4, mill\u00e4 tavoin vedyn tuottamisen hy\u00f6dyt j\u00e4\u00e4v\u00e4t alueelle, millaisiin arvoketjuihin mahdollisuudet liittyv\u00e4t, ja millaisia kehitystoimia ja [&hellip;]<\/p>\n","protected":false},"author":147,"featured_media":0,"parent":0,"menu_order":0,"comment_status":"closed","ping_status":"closed","template":"","meta":{"_acf_changed":false,"footnotes":""},"class_list":["post-3","page","type-page","status-publish","hentry"],"acf":[],"lang":"fi","translations":{"fi":3,"en":100},"pll_sync_post":[],"_links":{"self":[{"href":"https:\/\/sites.uwasa.fi\/vepe\/wp-json\/wp\/v2\/pages\/3"}],"collection":[{"href":"https:\/\/sites.uwasa.fi\/vepe\/wp-json\/wp\/v2\/pages"}],"about":[{"href":"https:\/\/sites.uwasa.fi\/vepe\/wp-json\/wp\/v2\/types\/page"}],"author":[{"embeddable":true,"href":"https:\/\/sites.uwasa.fi\/vepe\/wp-json\/wp\/v2\/users\/147"}],"replies":[{"embeddable":true,"href":"https:\/\/sites.uwasa.fi\/vepe\/wp-json\/wp\/v2\/comments?post=3"}],"version-history":[{"count":14,"href":"https:\/\/sites.uwasa.fi\/vepe\/wp-json\/wp\/v2\/pages\/3\/revisions"}],"predecessor-version":[{"id":196,"href":"https:\/\/sites.uwasa.fi\/vepe\/wp-json\/wp\/v2\/pages\/3\/revisions\/196"}],"wp:attachment":[{"href":"https:\/\/sites.uwasa.fi\/vepe\/wp-json\/wp\/v2\/media?parent=3"}],"curies":[{"name":"wp","href":"https:\/\/api.w.org\/{rel}","templated":true}]}}