{"id":9,"date":"2020-05-15T16:34:49","date_gmt":"2020-05-15T13:34:49","guid":{"rendered":"https:\/\/sites.uwasa.fi\/vakki2021\/?page_id=9"},"modified":"2021-02-09T10:27:33","modified_gmt":"2021-02-09T08:27:33","slug":"ilmoittautuminen","status":"publish","type":"page","link":"https:\/\/sites.uwasa.fi\/vakki2021\/ilmoittautuminen\/","title":{"rendered":"Ilmoittautuminen"},"content":{"rendered":"<p>Ilmoittautuminen symposiumiin on p\u00e4\u00e4ttynyt. Linkit plenaareihin ja paneelisessioihin on l\u00e4hetetty ilmoittautuneille s\u00e4hk\u00f6postitse 9.2.2021. Mik\u00e4li kutsusi ei ole tullut perille, pyyd\u00e4mme yst\u00e4v\u00e4llisesti ottamaan yhteytt\u00e4 symposiumin j\u00e4rjest\u00e4jiin: symposium@vakki.net.<\/p>\n<h2>Liity j\u00e4seneksi<\/h2>\n<p>VAKKI toivottaa tervetulleiksi j\u00e4senist\u00f6\u00f6ns\u00e4 tutkijat, kielen ja viestinn\u00e4n ammattilaiset ja opiskelijat.<\/p>\n<p>VAKKI ry:n j\u00e4senmaksu kaudella 2021 on 10 euroa. Maksamalla j\u00e4senmaksun tuet VAKKI-yhdistyksen toimintaa: symposiumia, julkaisusarjaa ja tutkijoiden verkostoitumista.<\/p>\n<p>J\u00e4seneksi p\u00e4\u00e4set maksamalla j\u00e4senmaksun VAKKI ry:n tilille FI8549703440005645 (BIC: HELSFIHH).<\/p>\n","protected":false},"excerpt":{"rendered":"<p>Ilmoittautuminen symposiumiin on p\u00e4\u00e4ttynyt. Linkit plenaareihin ja paneelisessioihin on l\u00e4hetetty ilmoittautuneille s\u00e4hk\u00f6postitse 9.2.2021. Mik\u00e4li kutsusi ei ole tullut perille, pyyd\u00e4mme yst\u00e4v\u00e4llisesti ottamaan yhteytt\u00e4 symposiumin j\u00e4rjest\u00e4jiin: symposium@vakki.net. Liity j\u00e4seneksi VAKKI toivottaa tervetulleiksi j\u00e4senist\u00f6\u00f6ns\u00e4 tutkijat, kielen ja viestinn\u00e4n ammattilaiset ja opiskelijat. VAKKI ry:n j\u00e4senmaksu kaudella 2021 on 10 euroa. Maksamalla j\u00e4senmaksun tuet VAKKI-yhdistyksen toimintaa: symposiumia, julkaisusarjaa ja [&hellip;]<\/p>\n","protected":false},"author":100,"featured_media":0,"parent":0,"menu_order":0,"comment_status":"closed","ping_status":"closed","template":"","meta":{"_acf_changed":false,"footnotes":""},"class_list":["post-9","page","type-page","status-publish","hentry"],"acf":[],"lang":"fi","translations":{"fi":9,"en":90},"pll_sync_post":[],"_links":{"self":[{"href":"https:\/\/sites.uwasa.fi\/vakki2021\/wp-json\/wp\/v2\/pages\/9"}],"collection":[{"href":"https:\/\/sites.uwasa.fi\/vakki2021\/wp-json\/wp\/v2\/pages"}],"about":[{"href":"https:\/\/sites.uwasa.fi\/vakki2021\/wp-json\/wp\/v2\/types\/page"}],"author":[{"embeddable":true,"href":"https:\/\/sites.uwasa.fi\/vakki2021\/wp-json\/wp\/v2\/users\/100"}],"replies":[{"embeddable":true,"href":"https:\/\/sites.uwasa.fi\/vakki2021\/wp-json\/wp\/v2\/comments?post=9"}],"version-history":[{"count":11,"href":"https:\/\/sites.uwasa.fi\/vakki2021\/wp-json\/wp\/v2\/pages\/9\/revisions"}],"predecessor-version":[{"id":399,"href":"https:\/\/sites.uwasa.fi\/vakki2021\/wp-json\/wp\/v2\/pages\/9\/revisions\/399"}],"wp:attachment":[{"href":"https:\/\/sites.uwasa.fi\/vakki2021\/wp-json\/wp\/v2\/media?parent=9"}],"curies":[{"name":"wp","href":"https:\/\/api.w.org\/{rel}","templated":true}]}}