{"id":86,"date":"2020-09-17T16:54:18","date_gmt":"2020-09-17T13:54:18","guid":{"rendered":"https:\/\/sites.uwasa.fi\/vakki2021\/?page_id=86"},"modified":"2021-03-31T14:12:03","modified_gmt":"2021-03-31T11:12:03","slug":"program","status":"publish","type":"page","link":"https:\/\/sites.uwasa.fi\/vakki2021\/en\/program\/","title":{"rendered":"Program"},"content":{"rendered":"<h3><strong>Thursday, February 11, 2021<\/strong><\/h3>\n<p>The XLI International VAKKI Symposium&#8217;s <a href=\"https:\/\/univaasa.panopto.nordu.net\/Panopto\/Pages\/Viewer.aspx?id=8fd555dc-c2a2-4aff-9bbd-acca009129cc\" target=\"_blank\" rel=\"noopener\">opening words on video<\/a>, chair of VAKKI Association Merja Koskela<\/p>\n<h4><a href=\"https:\/\/sites.uwasa.fi\/vakki2021\/en\/keynotes\/\" target=\"_blank\" rel=\"noopener noreferrer\"><strong>Keynotes<\/strong><\/a><\/h4>\n<p><strong>12:00\u201313:45<\/strong> (UTC+2)<\/p>\n<p>Assistant Professor Emma Christensen (Roskilde University) and Professor Lars Th\u00f8ger Christensen (Copenhagen Business School)<\/p>\n<p>&#8221;Examining the (Re)presentational Voice&#8221;<\/p>\n<p><strong>13:45\u201314:15<\/strong> (UTC+2)<\/p>\n<p>Virtual coffee break<\/p>\n<p><strong>14:15\u201316:00<\/strong> (UTC+2)<\/p>\n<p>Professor Samantha Warren (University of Portsmouth)<\/p>\n<p>&#8221;Using Instagram in a participant-led field study: Reflections on the politics of organizational communication and identity&#8221;<\/p>\n<p>&nbsp;<\/p>\n<h3><strong>Friday, February 12, 2021<\/strong><\/h3>\n<table style=\"height: 19px;width: 99.77426636568849%;border-collapse: collapse;background-color: #ffffff\" border=\"1\">\n<tbody>\n<tr style=\"background-color: #ffd100\">\n<td style=\"width: 8.823529411764705%\"><strong>Time (Helsinki, UTC+2)<\/strong><\/td>\n<td style=\"width: 41.17647058823529%\"><span lang=\"FI\"><strong>Thematic panel session<\/strong><\/span><\/td>\n<td style=\"width: 8.257918552036202%\"><strong>Time (Helsinki, UTC+2)<\/strong><\/td>\n<td style=\"width: 41.7420814479638%\"><span lang=\"FI\"><strong>Thematic panel session<\/strong><\/span><\/td>\n<\/tr>\n<tr style=\"height: 24px;background-color: #ededed\">\n<td style=\"width: 8.823529411764705%;height: 24px\"><strong>9:00\u201310:00\u00a0<\/strong>(UTC+2)<\/td>\n<td style=\"width: 41.17647058823529%;height: 24px\"><span lang=\"FI\"><a href=\"https:\/\/sites.uwasa.fi\/vakki2021\/en\/kasitteiden-omaksuminen-ja-kaytto-politiikan-ja-lainsaadantotyon-kontekstissa-tarkastelussa-suomen-liikennepalvelulakiprosessi-2015-2019\/\" target=\"_blank\" rel=\"noopener noreferrer\"><strong>K\u00e4sitteiden omaksuminen ja k\u00e4ytt\u00f6 politiikan ja lains\u00e4\u00e4d\u00e4nt\u00f6ty\u00f6n kontekstissa: Tarkastelussa Suomen liikennepalvelulakiprosessi (2015-2019)<\/strong><\/a> (in Finnish)<\/span><\/td>\n<td style=\"width: 8.257918552036202%;height: 24px\"><strong>9:00\u201310:30\u00a0<\/strong>(UTC+2)<\/td>\n<td style=\"width: 41.7420814479638%;height: 24px\"><span lang=\"FI\"><a href=\"https:\/\/sites.uwasa.fi\/vakki2021\/en\/digimaailman-tasa-arvo-ja-multimodaalinen-kaytettavyys\/\" target=\"_blank\" rel=\"noopener noreferrer\"><strong>Digimaailman tasa-arvo ja multimodaalinen k\u00e4ytett\u00e4vyys<\/strong><\/a> (in Finnish)<\/span><\/td>\n<\/tr>\n<tr style=\"height: 72px;background-color: #ededed\">\n<td style=\"width: 8.823529411764705%;height: 72px\"><strong>12:00\u201314:30\u00a0<\/strong>(UTC+2)<\/td>\n<td style=\"width: 41.17647058823529%;height: 72px\">\n<div><a href=\"https:\/\/sites.uwasa.fi\/vakki2021\/en\/terminology-and-mediation-in-workplace-communication\/\" target=\"_blank\" rel=\"noopener noreferrer\"><span lang=\"EN-US\"><strong>Terminology and mediation in workplace communication<\/strong> <\/span><\/a><\/div>\n<\/td>\n<td style=\"width: 8.257918552036202%;height: 72px\"><strong>12:00\u201314:30\u00a0<\/strong>(UTC+2)<\/td>\n<td style=\"width: 41.7420814479638%;height: 72px\"><a href=\"https:\/\/sites.uwasa.fi\/vakki2021\/en\/perspectives-to-responsibility-in-organizational-communication\/\" target=\"_blank\" rel=\"noopener noreferrer\"><strong>Perspectives to responsibility in organizational communication<\/strong><\/a><\/td>\n<\/tr>\n<tr style=\"background-color: #ededed\">\n<td style=\"width: 8.823529411764705%\"><strong>15:00\u201316:30\u00a0<\/strong>(UTC+2)<\/td>\n<td style=\"width: 41.17647058823529%\"><a href=\"https:\/\/sites.uwasa.fi\/vakki2021\/en\/sprachen-diskurse-und-kommunikationsfertigkeiten-im-berufsleben-und-in-der-akademischen-welt-ein-plurilingualer-sprachmittlungsworkshop\/\" target=\"_blank\" rel=\"noopener noreferrer\"><strong>Sprachen, Diskurse und Kommunikationsfertigkeiten im Berufsleben und in der akademischen Welt.\u00a0<\/strong><\/a><span style=\"font-family: inherit;font-size: inherit\"><strong>Ein plurilingualer Sprachmittlungsworkshop<\/strong><\/span><\/td>\n<td style=\"width: 8.257918552036202%\"><strong>15:00\u201317:00\u00a0<\/strong>(UTC+2)<\/td>\n<td style=\"width: 41.7420814479638%\">\n<div><a href=\"https:\/\/sites.uwasa.fi\/vakki2021\/en\/terms-and-conditions-working-with-terminology-during-a-pandemic\/\" target=\"_blank\" rel=\"noopener noreferrer\"><strong><span lang=\"EN-GB\">Terms and conditions \u2013 working with terminology during a pandemic\u00a0<\/span><\/strong><\/a><\/div>\n<\/td>\n<\/tr>\n<\/tbody>\n<\/table>\n<p>&nbsp;<\/p>\n","protected":false},"excerpt":{"rendered":"<p>Thursday, February 11, 2021 The XLI International VAKKI Symposium&#8217;s opening words on video, chair of VAKKI Association Merja Koskela Keynotes 12:00\u201313:45 (UTC+2) Assistant Professor Emma Christensen (Roskilde University) and Professor Lars Th\u00f8ger Christensen (Copenhagen Business School) &#8221;Examining the (Re)presentational Voice&#8221; 13:45\u201314:15 (UTC+2) Virtual coffee break 14:15\u201316:00 (UTC+2) Professor Samantha Warren (University of Portsmouth) &#8221;Using Instagram [&hellip;]<\/p>\n","protected":false},"author":98,"featured_media":0,"parent":0,"menu_order":0,"comment_status":"closed","ping_status":"closed","template":"","meta":{"_acf_changed":false,"footnotes":""},"class_list":["post-86","page","type-page","status-publish","hentry"],"acf":[],"lang":"en","translations":{"en":86,"fi":15},"pll_sync_post":[],"_links":{"self":[{"href":"https:\/\/sites.uwasa.fi\/vakki2021\/wp-json\/wp\/v2\/pages\/86"}],"collection":[{"href":"https:\/\/sites.uwasa.fi\/vakki2021\/wp-json\/wp\/v2\/pages"}],"about":[{"href":"https:\/\/sites.uwasa.fi\/vakki2021\/wp-json\/wp\/v2\/types\/page"}],"author":[{"embeddable":true,"href":"https:\/\/sites.uwasa.fi\/vakki2021\/wp-json\/wp\/v2\/users\/98"}],"replies":[{"embeddable":true,"href":"https:\/\/sites.uwasa.fi\/vakki2021\/wp-json\/wp\/v2\/comments?post=86"}],"version-history":[{"count":20,"href":"https:\/\/sites.uwasa.fi\/vakki2021\/wp-json\/wp\/v2\/pages\/86\/revisions"}],"predecessor-version":[{"id":416,"href":"https:\/\/sites.uwasa.fi\/vakki2021\/wp-json\/wp\/v2\/pages\/86\/revisions\/416"}],"wp:attachment":[{"href":"https:\/\/sites.uwasa.fi\/vakki2021\/wp-json\/wp\/v2\/media?parent=86"}],"curies":[{"name":"wp","href":"https:\/\/api.w.org\/{rel}","templated":true}]}}