{"id":75,"date":"2020-09-17T16:38:01","date_gmt":"2020-09-17T13:38:01","guid":{"rendered":"https:\/\/sites.uwasa.fi\/vakki2021\/?page_id=75"},"modified":"2020-09-17T16:44:17","modified_gmt":"2020-09-17T13:44:17","slug":"vakki-ry","status":"publish","type":"page","link":"https:\/\/sites.uwasa.fi\/vakki2021\/vakki-ry\/","title":{"rendered":"VAKKI ry"},"content":{"rendered":"<p>L\u00f6yd\u00e4t lis\u00e4tietoa viestinn\u00e4n tutkijayhdistys VAKKI ry:st\u00e4 <a href=\"https:\/\/sites.uwasa.fi\/vakki\/\">t\u00e4\u00e4lt\u00e4<\/a>.<\/p>\n","protected":false},"excerpt":{"rendered":"<p>L\u00f6yd\u00e4t lis\u00e4tietoa viestinn\u00e4n tutkijayhdistys VAKKI ry:st\u00e4 t\u00e4\u00e4lt\u00e4.<\/p>\n","protected":false},"author":98,"featured_media":0,"parent":0,"menu_order":0,"comment_status":"closed","ping_status":"closed","template":"","meta":{"_acf_changed":false,"footnotes":""},"class_list":["post-75","page","type-page","status-publish","hentry"],"acf":[],"lang":"fi","translations":{"fi":75,"en":77},"pll_sync_post":[],"_links":{"self":[{"href":"https:\/\/sites.uwasa.fi\/vakki2021\/wp-json\/wp\/v2\/pages\/75"}],"collection":[{"href":"https:\/\/sites.uwasa.fi\/vakki2021\/wp-json\/wp\/v2\/pages"}],"about":[{"href":"https:\/\/sites.uwasa.fi\/vakki2021\/wp-json\/wp\/v2\/types\/page"}],"author":[{"embeddable":true,"href":"https:\/\/sites.uwasa.fi\/vakki2021\/wp-json\/wp\/v2\/users\/98"}],"replies":[{"embeddable":true,"href":"https:\/\/sites.uwasa.fi\/vakki2021\/wp-json\/wp\/v2\/comments?post=75"}],"version-history":[{"count":2,"href":"https:\/\/sites.uwasa.fi\/vakki2021\/wp-json\/wp\/v2\/pages\/75\/revisions"}],"predecessor-version":[{"id":80,"href":"https:\/\/sites.uwasa.fi\/vakki2021\/wp-json\/wp\/v2\/pages\/75\/revisions\/80"}],"wp:attachment":[{"href":"https:\/\/sites.uwasa.fi\/vakki2021\/wp-json\/wp\/v2\/media?parent=75"}],"curies":[{"name":"wp","href":"https:\/\/api.w.org\/{rel}","templated":true}]}}