{"id":7,"date":"2020-05-15T16:33:41","date_gmt":"2020-05-15T13:33:41","guid":{"rendered":"https:\/\/sites.uwasa.fi\/vakki2021\/?page_id=7"},"modified":"2021-03-03T10:26:24","modified_gmt":"2021-03-03T08:26:24","slug":"kutsu","status":"publish","type":"page","link":"https:\/\/sites.uwasa.fi\/vakki2021\/kutsu\/","title":{"rendered":"Kutsu"},"content":{"rendered":"<p><strong>XLI kansainv\u00e4linen VAKKI-symposiumi<\/strong><\/p>\n<p><strong>11.\u201312.2.2021 virtuaalisesti Zoomissa<\/strong><\/p>\n<p>Virtuaalisen XLI VAKKI-symposiumin aiheena oli Ty\u00f6el\u00e4m\u00e4n viestint\u00e4, ja t\u00e4n\u00e4 vuonna kutsumme kaikkia symposiumin osallistujia tarjoamaan artikkelik\u00e4sikirjoitustaan vuoden 2021 joulukuussa julkaistavaan Vakki Publications -artikkelikokoelmaan. Tarjota voit tutkimusartikkelia, jonka aihe liittyy symposiumin teemaan. Julkaisun toimitusprosessi etenee siten, ett\u00e4 laajennetut abstraktit toimitetaan 12.3.2021 menness\u00e4 osoitteeseen <a class=\"\" href=\"mailto:publication@vakki.net\" target=\"_blank\" rel=\"noopener\">publication@vakki.net<\/a><em>,<\/em> ja tieto abstraktin hyv\u00e4ksynn\u00e4st\u00e4 ilmoitetaan maaliskuun loppuun menness\u00e4. Valmiiden artikkelik\u00e4sikirjoitusten palautusten m\u00e4\u00e4r\u00e4p\u00e4iv\u00e4 on 3.5.2021. Artikkelik\u00e4sikirjoitukset k\u00e4yv\u00e4t l\u00e4pi double blind -vertaisarvioinnin.<\/p>\n<p>***<\/p>\n<p><strong>2. kiertokirje ja esitelm\u00f6intikutsu<\/strong><\/p>\n<p>Tervetuloa VAKKI ry:n XLI symposiumiin 11.\u201312.2.2021! Koronapandemiaan liittyvist\u00e4 kokoontumisrajoituksista johtuen vuoden 2021 symposiumi j\u00e4rjestet\u00e4\u00e4n virtuaalisesti Zoomissa. Virtuaaliseen symposiumiin osallistuminen on maksutonta.<\/p>\n<p>Symposiumin teemana on <strong>Ty\u00f6el\u00e4m\u00e4n viestint\u00e4<\/strong>. Ty\u00f6el\u00e4m\u00e4n viestint\u00e4 kattaa monenlaisia viestinn\u00e4n muotoja, kuten tekstej\u00e4, kokouksia ja tapaamisia sek\u00e4 digitaalista vuorovaikutusta. N\u00e4it\u00e4 yhdist\u00e4\u00e4 se, ett\u00e4 ne ovat yhteydess\u00e4 ammatillisiin rooleihin ja identiteetteihin sek\u00e4 institutionaalisiin k\u00e4yt\u00e4nt\u00f6ihin.<\/p>\n<p>Plenaarit j\u00e4rjestet\u00e4\u00e4n symposiumin ensimm\u00e4isen\u00e4 p\u00e4iv\u00e4n\u00e4, <strong>torstaina 11.2.2021<\/strong>, ja plenaristit ovat:<\/p>\n<ul>\n<li><strong>Apulaisprofessori Emma Christensen (Roskilden yliopisto) <\/strong><strong>ja<\/strong><strong> professori Lars Th\u00f8ger Christensen (Copenhagen Business School)<\/strong>\n<ul>\n<li><em>Exami<\/em><em>ning the (Re)presentational Voice<\/em><\/li>\n<\/ul>\n<\/li>\n<\/ul>\n<ul>\n<li><strong>Professori Samantha Warren (Portsmouthin yliopisto)<\/strong>\n<ul>\n<li><em>Using Instagram in a participant-led field study: Reflections on the politics of organizational communication and identity<\/em><\/li>\n<\/ul>\n<\/li>\n<\/ul>\n<p>Symposiumin toisena p\u00e4iv\u00e4n\u00e4, <strong>perjantaina<\/strong> <strong>12.2.2021<\/strong>, j\u00e4rjestet\u00e4\u00e4n kuusi toteutukseltaan monimuotoista temaattista paneelisessiota. Paneelisessioiden tarkoituksena on tarjota osallistujille tilaisuus ajatusten vaihtamiseen ja kokemusten jakamiseen tietyn tarkemmin rajatun aiheen ymp\u00e4rill\u00e4.<\/p>\n<p>Kaksi temaattista paneelisessiota ovat avoinna esitelmille. Kutsumme esitelm\u00e4abstrakteja seuraaviin temaattisiin paneelisessioihin:<\/p>\n<ul>\n<li>Perspectives to responsibility in organizational communication<\/li>\n<li>Terms and conditions \u2013 working with terminology during a pandemic<\/li>\n<\/ul>\n<p>Abstraktit (enint\u00e4\u00e4n 300 sanaa) pyyd\u00e4mme l\u00e4hett\u00e4m\u00e4\u00e4n s\u00e4hk\u00f6postin liitetiedostona (rtf- tai doc-muodossa)\u00a0<strong>22.12.2020<\/strong>\u00a0menness\u00e4 osoitteeseen symposium[at]vakki.net. Ilmoita viestiss\u00e4 nimesi, korkeakoulusi sek\u00e4 sen ty\u00f6pajan nimi, johon haluat osallistua. Esitelm\u00e4t valitaan abstraktien tieteellisen laadun perusteella ja niiden hyv\u00e4ksymisest\u00e4 ilmoitetaan\u00a0<strong>8.1.2021<\/strong>\u00a0menness\u00e4.<\/p>\n<p>Lis\u00e4ksi symposiumissa on mahdollisuus ilmoittautua seuraaviin temaattisiin paneelisessioihin:<\/p>\n<ul>\n<li>Digimaailman tasa-arvo ja multimodaalinen k\u00e4ytett\u00e4vyys<\/li>\n<li>K\u00e4sitteiden omaksuminen ja k\u00e4ytt\u00f6 politiikan ja lains\u00e4\u00e4d\u00e4nt\u00f6ty\u00f6n kontekstissa: Tarkastelussa Suomen liikennepalvelulakiprosessi (2015-2019)<\/li>\n<li>Sprachen, Diskurse und Kommunikationsfertigkeiten im Berufsleben und in der akademischen Welt. Ein plurilingualer Sprachmittlungsworkshop (B1 saksan kielen taitotasovaatimus)<\/li>\n<li>Terminology and mediation in workplace communication<\/li>\n<\/ul>\n<p>Ilmoittautuminen symposiumin plenaariesitelmiin ja\/tai temaattisiin paneelisessioihin <strong>aukeaa 17.12.2020 <\/strong>ja\u00a0<strong>p\u00e4\u00e4ttyy 31.1.2021.<\/strong><\/p>\n<p>Symposiumin ty\u00f6skentelykielet ovat suomi, ruotsi, englanti ja saksa. Symposiumin j\u00e4lkeen kaikilla symposiumiin osallistuneilla on mahdollisuus tarjota ty\u00f6el\u00e4m\u00e4n viestinn\u00e4n aihepiiriin liittyv\u00e4\u00e4artikkelik\u00e4sikirjoitusta vertaisarvioituun, JUFO1-tasoiseen open access -julkaisuun, joka ilmestyy vuoden 2021 lopussa. Lis\u00e4tietoa annetaan osallistujille kirjoituskutsussa symposiumin j\u00e4lkeen.<\/p>\n<p>Mahdollisissa kysymyksiss\u00e4 pyyd\u00e4mme olemaan yhteydess\u00e4 symposiumin j\u00e4rjest\u00e4jiin, symposium[at]vakki.net.<\/p>\n<p>Tietoa aikaisemmista symposiumeista ja yhdistyksest\u00e4 on kotisivuillamme\u00a0<a href=\"https:\/\/sites.uwasa.fi\/vakki\/\">https:\/\/sites.uwasa.fi\/vakki\/<\/a>. Vuoden 2021 symposiumin sivut l\u00f6ytyv\u00e4t osoitteesta\u00a0<a href=\"https:\/\/sites.uwasa.fi\/vakki2021\/\">https:\/\/sites.uwasa.fi\/vakki2021\/<\/a>.<\/p>\n<p>VAKKI on my\u00f6s Facebookissa ja Twitteriss\u00e4! VAKKIa voi fanittaa tykk\u00e4\u00e4m\u00e4ll\u00e4 yhdistyksen\u00a0<a href=\"https:\/\/www.facebook.com\/vakkiry\">Facebook-sivusta<\/a>, ja Twitterist\u00e4 VAKKI l\u00f6ytyy nimell\u00e4\u00a0<a href=\"https:\/\/twitter.com\/vakkiry\">@VAKKIry<\/a>.<\/p>\n<p>&nbsp;<\/p>\n<p>TERVETULOA!<\/p>\n<p>&nbsp;<\/p>\n<p>(<a href=\"https:\/\/sites.uwasa.fi\/vakki2021\/wp-content\/blogs.dir\/4\/files\/sites\/100\/2020\/11\/CfP_1_suo_final.pdf\" target=\"_blank\" rel=\"noopener noreferrer\">1. kiertokirje ja esitelm\u00f6intikutsu<\/a>)<\/p>\n<p>***<\/p>\n<p><strong>XLI internationella VAKKI-symposiet<\/strong><\/p>\n<p><strong>11-12.2.2021 virtuellt i Zoom<\/strong><\/p>\n<p><strong>Utskick 2: Call for papers<\/strong><\/p>\n<p>V\u00e4lkommen p\u00e5 VAKKI rf:s XLI symposium 11\u221212.2.2021! Pga restriktionerna g\u00e4llande st\u00f6rre folksamlingar under covid-19-pandemin, arrangeras symposiet 2021 virtuellt i Zoom. Deltagandet i symposiet \u00e4r kostnadsfritt.<\/p>\n<p>Symposiets tema \u00e4r <strong>Arbetslivskommunikation<\/strong>. Temat inkluderar m\u00e5nga olika kommunikationsformer, som t.ex. texter, m\u00f6ten och digital kommunikation. Det som \u00e4r gemensamt f\u00f6r dessa situationer \u00e4r att de pr\u00e4glas av yrkesm\u00e4ssiga roller och identiteter samt institutionell praxis.<\/p>\n<p>Symposiets plenarf\u00f6redrag arrangeras den f\u00f6rsta dagen av symposiet, <strong>torsdagen den 11.2.2021<\/strong>. Plenarf\u00f6rel\u00e4sare \u00e4r:<\/p>\n<ul>\n<li><strong>Forskardoktor Emma Christensen (Roskilde Universitet) <\/strong>och<strong> Professor Lars Th\u00f8ger Christensen (Copenhagen Business School)<\/strong>\n<ul>\n<li><em>Examining the (Re)presentational Voice<\/em><\/li>\n<\/ul>\n<\/li>\n<\/ul>\n<ul>\n<li><strong>Professor Samantha Warren (University of Portsmouth)<\/strong>\n<ul>\n<li><em>Using Instagram in a participant-led field study: Reflections on the politics of organizational communication and identity<\/em><\/li>\n<\/ul>\n<\/li>\n<\/ul>\n<p>Den andra symposiedagen,<strong> fredagen den 12.2.2021<\/strong>, arrangeras sex olika workshoppar med olika teman och olika uppl\u00e4gg. Syftet med workshopparna \u00e4r att erbjuda deltagarna m\u00f6jligheter till diskussion utg\u00e5ende fr\u00e5n deltagarnas erfarenheter kring ett visst avgr\u00e4nsat tema.<\/p>\n<p>Tv\u00e5 av workshopparna \u00e4r \u00f6ppna f\u00f6r presentationer av deltagarna. Vi v\u00e4lkomnar nu abstract f\u00f6r f\u00f6redrag till f\u00f6ljande workshoppar:<\/p>\n<ul>\n<li>Perspectives to responsibility in organizational communication<\/li>\n<li>Terms and conditions \u2013 working with terminology during a pandemic<\/li>\n<\/ul>\n<p>Vi ber er skicka in abstract (max 300 ord) per e-post som bifogad fil (rtf- eller doc-format)\u00a0senast\u00a0<strong>22.12.2020<\/strong> till adressen symposium[at]vakki.net. Vi ber er inkludera information om f\u00f6redragh\u00e5llarens\/f\u00f6redragsh\u00e5llarnas namn, universitet och vilken workshop abstractet g\u00e4ller. F\u00f6redragen v\u00e4ljs ut p\u00e5 basen av abstractets vetenskapliga kvalitet. Senast den\u00a0<strong>8.1.2021<\/strong> meddelar vi om abstractet har godk\u00e4nts.<\/p>\n<p>Dessutom kommer f\u00f6ljande workshoppar att h\u00e5llas som man kommer att kunna anm\u00e4la sig till:<\/p>\n<ul>\n<li>Digimaailman tasa-arvo ja multimodaalinen k\u00e4ytett\u00e4vyys (p\u00e5 finska)<\/li>\n<li>K\u00e4sitteiden omaksuminen ja k\u00e4ytt\u00f6 politiikan ja lains\u00e4\u00e4d\u00e4nt\u00f6ty\u00f6n kontekstissa: Tarkastelussa Suomen liikennepalvelulakiprosessi (2015-2019) (p\u00e5 finska)<\/li>\n<li>Sprachen, Diskurse und Kommunikationsfertigkeiten im Berufsleben und in der akademischen Welt. Ein plurilingualer Sprachmittlungsworkshop (B1-niv\u00e5 i tyska kr\u00e4vs)<\/li>\n<li>Terminology and mediation in workplace communication<\/li>\n<\/ul>\n<p>Anm\u00e4lningen till symposiets plenarf\u00f6redrag och\/eller workshoppar <strong>kommer att inledas 17.12.2020 <\/strong>och\u00a0<strong>avslutas 31.1.2021.<\/strong><\/p>\n<p>Symposiets arbetsspr\u00e5k \u00e4r svenska, finska, engelska och tyska. Efter konferensen har alla symposiedeltagare m\u00f6jlighet att skicka in ett manuskript med koppling till temat Arbetslivskommunikation till en refereegranskad <em>open access<\/em> -publikation (JUFO1) som kommer ut i slutet av \u00e5r 2021. Mer information skickas till deltagarna efter symposiet.<\/p>\n<p>F\u00f6r eventuella fr\u00e5gor ber vi er kontakta symposiets organisationsteam, symposium[at]vakki.net<\/p>\n<p>Information om tidigare \u00e5rs symposier och f\u00f6reningen VAKKI rf. finns p\u00e5 VAKKI:s hemsida\u00a0<a href=\"https:\/\/sites.uwasa.fi\/vakki\/\">https:\/\/sites.uwasa.fi\/vakki\/<\/a>. Symposiets hemsida f\u00f6r \u00e5r 2021 finns p\u00e5 adressen\u00a0<a href=\"https:\/\/sites.uwasa.fi\/vakki2021\/\">https:\/\/sites.uwasa.fi\/vakki2021\/<\/a>.<\/p>\n<p>F\u00f6lj ocks\u00e5 VAKKI p\u00e5 Facebook och Twitter! Du kan gilla VAKKI p\u00e5 f\u00f6reningens \u00a0<a href=\"https:\/\/www.facebook.com\/vakkiry\">Facebook-sida<\/a>, p\u00e5 Twitter hittar du VAKKI p\u00e5\u00a0<a href=\"https:\/\/twitter.com\/vakkiry\">@VAKKIry<\/a>.<\/p>\n<p>&nbsp;<\/p>\n<p>V\u00c4LKOMMEN!<\/p>\n<p>&nbsp;<\/p>\n<p>(<a href=\"https:\/\/sites.uwasa.fi\/vakki2021\/wp-content\/blogs.dir\/4\/files\/sites\/100\/2020\/11\/CfP_1_swe_final.pdf\" target=\"_blank\" rel=\"noopener noreferrer\">Utskick 1: Call for Papers<\/a>)<\/p>\n","protected":false},"excerpt":{"rendered":"<p>XLI kansainv\u00e4linen VAKKI-symposiumi 11.\u201312.2.2021 virtuaalisesti Zoomissa Virtuaalisen XLI VAKKI-symposiumin aiheena oli Ty\u00f6el\u00e4m\u00e4n viestint\u00e4, ja t\u00e4n\u00e4 vuonna kutsumme kaikkia symposiumin osallistujia tarjoamaan artikkelik\u00e4sikirjoitustaan vuoden 2021 joulukuussa julkaistavaan Vakki Publications -artikkelikokoelmaan. Tarjota voit tutkimusartikkelia, jonka aihe liittyy symposiumin teemaan. Julkaisun toimitusprosessi etenee siten, ett\u00e4 laajennetut abstraktit toimitetaan 12.3.2021 menness\u00e4 osoitteeseen publication@vakki.net, ja tieto abstraktin hyv\u00e4ksynn\u00e4st\u00e4 ilmoitetaan maaliskuun [&hellip;]<\/p>\n","protected":false},"author":100,"featured_media":0,"parent":0,"menu_order":0,"comment_status":"closed","ping_status":"closed","template":"","meta":{"_acf_changed":false,"footnotes":""},"class_list":["post-7","page","type-page","status-publish","hentry"],"acf":[],"lang":"fi","translations":{"fi":7,"en":42},"pll_sync_post":[],"_links":{"self":[{"href":"https:\/\/sites.uwasa.fi\/vakki2021\/wp-json\/wp\/v2\/pages\/7"}],"collection":[{"href":"https:\/\/sites.uwasa.fi\/vakki2021\/wp-json\/wp\/v2\/pages"}],"about":[{"href":"https:\/\/sites.uwasa.fi\/vakki2021\/wp-json\/wp\/v2\/types\/page"}],"author":[{"embeddable":true,"href":"https:\/\/sites.uwasa.fi\/vakki2021\/wp-json\/wp\/v2\/users\/100"}],"replies":[{"embeddable":true,"href":"https:\/\/sites.uwasa.fi\/vakki2021\/wp-json\/wp\/v2\/comments?post=7"}],"version-history":[{"count":10,"href":"https:\/\/sites.uwasa.fi\/vakki2021\/wp-json\/wp\/v2\/pages\/7\/revisions"}],"predecessor-version":[{"id":410,"href":"https:\/\/sites.uwasa.fi\/vakki2021\/wp-json\/wp\/v2\/pages\/7\/revisions\/410"}],"wp:attachment":[{"href":"https:\/\/sites.uwasa.fi\/vakki2021\/wp-json\/wp\/v2\/media?parent=7"}],"curies":[{"name":"wp","href":"https:\/\/api.w.org\/{rel}","templated":true}]}}