{"id":42,"date":"2020-09-17T10:24:21","date_gmt":"2020-09-17T07:24:21","guid":{"rendered":"https:\/\/sites.uwasa.fi\/vakki2021\/?page_id=42"},"modified":"2021-03-03T10:25:55","modified_gmt":"2021-03-03T08:25:55","slug":"call-for-papers","status":"publish","type":"page","link":"https:\/\/sites.uwasa.fi\/vakki2021\/en\/call-for-papers\/","title":{"rendered":"Call for Papers"},"content":{"rendered":"<p><strong>XLI International VAKKI Symposium<\/strong><\/p>\n<p><strong>February 11\u201312, 2021, virtually in Zoom<\/strong><\/p>\n<p>The virtual XLI VAKKI Symposium was arranged under the theme of Workplace Communication. This year, VAKKI Research Association invites all participants of the XLI VAKKI Symposium to submit a proposal for an article to be included in the upcoming volume of VAKKI Publications. Please submit your extended abstract by March 12, 2021 to <a class=\"\" href=\"mailto:publication@vakki.net\" target=\"_blank\" rel=\"noopener\">publication@vakki.net<\/a>. Notifications of acceptance will be sent out by the end of March. Deadline for submission of full-length manuscripts (based on the accepted abstracts) is May 3, 2021. Article proposals are selected for publication through a double blind review procedure.<\/p>\n<p>***<\/p>\n<p><strong>2nd Call for Papers<\/strong><\/p>\n<p>Welcome to the XLI symposium of VAKKI ry on February 11\u201312, 2021! Due to the restrictions with respect to large gatherings during the COVID-19 pandemic, the symposium 2021 will be held virtually via Zoom online platform. The virtual symposium is free of charge.<\/p>\n<p>The symposium is arranged under the theme of <strong>Workplace Communication<\/strong>. Workplace communication comprises many different forms, such as texts, face-to-face meetings as well as digital interaction. The common nominator to these settings is that they are connected with professional roles and identities and interwoven with institutional practices.<\/p>\n<p>The Symposium\u2019s keynotes will be on the first day<strong>, Thursday, February 11, 2021<\/strong>, and the speakers are:<\/p>\n<ul>\n<li><strong>Assistant Professor Emma Christensen (Roskilde University) <\/strong><strong>and<\/strong><strong> Professor Lars Th\u00f8ger Christensen (Copenhagen Business School)<\/strong>\n<ul>\n<li><em>Examining the (Re)presentational Voice<\/em><\/li>\n<\/ul>\n<\/li>\n<\/ul>\n<ul>\n<li><strong>Professor Samantha Warren (University of Portsmouth)<\/strong>\n<ul>\n<li><em>Using Instagram in a participant-led field study: Reflections on the politics of organizational communication and identity<\/em><\/li>\n<\/ul>\n<\/li>\n<\/ul>\n<p>On the second day of the symposium, <strong>February 12, 2021<\/strong>, there are six thematic panel sessions with multiform executions arranged. The purpose of the thematic panel sessions is to provide the participants with the opportunity to exchange ideas and to share practical experiences on focused topics.<\/p>\n<p>Two of the thematic panel sessions are open for presentations. We call for presentation abstracts to the following thematic panel sessions:<\/p>\n<ul>\n<li>Perspectives to responsibility in organizational communication<\/li>\n<li>Terms and conditions \u2013 working with terminology during a pandemic<\/li>\n<\/ul>\n<p>Please submit your abstract (max. 300 words) to symposium[at]vakki.net as an attachment (in .rtf or .doc format) by\u00a0<strong>December 22, 2020<\/strong>. Please state in the message your name(s), your affiliation(s) and the title of the thematic panel session. The presentations will be selected based on the scientific quality of the abstract. Notifications of acceptance will be sent out by\u00a0<strong>January 8, 2021<\/strong>.<\/p>\n<p>In addition, the symposium features the following thematic panel sessions for which you can register:<\/p>\n<ul>\n<li>Digimaailman tasa-arvo ja multimodaalinen k\u00e4ytett\u00e4vyys (in Finnish)<\/li>\n<li>K\u00e4sitteiden omaksuminen ja k\u00e4ytt\u00f6 politiikan ja lains\u00e4\u00e4d\u00e4nt\u00f6ty\u00f6n kontekstissa: Tarkastelussa Suomen liikennepalvelulakiprosessi (2015-2019) (in Finnish)<\/li>\n<li>Sprachen, Diskurse und Kommunikationsfertigkeiten im Berufsleben und in der akademischen Welt. Ein plurilingualer Sprachmittlungsworkshop (B1 German is required)<\/li>\n<li>Terminology and mediation in workplace communication<\/li>\n<\/ul>\n<p>Registration for the symposium\u2019s keynotes and\/or thematic panel sessions <strong>opens <\/strong><strong>on December 17, 2020 <\/strong>and<strong> ends <\/strong><strong>on January 31, 2021.<\/strong><\/p>\n<p>The working languages of the symposium are Finnish, Swedish, English and German. After the symposium, all participants are invited to submit papers connecting to the theme of Workplace Communication to the VAKKI publication, which is a peer-reviewed open access publication (JUFO-level 1). More information will be sent to the participants after the symposium. The publication will be published at the end of 2021.<\/p>\n<p>If you have any questions, please feel free to contact the symposium organisers, symposium[at]vakki.net.<\/p>\n<p>For information about previous symposia and VAKKI, please visit the research group website at\u00a0<a href=\"https:\/\/sites.uwasa.fi\/vakki\/en\">https:\/\/sites.uwasa.fi\/vakki\/en<\/a>. The 2021 Symposium website can be found at\u00a0<a href=\"https:\/\/sites.uwasa.fi\/vakki2021\/en\">https:\/\/sites.uwasa.fi\/vakki2021\/en<\/a>.<\/p>\n<p>VAKKI is also on Facebook and Twitter! Become a fan by liking VAKKI\u2019s\u00a0<a href=\"https:\/\/fi-fi.facebook.com\/pages\/VAKKI\/195368177173124\">Facebook page<\/a>\u00a0and find VAKKI at Twitter under the name\u00a0<a href=\"https:\/\/twitter.com\/vakkiry\">@VAKKIry<\/a>.<\/p>\n<p>&nbsp;<\/p>\n<p>WELCOME!<\/p>\n<p>&nbsp;<\/p>\n<p>(<a href=\"https:\/\/sites.uwasa.fi\/vakki2021\/wp-content\/blogs.dir\/4\/files\/sites\/100\/2020\/11\/CfP_1_eng_final.pdf\" target=\"_blank\" rel=\"noopener noreferrer\">1st Call for Papers<\/a>)<\/p>\n<p>***<\/p>\n<p><strong>XLI. Internationales VAKKI-Symposium<\/strong><\/p>\n<p><strong>11.-12.2.2021, virtuell in Zoom<\/strong><\/p>\n<p><strong>2. Rundbrief: Call for Papers<\/strong><\/p>\n<p>Willkommen zum XLI. Symposium des VAKKI-Vereins 11.-12.2.2021! Wegen Einschr\u00e4nkungen bzgl. gr\u00f6\u00dferer Zusammenk\u00fcnfte in Zeiten der Covid-19-Pandemie wird das Symposium 2021 virtuell in Zoom veranstaltet. Die Teilnahme am virtuellen Symposium ist geb\u00fchrenfrei<strong>.<\/strong><\/p>\n<p>Das Thema des Symposiums ist <strong>Kommunikation im Berufsleben<\/strong>. Das Thema deckt viele verschiedene Kommunikationsformen ab wie Texte, Sitzungen und Treffen sowie digitale Kommunikation. Diesen verschiedenen Situationen ist gemeinsam, dass sie mit beruflichen Rollen und Identit\u00e4ten sowie institutionellen Praktiken verbunden sind.<\/p>\n<p>Die Plenarvortr\u00e4ge werden am ersten Tag des Symposiums, <strong>Donnerstag, 11.2.2021<\/strong>, gehalten. Die Plenarvortragenden sind:<\/p>\n<ul>\n<li><strong>Assistant Prof. Emma Christensen (Roskilde University) und Prof. Lars Th\u00f8ger Christensen (Copenhagen Business School)<\/strong>\n<ul>\n<li><em>Examining the (Re)presentational Voice<\/em><\/li>\n<\/ul>\n<\/li>\n<\/ul>\n<ul>\n<li><strong>Prof. Samantha Warren (University of Portsmouth)<\/strong>\n<ul>\n<li><em>Using Instagram in a participant-led field study: Reflections on the politics of organizational communication and identity<\/em><\/li>\n<\/ul>\n<\/li>\n<\/ul>\n<p>Am zweiten Tag des Symposiums, <strong>Freitag,<\/strong><strong> 12.2.2021<\/strong>, werden sechs verschiedene Workshops mit unterschiedlichen Themen und Durchf\u00fchrungsformen veranstaltet. Das Ziel mit den Workshops ist es, den Teilnehmenden M\u00f6glichkeiten zu Diskussion und Erfahrungsaustausch zu einem abgegrenzten Thema anzubieten.<\/p>\n<p>In zwei von den Workshops k\u00f6nnen die Teilnehmenden Vortr\u00e4ge halten. Wir hei\u00dfen Abstracts f\u00fcr Vortr\u00e4gein den folgenden Workshops willkommen:<\/p>\n<ul>\n<li>Perspectives to responsibility in organizational communication<\/li>\n<li>Terms and conditions \u2013 working with terminology during a pandemic<\/li>\n<\/ul>\n<p>Wir bitten Sie, Ihr Abstract per E-Mail (rtf- oder doc-Format) bis zum\u00a0<strong>22.12.2020<\/strong> an die Adresse symposium[at]vakki.net zu schicken. In der Mail sollen Name\/Namen des\/der Vortragenden, Universit\u00e4t und Workshop mitgeteilt werden. Die Vortr\u00e4ge werden auf Basis der wissenschaftlichen Qualit\u00e4t der Abstracts ausgew\u00e4hlt. Sp\u00e4testens am\u00a0<strong>8.1.2021 <\/strong>benachrichtigen wir \u00fcber die Annahme der Vortr\u00e4ge.<\/p>\n<p>Zus\u00e4tzlich werden folgende Workshops veranstaltet, an denen eine Teilnahme durch Anmeldung m\u00f6glich sein wird:<\/p>\n<ul>\n<li>Digimaailman tasa-arvo ja multimodaalinen k\u00e4ytett\u00e4vyys (auf Finnisch)<\/li>\n<li>K\u00e4sitteiden omaksuminen ja k\u00e4ytt\u00f6 politiikan ja lains\u00e4\u00e4d\u00e4nt\u00f6ty\u00f6n kontekstissa: Tarkastelussa Suomen liikennepalvelulakiprosessi (2015-2019) (auf Finnisch)<\/li>\n<li>Sprachen, Diskurse und Kommunikationsfertigkeiten im Berufsleben und in der akademischen Welt. Ein plurilingualer Sprachmittlungsworkshop (setzt B1 im Deutschen voraus)<\/li>\n<li>Terminology and mediation in workplace communication (auf Englisch)<\/li>\n<\/ul>\n<p>Die Anmeldung zu den Plenarvortr\u00e4gen und\/oder Workshops des Symposiums wird <strong>am 17.12.2020 eingeleitet <\/strong>und<strong> am 31.1.2021 beendet.<\/strong><\/p>\n<p>Die Arbeitssprachen des Symposiums sind Finnisch, Schwedisch, Englisch und Deutsch. Nach dem Symposium haben alle Teilnehmenden am Symposium die M\u00f6glichkeit, ein Manuskript zum Thema Kommunikation im Berufsleben f\u00fcr eine peer-reviewte <em>open access<\/em> -Publikation (JUFO1) einzureichen, die Ende des Jahres 2021 herausgegeben wird. Weitere Informationen werden nach dem Symposium an die Teilnehmenden geschickt.<\/p>\n<p>F\u00fcr eventuelle Fragen steht Ihnen das Organisationsteam gerne zur Verf\u00fcgung, symposium[at]vakki.net<\/p>\n<p>Informationen \u00fcber die Symposien der vergangenen Jahre und den VAKKI-Verein sind auf der Homepage von VAKKI zu finden,\u00a0<a href=\"https:\/\/sites.uwasa.fi\/vakki\/\">https:\/\/sites.uwasa.fi\/vakki\/<\/a>. Die Homepage des Symposiums 2021 finden Sie unter der Adresse \u00a0<a href=\"https:\/\/sites.uwasa.fi\/vakki2021\/\">https:\/\/sites.uwasa.fi\/vakki2021\/<\/a>.<\/p>\n<p>Folgen Sie VAKKI auch auf Facebook und Twitter! Sie k\u00f6nnen VAKKI auf der <a href=\"https:\/\/www.facebook.com\/vakkiry\/\">Facebookseite<\/a> des Vereins liken, auf Twitter finden Sie VAKKI unter <a href=\"https:\/\/twitter.com\/vakkiry\">@VAKKIry<\/a>.<\/p>\n<p>&nbsp;<\/p>\n<p>HERZLICH WILLKOMMEN!<\/p>\n<p>&nbsp;<\/p>\n<p>(<a href=\"https:\/\/sites.uwasa.fi\/vakki2021\/wp-content\/blogs.dir\/4\/files\/sites\/100\/2020\/11\/CfP_1_ger_final.pdf\" target=\"_blank\" rel=\"noopener noreferrer\">1. Rundbrief: Call for Papers<\/a>)<\/p>\n","protected":false},"excerpt":{"rendered":"<p>XLI International VAKKI Symposium February 11\u201312, 2021, virtually in Zoom The virtual XLI VAKKI Symposium was arranged under the theme of Workplace Communication. This year, VAKKI Research Association invites all participants of the XLI VAKKI Symposium to submit a proposal for an article to be included in the upcoming volume of VAKKI Publications. Please submit [&hellip;]<\/p>\n","protected":false},"author":98,"featured_media":0,"parent":0,"menu_order":0,"comment_status":"closed","ping_status":"closed","template":"","meta":{"_acf_changed":false,"footnotes":""},"class_list":["post-42","page","type-page","status-publish","hentry"],"acf":[],"lang":"en","translations":{"en":42,"fi":7},"pll_sync_post":[],"_links":{"self":[{"href":"https:\/\/sites.uwasa.fi\/vakki2021\/wp-json\/wp\/v2\/pages\/42"}],"collection":[{"href":"https:\/\/sites.uwasa.fi\/vakki2021\/wp-json\/wp\/v2\/pages"}],"about":[{"href":"https:\/\/sites.uwasa.fi\/vakki2021\/wp-json\/wp\/v2\/types\/page"}],"author":[{"embeddable":true,"href":"https:\/\/sites.uwasa.fi\/vakki2021\/wp-json\/wp\/v2\/users\/98"}],"replies":[{"embeddable":true,"href":"https:\/\/sites.uwasa.fi\/vakki2021\/wp-json\/wp\/v2\/comments?post=42"}],"version-history":[{"count":12,"href":"https:\/\/sites.uwasa.fi\/vakki2021\/wp-json\/wp\/v2\/pages\/42\/revisions"}],"predecessor-version":[{"id":409,"href":"https:\/\/sites.uwasa.fi\/vakki2021\/wp-json\/wp\/v2\/pages\/42\/revisions\/409"}],"wp:attachment":[{"href":"https:\/\/sites.uwasa.fi\/vakki2021\/wp-json\/wp\/v2\/media?parent=42"}],"curies":[{"name":"wp","href":"https:\/\/api.w.org\/{rel}","templated":true}]}}