{"id":2,"date":"2020-05-15T15:08:28","date_gmt":"2020-05-15T12:08:28","guid":{"rendered":"https:\/\/sites.uwasa.fi\/vakki2021\/?page_id=2"},"modified":"2022-02-28T14:39:37","modified_gmt":"2022-02-28T12:39:37","slug":"etusivu","status":"publish","type":"page","link":"https:\/\/sites.uwasa.fi\/vakki2021\/","title":{"rendered":"VAKKI-symposiumi 2021"},"content":{"rendered":"<p><span style=\"float: none;background-color: #ffffff;color: #222222;font-family: 'Roboto',Arial,helvetica,sans-serif;font-size: 15px;font-style: normal;font-variant: normal;font-weight: 400;letter-spacing: normal;text-align: left;text-decoration: none;text-indent: 0px;text-transform: none\"><img loading=\"lazy\" decoding=\"async\" class=\"size-full wp-image-66 alignright\" src=\"https:\/\/sites.uwasa.fi\/vakki2021\/wp-content\/blogs.dir\/4\/files\/sites\/100\/2020\/09\/vakkilogo_pieni.jpg\" alt=\"\" width=\"200\" height=\"215\" \/><\/span>XLI VAKKI-symposiumi j\u00e4rjestettiin virtuaalisesti <strong>11.\u201312.2.2021<\/strong>. Aiheena oli\u00a0<strong>Ty\u00f6el\u00e4m\u00e4n viestint\u00e4<\/strong>.<\/p>\n<p>&nbsp;<\/p>\n<p>&nbsp;<\/p>\n<p>&nbsp;<\/p>\n<p>&nbsp;<\/p>\n","protected":false},"excerpt":{"rendered":"<p>XLI VAKKI-symposiumi j\u00e4rjestettiin virtuaalisesti 11.\u201312.2.2021. Aiheena oli\u00a0Ty\u00f6el\u00e4m\u00e4n viestint\u00e4. &nbsp; &nbsp; &nbsp; &nbsp;<\/p>\n","protected":false},"author":100,"featured_media":0,"parent":0,"menu_order":0,"comment_status":"closed","ping_status":"open","template":"","meta":{"_acf_changed":false,"footnotes":""},"class_list":["post-2","page","type-page","status-publish","hentry"],"acf":[],"lang":"fi","translations":{"fi":2,"en":32},"pll_sync_post":[],"_links":{"self":[{"href":"https:\/\/sites.uwasa.fi\/vakki2021\/wp-json\/wp\/v2\/pages\/2"}],"collection":[{"href":"https:\/\/sites.uwasa.fi\/vakki2021\/wp-json\/wp\/v2\/pages"}],"about":[{"href":"https:\/\/sites.uwasa.fi\/vakki2021\/wp-json\/wp\/v2\/types\/page"}],"author":[{"embeddable":true,"href":"https:\/\/sites.uwasa.fi\/vakki2021\/wp-json\/wp\/v2\/users\/100"}],"replies":[{"embeddable":true,"href":"https:\/\/sites.uwasa.fi\/vakki2021\/wp-json\/wp\/v2\/comments?post=2"}],"version-history":[{"count":25,"href":"https:\/\/sites.uwasa.fi\/vakki2021\/wp-json\/wp\/v2\/pages\/2\/revisions"}],"predecessor-version":[{"id":420,"href":"https:\/\/sites.uwasa.fi\/vakki2021\/wp-json\/wp\/v2\/pages\/2\/revisions\/420"}],"wp:attachment":[{"href":"https:\/\/sites.uwasa.fi\/vakki2021\/wp-json\/wp\/v2\/media?parent=2"}],"curies":[{"name":"wp","href":"https:\/\/api.w.org\/{rel}","templated":true}]}}