{"id":133,"date":"2020-11-16T19:37:43","date_gmt":"2020-11-16T17:37:43","guid":{"rendered":"https:\/\/sites.uwasa.fi\/vakki2021\/?page_id=133"},"modified":"2020-11-18T14:33:48","modified_gmt":"2020-11-18T12:33:48","slug":"kasitteiden-omaksuminen-ja-kaytto-politiikan-ja-lainsaadantotyon-kontekstissa-tarkastelussa-suomen-liikennepalvelulakiprosessi-2015-2019","status":"publish","type":"page","link":"https:\/\/sites.uwasa.fi\/vakki2021\/kasitteiden-omaksuminen-ja-kaytto-politiikan-ja-lainsaadantotyon-kontekstissa-tarkastelussa-suomen-liikennepalvelulakiprosessi-2015-2019\/","title":{"rendered":"K\u00e4sitteiden omaksuminen ja k\u00e4ytt\u00f6 politiikan ja lains\u00e4\u00e4d\u00e4nt\u00f6ty\u00f6n kontekstissa: Tarkastelussa Suomen liikennepalvelulakiprosessi (2015-2019)"},"content":{"rendered":"<p>Arto Lanam\u00e4ki (Vaasan yliopisto) ja Karin V\u00e4yrynen (Oulun yliopisto)<\/p>\n<p>&nbsp;<\/p>\n<p>Paneelissa tarkastellaan politiikan ulkopuolelta per\u00e4isin olevien k\u00e4sitteiden omaksumista ja k\u00e4ytt\u00f6\u00e4 politiikassa ja lains\u00e4\u00e4d\u00e4nt\u00f6prosessissa. Tarkastelussa on Suomen liikennepalvelu-uudistus, joka toteutettiin Sipil\u00e4n p\u00e4\u00e4ministerikaudella 2015-2019. Paneelin alustavat FT, dosentti Arto Lanam\u00e4ki ja FT, dosentti Karin V\u00e4yrynen, jotka ovat monen vuoden ajan tutkineet suomalaisen taksialan digitaalista muutosta. Lakimuutoksen yhteydess\u00e4 k\u00e4ytettiin muun muassa k\u00e4sitteit\u00e4 jakamistalous, teknologianeutraalius, MaaS, multihoming, dynaaminen hinnoittelu ja piilokysynt\u00e4. Paneelissa tarkastellaan n\u00e4iden k\u00e4sitteiden elinkaarta ja merkityksi\u00e4. Mit\u00e4 k\u00e4sitteille tapahtuu, kun niit\u00e4 k\u00e4ytet\u00e4\u00e4n politiikassa ja lains\u00e4\u00e4d\u00e4nt\u00f6ty\u00f6ss\u00e4?<\/p>\n<p>&nbsp;<\/p>\n<p><strong>Esittelij\u00e4t:<\/strong><\/p>\n<p>Arto Lanam\u00e4ki (Vaasan yliopisto): <a href=\"mailto:arto.lanamaki@univaasa.fi\">arto.lanamaki@univaasa.fi<\/a><\/p>\n<ul>\n<li>Arto Lanam\u00e4ki toimii p\u00e4\u00e4toimisena yliopistotutkijana Vaasan yliopiston viestint\u00e4tieteiden oppiaineessa ja sivutoimisena apulaisprofessorina Tallinnan yliopiston digitaalisten teknologioiden yksik\u00f6ss\u00e4. H\u00e4nell\u00e4 on dosentin oppiarvo Vaasan yliopistosta ja tohtorin tutkinto Bergenin yliopistosta. H\u00e4n on Karin V\u00e4yrysen kanssa tutkinut Suomen taksialan digimuutosta vuodesta 2017.<\/li>\n<\/ul>\n<p>Karin V\u00e4yrynen (Oulun yliopisto): <a href=\"mailto:karin.vayrynen@oulu.fi\">karin.vayrynen@oulu.fi<\/a><\/p>\n<ul>\n<li>Karin V\u00e4yrynen toimii yliopistonlehtorina Oulun yliopistossa. H\u00e4nell\u00e4 on Oulun yliopiston tohtorintutkinto ja h\u00e4n on my\u00f6s Oulun yliopiston dosentti (tietoj\u00e4rjestelm\u00e4t: kommunikaatio ja yhteisty\u00f6). H\u00e4n on Arto Lanam\u00e4en kanssa tutkinut Suomen taksialan digimuutosta vuodesta 2017.<\/li>\n<\/ul>\n<p><strong>Kommentoijat:<\/strong><\/p>\n<p>Tommi Lehtonen (Vaasan yliopisto): <a href=\"mailto:tommi.lehtonen@univaasa.fi\">tommi.lehtonen@univaasa.fi<\/a><\/p>\n<ul>\n<li>Tommi Lehtonen on Vaasan yliopiston vastuullisuus- ja eettisyysjohtaja. H\u00e4n on aiemmin toiminut soveltavan filosofian professorina Vaasan yliopistossa.<\/li>\n<\/ul>\n<p>Paula Rossi (Tampereen yliopisto): <a href=\"mailto:paula.rossi@tuni.fi\">paula.rossi@tuni.fi<\/a><\/p>\n<ul>\n<li>Paula Rossi on hallintotieteiden, erityisesti johtamisen psykologian maisteri, ja ty\u00f6skentelee hallintotieteen yliopisto-opettajana sek\u00e4 hallintotieteiden v\u00e4it\u00f6skirjatutkijana Tampereen yliopistossa. V\u00e4it\u00f6skirjatutkimuksessaan Rossi keskittyy tarkastelemaan konfliktien merkityst\u00e4 ja roolia julkisten palveluiden ja palvelusysteemien kehitt\u00e4misess\u00e4, erityisesti palveluiden kehitt\u00e4misen kerronnallisen ymm\u00e4rryksen kautta. H\u00e4n on mukana hankkeissa DRAMA &#8211; dramaturgian keinot ty\u00f6hyvinvoinnin tukena (2019-2021) ja INFOSTORY &#8211; tarinat tietotekniikan toteutuksessa (2019-2022), sek\u00e4 toimii monitieteisen kertomuksentutkimuksen keskuksen Narraren johtoryhm\u00e4ss\u00e4.<\/li>\n<\/ul>\n","protected":false},"excerpt":{"rendered":"<p>Arto Lanam\u00e4ki (Vaasan yliopisto) ja Karin V\u00e4yrynen (Oulun yliopisto) &nbsp; Paneelissa tarkastellaan politiikan ulkopuolelta per\u00e4isin olevien k\u00e4sitteiden omaksumista ja k\u00e4ytt\u00f6\u00e4 politiikassa ja lains\u00e4\u00e4d\u00e4nt\u00f6prosessissa. Tarkastelussa on Suomen liikennepalvelu-uudistus, joka toteutettiin Sipil\u00e4n p\u00e4\u00e4ministerikaudella 2015-2019. Paneelin alustavat FT, dosentti Arto Lanam\u00e4ki ja FT, dosentti Karin V\u00e4yrynen, jotka ovat monen vuoden ajan tutkineet suomalaisen taksialan digitaalista muutosta. Lakimuutoksen yhteydess\u00e4 [&hellip;]<\/p>\n","protected":false},"author":98,"featured_media":0,"parent":0,"menu_order":0,"comment_status":"closed","ping_status":"closed","template":"","meta":{"_acf_changed":false,"footnotes":""},"class_list":["post-133","page","type-page","status-publish","hentry"],"acf":[],"lang":"fi","translations":{"fi":133,"en":138},"pll_sync_post":[],"_links":{"self":[{"href":"https:\/\/sites.uwasa.fi\/vakki2021\/wp-json\/wp\/v2\/pages\/133"}],"collection":[{"href":"https:\/\/sites.uwasa.fi\/vakki2021\/wp-json\/wp\/v2\/pages"}],"about":[{"href":"https:\/\/sites.uwasa.fi\/vakki2021\/wp-json\/wp\/v2\/types\/page"}],"author":[{"embeddable":true,"href":"https:\/\/sites.uwasa.fi\/vakki2021\/wp-json\/wp\/v2\/users\/98"}],"replies":[{"embeddable":true,"href":"https:\/\/sites.uwasa.fi\/vakki2021\/wp-json\/wp\/v2\/comments?post=133"}],"version-history":[{"count":7,"href":"https:\/\/sites.uwasa.fi\/vakki2021\/wp-json\/wp\/v2\/pages\/133\/revisions"}],"predecessor-version":[{"id":262,"href":"https:\/\/sites.uwasa.fi\/vakki2021\/wp-json\/wp\/v2\/pages\/133\/revisions\/262"}],"wp:attachment":[{"href":"https:\/\/sites.uwasa.fi\/vakki2021\/wp-json\/wp\/v2\/media?parent=133"}],"curies":[{"name":"wp","href":"https:\/\/api.w.org\/{rel}","templated":true}]}}