{"id":111,"date":"2020-11-16T19:11:35","date_gmt":"2020-11-16T17:11:35","guid":{"rendered":"https:\/\/sites.uwasa.fi\/vakki2021\/?page_id=111"},"modified":"2021-03-31T14:06:42","modified_gmt":"2021-03-31T11:06:42","slug":"terms-and-conditions-working-with-terminology-during-a-pandemic","status":"publish","type":"page","link":"https:\/\/sites.uwasa.fi\/vakki2021\/terms-and-conditions-working-with-terminology-during-a-pandemic\/","title":{"rendered":"Terms and conditions \u2013 working with terminology during a pandemic"},"content":{"rendered":"<p>Convenor: European Association for Terminology (EAFT)<\/p>\n<p>&nbsp;<\/p>\n<p>The current pandemic has affected society and many ways, and also led to changes in how work is performed. In this workshop, we would like to exchange experiences of working with terminology during the pandemic. Some of the questions the seminar will tackle are<\/p>\n<ul>\n<li>Problems and solutions for working with terminology on-line<\/li>\n<li>Consequences of the pandemic for terminology work<\/li>\n<li>Consequences of the pandemic for the terminology in itself (term creation etc.)<\/li>\n<\/ul>\n<p>The workshop could also serve as a preparation for the EAFT Summit which has as its theme &#8217;Terminology in Challenging Circumstances&#8217; (which has been postponed to November 2021).<\/p>\n<p><strong>******<\/strong><\/p>\n<p><strong>Termes et conditions \u2013 travailler avec la terminologie pendant une pand\u00e9mie<\/strong><\/p>\n<p>Organisateur\u00a0: l\u2019Association Europ\u00e9enne de Terminologie (AET)<\/p>\n<p>&nbsp;<\/p>\n<p>L\u2019actuelle pand\u00e9mie a affect\u00e9 l\u2019ensemble de la soci\u00e9t\u00e9 \u00e0 plusieurs \u00e9gards, y compris pour ce qui est des formules de travail. La principale vis\u00e9e de cet atelier est de mettre en place des \u00e9changes d\u2019exp\u00e9rience en mati\u00e8re de <em>travail terminologique<\/em> (ou de <em>travail avec la terminologie<\/em>) en contexte pand\u00e9mique.<\/p>\n<p>Parmi les questions qui vont \u00eatre abord\u00e9es\u00a0:<\/p>\n<ul>\n<li>travailler avec la terminologie en ligne\u00a0: probl\u00e8mes et solutions\u00a0;<\/li>\n<li>retomb\u00e9es de la pand\u00e9mie pour le travail terminologique\u00a0;<\/li>\n<li>retomb\u00e9es de la pand\u00e9mie sur les terminologies elles-m\u00eames (cr\u00e9ation terminologique, etc.)<\/li>\n<\/ul>\n<p>L\u2019atelier pourrait \u00e9galement servir de tremplin pour le Sommet de l\u2019AET, dont le th\u00e8me (choisi d\u00e8s 2018\u00a0!) est justement \u00ab\u00a0<em>Terminologie dans des circonstances difficiles<\/em><em>\u00a0\u00bb<\/em> <em>(\u00e9v\u00e9nement remis \u00e0 novembre 2021).<\/em><\/p>\n","protected":false},"excerpt":{"rendered":"<p>Convenor: European Association for Terminology (EAFT) &nbsp; The current pandemic has affected society and many ways, and also led to changes in how work is performed. In this workshop, we would like to exchange experiences of working with terminology during the pandemic. Some of the questions the seminar will tackle are Problems and solutions for [&hellip;]<\/p>\n","protected":false},"author":98,"featured_media":0,"parent":0,"menu_order":0,"comment_status":"closed","ping_status":"closed","template":"","meta":{"_acf_changed":false,"footnotes":""},"class_list":["post-111","page","type-page","status-publish","hentry"],"acf":[],"lang":"fi","translations":{"fi":111,"en":113},"pll_sync_post":[],"_links":{"self":[{"href":"https:\/\/sites.uwasa.fi\/vakki2021\/wp-json\/wp\/v2\/pages\/111"}],"collection":[{"href":"https:\/\/sites.uwasa.fi\/vakki2021\/wp-json\/wp\/v2\/pages"}],"about":[{"href":"https:\/\/sites.uwasa.fi\/vakki2021\/wp-json\/wp\/v2\/types\/page"}],"author":[{"embeddable":true,"href":"https:\/\/sites.uwasa.fi\/vakki2021\/wp-json\/wp\/v2\/users\/98"}],"replies":[{"embeddable":true,"href":"https:\/\/sites.uwasa.fi\/vakki2021\/wp-json\/wp\/v2\/comments?post=111"}],"version-history":[{"count":8,"href":"https:\/\/sites.uwasa.fi\/vakki2021\/wp-json\/wp\/v2\/pages\/111\/revisions"}],"predecessor-version":[{"id":413,"href":"https:\/\/sites.uwasa.fi\/vakki2021\/wp-json\/wp\/v2\/pages\/111\/revisions\/413"}],"wp:attachment":[{"href":"https:\/\/sites.uwasa.fi\/vakki2021\/wp-json\/wp\/v2\/media?parent=111"}],"curies":[{"name":"wp","href":"https:\/\/api.w.org\/{rel}","templated":true}]}}