{"id":105,"date":"2020-11-16T17:32:35","date_gmt":"2020-11-16T15:32:35","guid":{"rendered":"https:\/\/sites.uwasa.fi\/vakki2021\/?page_id=105"},"modified":"2021-01-21T17:46:49","modified_gmt":"2021-01-21T15:46:49","slug":"thematic-panel-sessions","status":"publish","type":"page","link":"https:\/\/sites.uwasa.fi\/vakki2021\/en\/thematic-panel-sessions\/","title":{"rendered":"Thematic panel sessions"},"content":{"rendered":"<ul>\n<li><a href=\"https:\/\/sites.uwasa.fi\/vakki2021\/en\/digimaailman-tasa-arvo-ja-multimodaalinen-kaytettavyys\/\">Digimaailman tasa-arvo ja multimodaalinen k\u00e4ytett\u00e4vyys<\/a> (in Finnish)<\/li>\n<li><a href=\"https:\/\/sites.uwasa.fi\/vakki2021\/en\/kasitteiden-omaksuminen-ja-kaytto-politiikan-ja-lainsaadantotyon-kontekstissa-tarkastelussa-suomen-liikennepalvelulakiprosessi-2015-2019\/\">K\u00e4sitteiden omaksuminen ja k\u00e4ytt\u00f6 politiikan ja lains\u00e4\u00e4d\u00e4nt\u00f6ty\u00f6n kontekstissa: Tarkastelussa Suomen liikennepalvelulakiprosessi (2015-2019)<\/a> (in Finnish)<\/li>\n<li><a href=\"https:\/\/sites.uwasa.fi\/vakki2021\/en\/perspectives-to-responsibility-in-organizational-communication\/\">Perspectives to responsibility in organizational communication<\/a><\/li>\n<li><a href=\"https:\/\/sites.uwasa.fi\/vakki2021\/en\/sprachen-diskurse-und-kommunikationsfertigkeiten-im-berufsleben-und-in-der-akademischen-welt-ein-plurilingualer-sprachmittlungsworkshop\/\">Sprachen, Diskurse und Kommunikationsfertigkeiten im Berufsleben und in der akademischen Welt. Ein plurilingualer Sprachmittlungsworkshop<\/a> (B1 German is required)<\/li>\n<li><a href=\"https:\/\/sites.uwasa.fi\/vakki2021\/en\/terminology-and-mediation-in-workplace-communication\/\">Terminology and mediation in workplace communication<\/a><\/li>\n<li><a href=\"https:\/\/sites.uwasa.fi\/vakki2021\/en\/terms-and-conditions-working-with-terminology-during-a-pandemic\/\">Terms and conditions \u2013 working with terminology during a pandemic<\/a><\/li>\n<\/ul>\n","protected":false},"excerpt":{"rendered":"<p>Digimaailman tasa-arvo ja multimodaalinen k\u00e4ytett\u00e4vyys (in Finnish) K\u00e4sitteiden omaksuminen ja k\u00e4ytt\u00f6 politiikan ja lains\u00e4\u00e4d\u00e4nt\u00f6ty\u00f6n kontekstissa: Tarkastelussa Suomen liikennepalvelulakiprosessi (2015-2019) (in Finnish) Perspectives to responsibility in organizational communication Sprachen, Diskurse und Kommunikationsfertigkeiten im Berufsleben und in der akademischen Welt. Ein plurilingualer Sprachmittlungsworkshop (B1 German is required) Terminology and mediation in workplace communication Terms and conditions \u2013 [&hellip;]<\/p>\n","protected":false},"author":98,"featured_media":0,"parent":0,"menu_order":0,"comment_status":"closed","ping_status":"closed","template":"","meta":{"_acf_changed":false,"footnotes":""},"class_list":["post-105","page","type-page","status-publish","hentry"],"acf":[],"lang":"en","translations":{"en":105,"fi":103},"pll_sync_post":[],"_links":{"self":[{"href":"https:\/\/sites.uwasa.fi\/vakki2021\/wp-json\/wp\/v2\/pages\/105"}],"collection":[{"href":"https:\/\/sites.uwasa.fi\/vakki2021\/wp-json\/wp\/v2\/pages"}],"about":[{"href":"https:\/\/sites.uwasa.fi\/vakki2021\/wp-json\/wp\/v2\/types\/page"}],"author":[{"embeddable":true,"href":"https:\/\/sites.uwasa.fi\/vakki2021\/wp-json\/wp\/v2\/users\/98"}],"replies":[{"embeddable":true,"href":"https:\/\/sites.uwasa.fi\/vakki2021\/wp-json\/wp\/v2\/comments?post=105"}],"version-history":[{"count":12,"href":"https:\/\/sites.uwasa.fi\/vakki2021\/wp-json\/wp\/v2\/pages\/105\/revisions"}],"predecessor-version":[{"id":294,"href":"https:\/\/sites.uwasa.fi\/vakki2021\/wp-json\/wp\/v2\/pages\/105\/revisions\/294"}],"wp:attachment":[{"href":"https:\/\/sites.uwasa.fi\/vakki2021\/wp-json\/wp\/v2\/media?parent=105"}],"curies":[{"name":"wp","href":"https:\/\/api.w.org\/{rel}","templated":true}]}}