{"id":103,"date":"2020-11-16T17:32:20","date_gmt":"2020-11-16T15:32:20","guid":{"rendered":"https:\/\/sites.uwasa.fi\/vakki2021\/?page_id=103"},"modified":"2021-01-21T17:45:28","modified_gmt":"2021-01-21T15:45:28","slug":"temaattiset-paneelisessiot","status":"publish","type":"page","link":"https:\/\/sites.uwasa.fi\/vakki2021\/temaattiset-paneelisessiot\/","title":{"rendered":"Temaattiset paneelisessiot"},"content":{"rendered":"<ul>\n<li><a href=\"https:\/\/sites.uwasa.fi\/vakki2021\/digimaailman-tasa-arvo-ja-multimodaalinen-kaytettavyys\/\">Digimaailman tasa-arvo ja multimodaalinen k\u00e4ytett\u00e4vyys<\/a><\/li>\n<li><a href=\"https:\/\/sites.uwasa.fi\/vakki2021\/kasitteiden-omaksuminen-ja-kaytto-politiikan-ja-lainsaadantotyon-kontekstissa-tarkastelussa-suomen-liikennepalvelulakiprosessi-2015-2019\/\">K\u00e4sitteiden omaksuminen ja k\u00e4ytt\u00f6 politiikan ja lains\u00e4\u00e4d\u00e4nt\u00f6ty\u00f6n kontekstissa: Tarkastelussa Suomen liikennepalvelulakiprosessi (2015-2019)<\/a><\/li>\n<li><a href=\"https:\/\/sites.uwasa.fi\/vakki2021\/perspectives-to-responsibility-in-organizational-communication\/\">Perspectives to responsibility in organizational communication<\/a><\/li>\n<li><a href=\"https:\/\/sites.uwasa.fi\/vakki2021\/sprachen-diskurse-und-kommunikationsfertigkeiten-im-berufsleben-und-in-der-akademischen-welt-ein-plurilingualer-sprachmittlungsworkshop\/\">Sprachen, Diskurse und Kommunikationsfertigkeiten im Berufsleben und in der akademischen Welt. Ein plurilingualer Sprachmittlungsworkshop<\/a> (B1 saksan kielen taitotasovaatimus)<\/li>\n<li><a href=\"https:\/\/sites.uwasa.fi\/vakki2021\/terminology-and-mediation-in-workplace-communication\/\">Terminology and mediation in workplace communication<\/a><\/li>\n<li><a href=\"https:\/\/sites.uwasa.fi\/vakki2021\/terms-and-conditions-working-with-terminology-during-a-pandemic\/\">Terms and conditions \u2013 working with terminology during a pandemic<\/a><\/li>\n<\/ul>\n","protected":false},"excerpt":{"rendered":"<p>Digimaailman tasa-arvo ja multimodaalinen k\u00e4ytett\u00e4vyys K\u00e4sitteiden omaksuminen ja k\u00e4ytt\u00f6 politiikan ja lains\u00e4\u00e4d\u00e4nt\u00f6ty\u00f6n kontekstissa: Tarkastelussa Suomen liikennepalvelulakiprosessi (2015-2019) Perspectives to responsibility in organizational communication Sprachen, Diskurse und Kommunikationsfertigkeiten im Berufsleben und in der akademischen Welt. Ein plurilingualer Sprachmittlungsworkshop (B1 saksan kielen taitotasovaatimus) Terminology and mediation in workplace communication Terms and conditions \u2013 working with terminology during [&hellip;]<\/p>\n","protected":false},"author":98,"featured_media":0,"parent":0,"menu_order":0,"comment_status":"closed","ping_status":"closed","template":"","meta":{"_acf_changed":false,"footnotes":""},"class_list":["post-103","page","type-page","status-publish","hentry"],"acf":[],"lang":"fi","translations":{"fi":103,"en":105},"pll_sync_post":[],"_links":{"self":[{"href":"https:\/\/sites.uwasa.fi\/vakki2021\/wp-json\/wp\/v2\/pages\/103"}],"collection":[{"href":"https:\/\/sites.uwasa.fi\/vakki2021\/wp-json\/wp\/v2\/pages"}],"about":[{"href":"https:\/\/sites.uwasa.fi\/vakki2021\/wp-json\/wp\/v2\/types\/page"}],"author":[{"embeddable":true,"href":"https:\/\/sites.uwasa.fi\/vakki2021\/wp-json\/wp\/v2\/users\/98"}],"replies":[{"embeddable":true,"href":"https:\/\/sites.uwasa.fi\/vakki2021\/wp-json\/wp\/v2\/comments?post=103"}],"version-history":[{"count":11,"href":"https:\/\/sites.uwasa.fi\/vakki2021\/wp-json\/wp\/v2\/pages\/103\/revisions"}],"predecessor-version":[{"id":293,"href":"https:\/\/sites.uwasa.fi\/vakki2021\/wp-json\/wp\/v2\/pages\/103\/revisions\/293"}],"wp:attachment":[{"href":"https:\/\/sites.uwasa.fi\/vakki2021\/wp-json\/wp\/v2\/media?parent=103"}],"curies":[{"name":"wp","href":"https:\/\/api.w.org\/{rel}","templated":true}]}}