{"id":61,"date":"2020-05-15T12:32:40","date_gmt":"2020-05-15T09:32:40","guid":{"rendered":"https:\/\/sites.uwasa.fi\/vakki\/?page_id=61"},"modified":"2026-04-01T10:46:11","modified_gmt":"2026-04-01T07:46:11","slug":"aiemmat-symposiumit","status":"publish","type":"page","link":"https:\/\/sites.uwasa.fi\/vakki\/symposiumi-2026\/aiemmat-symposiumit\/","title":{"rendered":"Aiemmat symposiumit"},"content":{"rendered":"<p>VAKKI ry on j\u00e4rjest\u00e4nyt vuotuisia VAKKI-symposiumeja jo vuodesta 1980. Alta l\u00f6yd\u00e4t vuoteen 2000 ulottuvan listan j\u00e4rjestetyist\u00e4 symposiumeista.<\/p>\n","protected":false},"excerpt":{"rendered":"<p>VAKKI ry on j\u00e4rjest\u00e4nyt vuotuisia VAKKI-symposiumeja jo vuodesta 1980. Alta l\u00f6yd\u00e4t vuoteen 2000 ulottuvan listan j\u00e4rjestetyist\u00e4 symposiumeista.<\/p>\n","protected":false},"author":98,"featured_media":0,"parent":343,"menu_order":0,"comment_status":"closed","ping_status":"closed","template":"","meta":{"_acf_changed":false,"footnotes":""},"class_list":["post-61","page","type-page","status-publish","hentry"],"acf":[],"lang":"fi","translations":{"fi":61,"en":168},"pll_sync_post":[],"_links":{"self":[{"href":"https:\/\/sites.uwasa.fi\/vakki\/wp-json\/wp\/v2\/pages\/61"}],"collection":[{"href":"https:\/\/sites.uwasa.fi\/vakki\/wp-json\/wp\/v2\/pages"}],"about":[{"href":"https:\/\/sites.uwasa.fi\/vakki\/wp-json\/wp\/v2\/types\/page"}],"author":[{"embeddable":true,"href":"https:\/\/sites.uwasa.fi\/vakki\/wp-json\/wp\/v2\/users\/98"}],"replies":[{"embeddable":true,"href":"https:\/\/sites.uwasa.fi\/vakki\/wp-json\/wp\/v2\/comments?post=61"}],"version-history":[{"count":41,"href":"https:\/\/sites.uwasa.fi\/vakki\/wp-json\/wp\/v2\/pages\/61\/revisions"}],"predecessor-version":[{"id":1520,"href":"https:\/\/sites.uwasa.fi\/vakki\/wp-json\/wp\/v2\/pages\/61\/revisions\/1520"}],"up":[{"embeddable":true,"href":"https:\/\/sites.uwasa.fi\/vakki\/wp-json\/wp\/v2\/pages\/343"}],"wp:attachment":[{"href":"https:\/\/sites.uwasa.fi\/vakki\/wp-json\/wp\/v2\/media?parent=61"}],"curies":[{"name":"wp","href":"https:\/\/api.w.org\/{rel}","templated":true}]}}