{"id":360,"date":"2021-09-09T17:28:27","date_gmt":"2021-09-09T14:28:27","guid":{"rendered":"https:\/\/sites.uwasa.fi\/vakki\/?page_id=360"},"modified":"2026-04-01T11:30:42","modified_gmt":"2026-04-01T08:30:42","slug":"liity-jaseneksi","status":"publish","type":"page","link":"https:\/\/sites.uwasa.fi\/vakki\/yhdistys\/liity-jaseneksi\/","title":{"rendered":"Liity j\u00e4seneksi"},"content":{"rendered":"<p>VAKKI toivottaa tervetulleiksi j\u00e4senist\u00f6\u00f6ns\u00e4 tutkijat, kielen ja viestinn\u00e4n ammattilaiset ja opiskelijat.<\/p>\n<p>VAKKI ry:n j\u00e4senmaksu kaudella 2026 on 10 euroa. Maksamalla j\u00e4senmaksun tuet VAKKI-yhdistyksen toimintaa: symposiumia, julkaisusarjaa ja tutkijoiden verkostoitumista.<\/p>\n<p>J\u00e4seneksi p\u00e4\u00e4set\u00a0t\u00e4ytt\u00e4m\u00e4ll\u00e4 ilmoittautumislomakkeen\u00a0<a id=\"LPlnk574592\" title=\"Original URL: https:\/\/link.webropolsurveys.com\/S\/B66F995030C84844. Click or tap if you trust this link.\" href=\"https:\/\/eur01.safelinks.protection.outlook.com\/?url=https%3A%2F%2Flink.webropolsurveys.com%2FS%2FB66F995030C84844&amp;data=05%7C02%7Ckatriina.tikkala%40uwasa.fi%7Ca3a5c67e4c7149c767b508dda36ba258%7Cf0c6a04190a24a878c824c8c17312ba2%7C0%7C0%7C638846404897144040%7CUnknown%7CTWFpbGZsb3d8eyJFbXB0eU1hcGkiOnRydWUsIlYiOiIwLjAuMDAwMCIsIlAiOiJXaW4zMiIsIkFOIjoiTWFpbCIsIldUIjoyfQ%3D%3D%7C0%7C%7C%7C&amp;sdata=8Pf1LMuG3PvuJBMjjtm6zR5efS7FNtBHcQdJwTcziQw%3D&amp;reserved=0\" data-auth=\"NotApplicable\" data-linkindex=\"0\">https:\/\/link.webropolsurveys.com\/S\/B66F995030C84844<\/a> ja maksamalla j\u00e4senmaksun VAKKI ry:n tilille FI8549703440005645 (BIC: HELSFIHH).<\/p>\n","protected":false},"excerpt":{"rendered":"<p>VAKKI toivottaa tervetulleiksi j\u00e4senist\u00f6\u00f6ns\u00e4 tutkijat, kielen ja viestinn\u00e4n ammattilaiset ja opiskelijat. VAKKI ry:n j\u00e4senmaksu kaudella 2026 on 10 euroa. Maksamalla j\u00e4senmaksun tuet VAKKI-yhdistyksen toimintaa: symposiumia, julkaisusarjaa ja tutkijoiden verkostoitumista. J\u00e4seneksi p\u00e4\u00e4set\u00a0t\u00e4ytt\u00e4m\u00e4ll\u00e4 ilmoittautumislomakkeen\u00a0https:\/\/link.webropolsurveys.com\/S\/B66F995030C84844 ja maksamalla j\u00e4senmaksun VAKKI ry:n tilille FI8549703440005645 (BIC: HELSFIHH).<\/p>\n","protected":false},"author":98,"featured_media":0,"parent":10,"menu_order":0,"comment_status":"closed","ping_status":"closed","template":"","meta":{"_acf_changed":false,"footnotes":""},"class_list":["post-360","page","type-page","status-publish","hentry"],"acf":[],"lang":"fi","translations":{"fi":360,"en":364},"pll_sync_post":[],"_links":{"self":[{"href":"https:\/\/sites.uwasa.fi\/vakki\/wp-json\/wp\/v2\/pages\/360"}],"collection":[{"href":"https:\/\/sites.uwasa.fi\/vakki\/wp-json\/wp\/v2\/pages"}],"about":[{"href":"https:\/\/sites.uwasa.fi\/vakki\/wp-json\/wp\/v2\/types\/page"}],"author":[{"embeddable":true,"href":"https:\/\/sites.uwasa.fi\/vakki\/wp-json\/wp\/v2\/users\/98"}],"replies":[{"embeddable":true,"href":"https:\/\/sites.uwasa.fi\/vakki\/wp-json\/wp\/v2\/comments?post=360"}],"version-history":[{"count":8,"href":"https:\/\/sites.uwasa.fi\/vakki\/wp-json\/wp\/v2\/pages\/360\/revisions"}],"predecessor-version":[{"id":1532,"href":"https:\/\/sites.uwasa.fi\/vakki\/wp-json\/wp\/v2\/pages\/360\/revisions\/1532"}],"up":[{"embeddable":true,"href":"https:\/\/sites.uwasa.fi\/vakki\/wp-json\/wp\/v2\/pages\/10"}],"wp:attachment":[{"href":"https:\/\/sites.uwasa.fi\/vakki\/wp-json\/wp\/v2\/media?parent=360"}],"curies":[{"name":"wp","href":"https:\/\/api.w.org\/{rel}","templated":true}]}}