{"id":343,"date":"2021-09-09T13:57:53","date_gmt":"2021-09-09T10:57:53","guid":{"rendered":"https:\/\/sites.uwasa.fi\/vakki\/?page_id=343"},"modified":"2026-04-01T11:24:54","modified_gmt":"2026-04-01T08:24:54","slug":"symposiumi-2026","status":"publish","type":"page","link":"https:\/\/sites.uwasa.fi\/vakki\/symposiumi-2026\/","title":{"rendered":"Tervetuloa XLVII VAKKI-symposiumiin!"},"content":{"rendered":"<p>SAVE THE DATE: Viestinn\u00e4n tutkijayhdistys VAKKI ry j\u00e4rjest\u00e4\u00e4\u00a011.\u221212.2.2027\u00a0Vaasassa\u00a0symposiumin, jonka teema ilmoitetaan my\u00f6hemmin.\u00a0Toivotamme tervetulleeksi\u00a0eri tutkimusalojen edustajia keskustelemaan teemasta viestinn\u00e4n-, diskurssin- ja mediatutkimuksen n\u00e4k\u00f6kulmista.<\/p>\n","protected":false},"excerpt":{"rendered":"<p>SAVE THE DATE: Viestinn\u00e4n tutkijayhdistys VAKKI ry j\u00e4rjest\u00e4\u00e4\u00a011.\u221212.2.2027\u00a0Vaasassa\u00a0symposiumin, jonka teema ilmoitetaan my\u00f6hemmin.\u00a0Toivotamme tervetulleeksi\u00a0eri tutkimusalojen edustajia keskustelemaan teemasta viestinn\u00e4n-, diskurssin- ja mediatutkimuksen n\u00e4k\u00f6kulmista.<\/p>\n","protected":false},"author":98,"featured_media":0,"parent":0,"menu_order":0,"comment_status":"closed","ping_status":"closed","template":"","meta":{"_acf_changed":false,"footnotes":""},"class_list":["post-343","page","type-page","status-publish","hentry"],"acf":[],"lang":"fi","translations":{"fi":343,"en":345},"pll_sync_post":[],"_links":{"self":[{"href":"https:\/\/sites.uwasa.fi\/vakki\/wp-json\/wp\/v2\/pages\/343"}],"collection":[{"href":"https:\/\/sites.uwasa.fi\/vakki\/wp-json\/wp\/v2\/pages"}],"about":[{"href":"https:\/\/sites.uwasa.fi\/vakki\/wp-json\/wp\/v2\/types\/page"}],"author":[{"embeddable":true,"href":"https:\/\/sites.uwasa.fi\/vakki\/wp-json\/wp\/v2\/users\/98"}],"replies":[{"embeddable":true,"href":"https:\/\/sites.uwasa.fi\/vakki\/wp-json\/wp\/v2\/comments?post=343"}],"version-history":[{"count":46,"href":"https:\/\/sites.uwasa.fi\/vakki\/wp-json\/wp\/v2\/pages\/343\/revisions"}],"predecessor-version":[{"id":1527,"href":"https:\/\/sites.uwasa.fi\/vakki\/wp-json\/wp\/v2\/pages\/343\/revisions\/1527"}],"wp:attachment":[{"href":"https:\/\/sites.uwasa.fi\/vakki\/wp-json\/wp\/v2\/media?parent=343"}],"curies":[{"name":"wp","href":"https:\/\/api.w.org\/{rel}","templated":true}]}}