{"id":2,"date":"2020-04-15T09:52:25","date_gmt":"2020-04-15T06:52:25","guid":{"rendered":"https:\/\/sites.uwasa.fi\/vakki\/?page_id=2"},"modified":"2021-11-18T15:36:45","modified_gmt":"2021-11-18T13:36:45","slug":"tervetuloa-vakki-ryn-verkkosivuille","status":"publish","type":"page","link":"https:\/\/sites.uwasa.fi\/vakki\/","title":{"rendered":"Tervetuloa VAKKI ry:n verkkosivuille"},"content":{"rendered":"\r\n<p><strong><img loading=\"lazy\" decoding=\"async\" class=\"size-full wp-image-124 alignright\" src=\"https:\/\/sites.uwasa.fi\/vakki\/wp-content\/blogs.dir\/4\/files\/sites\/93\/2020\/09\/vakkilogo_pieni.jpg\" alt=\"\" width=\"200\" height=\"215\" \/><\/strong><\/p>\r\n<p><strong>Viestinn\u00e4n tutkijayhdistys VAKKI ry on tutkinut ja julkaissut aktiivisesti jo 40 vuoden ajan.<\/strong><\/p>\r\n<p>VAKKI on vuonna 1984 Vaasassa perustettu tieteellinen yhdistys. Yhdistyksemme tarkoituksena on edist\u00e4\u00e4 viestint\u00e4\u00e4n liittyv\u00e4\u00e4 tieteellist\u00e4 tutkimusta. Me toimimme tutkijoiden, kielen ja viestinn\u00e4n ammattilaisten sek\u00e4 muiden yhdistyksen toiminnasta kiinnostuneiden yhdyssiteen\u00e4. Pyrimme jatkuvaan vuoropuheluun kansallisen ja kansainv\u00e4lisen tiedeyhteis\u00f6n sek\u00e4 ymp\u00e4r\u00f6iv\u00e4n yhteiskunnan kanssa.<\/p>\r\n<p>Yhdistyksen vuotuiseen toimintaan kuuluu:<\/p>\r\n<p>&#8211; kansainv\u00e4lisen symposiumin j\u00e4rjest\u00e4minen<\/p>\r\n<p>&#8211; vertaisarvioidun kokoomateoksen julkaiseminen<\/p>\r\n<p>&#8211; viestinn\u00e4n alan tutkijoiden yhteis\u00f6llisyyden edist\u00e4minen<\/p>\r\n<p>&#8211; yhteiskunnalliseen keskusteluun osallistuminen<\/p>\r\n\r\n\r\n","protected":false},"excerpt":{"rendered":"<p>Viestinn\u00e4n tutkijayhdistys VAKKI ry on tutkinut ja julkaissut aktiivisesti jo 40 vuoden ajan. VAKKI on vuonna 1984 Vaasassa perustettu tieteellinen yhdistys. Yhdistyksemme tarkoituksena on edist\u00e4\u00e4 viestint\u00e4\u00e4n liittyv\u00e4\u00e4 tieteellist\u00e4 tutkimusta. Me toimimme tutkijoiden, kielen ja viestinn\u00e4n ammattilaisten sek\u00e4 muiden yhdistyksen toiminnasta kiinnostuneiden yhdyssiteen\u00e4. Pyrimme jatkuvaan vuoropuheluun kansallisen ja kansainv\u00e4lisen tiedeyhteis\u00f6n sek\u00e4 ymp\u00e4r\u00f6iv\u00e4n yhteiskunnan kanssa. Yhdistyksen vuotuiseen [&hellip;]<\/p>\n","protected":false},"author":34,"featured_media":0,"parent":0,"menu_order":0,"comment_status":"closed","ping_status":"closed","template":"","meta":{"_acf_changed":false,"footnotes":""},"class_list":["post-2","page","type-page","status-publish","hentry"],"acf":[],"lang":"fi","translations":{"fi":2,"en":143},"pll_sync_post":[],"_links":{"self":[{"href":"https:\/\/sites.uwasa.fi\/vakki\/wp-json\/wp\/v2\/pages\/2"}],"collection":[{"href":"https:\/\/sites.uwasa.fi\/vakki\/wp-json\/wp\/v2\/pages"}],"about":[{"href":"https:\/\/sites.uwasa.fi\/vakki\/wp-json\/wp\/v2\/types\/page"}],"author":[{"embeddable":true,"href":"https:\/\/sites.uwasa.fi\/vakki\/wp-json\/wp\/v2\/users\/34"}],"replies":[{"embeddable":true,"href":"https:\/\/sites.uwasa.fi\/vakki\/wp-json\/wp\/v2\/comments?post=2"}],"version-history":[{"count":21,"href":"https:\/\/sites.uwasa.fi\/vakki\/wp-json\/wp\/v2\/pages\/2\/revisions"}],"predecessor-version":[{"id":551,"href":"https:\/\/sites.uwasa.fi\/vakki\/wp-json\/wp\/v2\/pages\/2\/revisions\/551"}],"wp:attachment":[{"href":"https:\/\/sites.uwasa.fi\/vakki\/wp-json\/wp\/v2\/media?parent=2"}],"curies":[{"name":"wp","href":"https:\/\/api.w.org\/{rel}","templated":true}]}}