{"id":15,"date":"2020-04-22T09:21:12","date_gmt":"2020-04-22T06:21:12","guid":{"rendered":"https:\/\/sites.uwasa.fi\/vakki\/?page_id=15"},"modified":"2026-04-01T11:03:09","modified_gmt":"2026-04-01T08:03:09","slug":"julkaisut","status":"publish","type":"page","link":"https:\/\/sites.uwasa.fi\/vakki\/julkaisut\/","title":{"rendered":"Julkaisut"},"content":{"rendered":"<p>VAKKI ry on julkaissut vuosittain ilmestyv\u00e4\u00e4, VAKKI-symposiumiin liittyv\u00e4\u00e4 monikielist\u00e4, <em>double blind<\/em> -periaatteella vertaisarvioitua artikkelikokoelmaa jo vuodesta 1981. Kukin kokoelma sis\u00e4lt\u00e4\u00e4 noin 25 suomeksi, ruotsiksi, englanniksi, saksaksi tai ranskaksi kirjoitettua artikkelia. Kokoelmat julkaistaan nyky\u00e4\u00e4n VAKKI ry:n omassa julkaisusarjassa nimelt\u00e4\u00e4n VAKKI Publications.<\/p>\n<p>Uusimmat VAKKI-julkaisut ovat saatavilla my\u00f6s s\u00e4hk\u00f6isess\u00e4 muodossa. VAKKI ry:n s\u00e4hk\u00f6iset julkaisut l\u00f6ytyv\u00e4t osoitteesta <a href=\"https:\/\/journal.fi\/vakki\" target=\"_blank\" rel=\"noopener noreferrer\">https:\/\/journal.fi\/vakki<\/a>. Mik\u00e4li haluat tilata s\u00e4hk\u00f6isten julkaisujen sivustolta puuttuvia, t\u00e4ll\u00e4 hetkell\u00e4 vain painetussa muodossa olevia vanhempia julkaisuja, ota yhteys VAKKI ry:n rahastonhoitajaan (niina.nissila [at] uwasa.fi).<\/p>\n","protected":false},"excerpt":{"rendered":"<p>VAKKI ry on julkaissut vuosittain ilmestyv\u00e4\u00e4, VAKKI-symposiumiin liittyv\u00e4\u00e4 monikielist\u00e4, double blind -periaatteella vertaisarvioitua artikkelikokoelmaa jo vuodesta 1981. Kukin kokoelma sis\u00e4lt\u00e4\u00e4 noin 25 suomeksi, ruotsiksi, englanniksi, saksaksi tai ranskaksi kirjoitettua artikkelia. Kokoelmat julkaistaan nyky\u00e4\u00e4n VAKKI ry:n omassa julkaisusarjassa nimelt\u00e4\u00e4n VAKKI Publications. Uusimmat VAKKI-julkaisut ovat saatavilla my\u00f6s s\u00e4hk\u00f6isess\u00e4 muodossa. VAKKI ry:n s\u00e4hk\u00f6iset julkaisut l\u00f6ytyv\u00e4t osoitteesta https:\/\/journal.fi\/vakki. Mik\u00e4li [&hellip;]<\/p>\n","protected":false},"author":100,"featured_media":0,"parent":0,"menu_order":0,"comment_status":"closed","ping_status":"closed","template":"","meta":{"_acf_changed":false,"footnotes":""},"class_list":["post-15","page","type-page","status-publish","hentry"],"acf":[],"lang":"fi","translations":{"fi":15,"en":149},"pll_sync_post":[],"_links":{"self":[{"href":"https:\/\/sites.uwasa.fi\/vakki\/wp-json\/wp\/v2\/pages\/15"}],"collection":[{"href":"https:\/\/sites.uwasa.fi\/vakki\/wp-json\/wp\/v2\/pages"}],"about":[{"href":"https:\/\/sites.uwasa.fi\/vakki\/wp-json\/wp\/v2\/types\/page"}],"author":[{"embeddable":true,"href":"https:\/\/sites.uwasa.fi\/vakki\/wp-json\/wp\/v2\/users\/100"}],"replies":[{"embeddable":true,"href":"https:\/\/sites.uwasa.fi\/vakki\/wp-json\/wp\/v2\/comments?post=15"}],"version-history":[{"count":37,"href":"https:\/\/sites.uwasa.fi\/vakki\/wp-json\/wp\/v2\/pages\/15\/revisions"}],"predecessor-version":[{"id":1523,"href":"https:\/\/sites.uwasa.fi\/vakki\/wp-json\/wp\/v2\/pages\/15\/revisions\/1523"}],"wp:attachment":[{"href":"https:\/\/sites.uwasa.fi\/vakki\/wp-json\/wp\/v2\/media?parent=15"}],"curies":[{"name":"wp","href":"https:\/\/api.w.org\/{rel}","templated":true}]}}