{"id":10,"date":"2020-04-22T09:16:56","date_gmt":"2020-04-22T06:16:56","guid":{"rendered":"https:\/\/sites.uwasa.fi\/vakki\/?page_id=10"},"modified":"2026-04-01T09:07:08","modified_gmt":"2026-04-01T06:07:08","slug":"yhdistys","status":"publish","type":"page","link":"https:\/\/sites.uwasa.fi\/vakki\/yhdistys\/","title":{"rendered":"Yhdistys"},"content":{"rendered":"<p>Hallitus valitaan VAKKI-yhdistyksen vuosikokouksessa.<\/p>\n<h1>Hallitus 2026<\/h1>\n<p><strong>Heidi Hirsto<\/strong> (pj.)<br \/>\nVaasan yliopisto<br \/>\nheidi.hirsto [at] uwasa.fi<\/p>\n<p><strong>Ella Lillqvist<\/strong> (vpj.)<br \/>\nVaasan yliopisto<br \/>\nella.lillqvist [at] uwasa.fi<\/p>\n<p><strong>Niina Nissil\u00e4<\/strong> (rahastonhoitaja)<br \/>\nVaasan yliopisto<br \/>\nniina.nissila [at] uwasa.fi<\/p>\n<p><strong>Katriina Karvo<\/strong> (sihteeri)<br \/>\nVaasan yliopisto<br \/>\nkatriina.karvo [at] uwasa.fi<\/p>\n<p><b>Eliisa Vainikka <\/b>(julkaisuvastaava)<br \/>\nVaasan yliopisto<br \/>\neliisa.vainikka [at] uwasa.fi<\/p>\n<p><strong>Eveliina Salmela<\/strong> (symposiumivastaava)<br \/>\nVaasan yliopisto<br \/>\neveliina.salmela [at] uwasa.fi<\/p>\n<p><strong>Lilli Sihvonen<\/strong>\u00a0(symposiumivastaava)<br \/>\nVaasan yliopisto<br \/>\nlilli.sihvonen [at] uwasa.fi<\/p>\n<p>&nbsp;<\/p>\n<p><a href=\"https:\/\/sites.uwasa.fi\/vakki\/wp-content\/blogs.dir\/4\/files\/sites\/93\/2021\/05\/Vakki_uusitut_saannot_2018.pdf\" target=\"_blank\" rel=\"noopener noreferrer\">VAKKI ry:n s\u00e4\u00e4nn\u00f6t<\/a> (hyv\u00e4ksytty 7.5.2018)<\/p>\n<p><a href=\"https:\/\/sites.uwasa.fi\/vakki\/wp-content\/blogs.dir\/4\/files\/sites\/93\/2024\/02\/VAKKI_tietosuojaseloste_02-2024.pdf\" target=\"_blank\" rel=\"noopener\">Tietosuojaseloste<\/a>\u00a0(laadittu 16.2.2024)<\/p>\n<h1>Yhteystiedot<\/h1>\n<p>Vaasan yliopisto<br \/>\nMarkkinoinnin ja viestinn\u00e4n yksikk\u00f6<br \/>\nNiina Nissil\u00e4<br \/>\nPL 700<br \/>\n65101 Vaasa<\/p>\n<p>S-posti: katriina.karvo[at] uwasa.fi<\/p>\n<p>VAKKI Publication: publication [at] vakki.net<\/p>\n","protected":false},"excerpt":{"rendered":"<p>Hallitus valitaan VAKKI-yhdistyksen vuosikokouksessa. Hallitus 2026 Heidi Hirsto (pj.) Vaasan yliopisto heidi.hirsto [at] uwasa.fi Ella Lillqvist (vpj.) Vaasan yliopisto ella.lillqvist [at] uwasa.fi Niina Nissil\u00e4 (rahastonhoitaja) Vaasan yliopisto niina.nissila [at] uwasa.fi Katriina Karvo (sihteeri) Vaasan yliopisto katriina.karvo [at] uwasa.fi Eliisa Vainikka (julkaisuvastaava) Vaasan yliopisto eliisa.vainikka [at] uwasa.fi Eveliina Salmela (symposiumivastaava) Vaasan yliopisto eveliina.salmela [at] uwasa.fi Lilli [&hellip;]<\/p>\n","protected":false},"author":100,"featured_media":0,"parent":0,"menu_order":0,"comment_status":"closed","ping_status":"closed","template":"","meta":{"_acf_changed":false,"footnotes":""},"class_list":["post-10","page","type-page","status-publish","hentry"],"acf":[],"lang":"fi","translations":{"fi":10,"en":158},"pll_sync_post":[],"_links":{"self":[{"href":"https:\/\/sites.uwasa.fi\/vakki\/wp-json\/wp\/v2\/pages\/10"}],"collection":[{"href":"https:\/\/sites.uwasa.fi\/vakki\/wp-json\/wp\/v2\/pages"}],"about":[{"href":"https:\/\/sites.uwasa.fi\/vakki\/wp-json\/wp\/v2\/types\/page"}],"author":[{"embeddable":true,"href":"https:\/\/sites.uwasa.fi\/vakki\/wp-json\/wp\/v2\/users\/100"}],"replies":[{"embeddable":true,"href":"https:\/\/sites.uwasa.fi\/vakki\/wp-json\/wp\/v2\/comments?post=10"}],"version-history":[{"count":33,"href":"https:\/\/sites.uwasa.fi\/vakki\/wp-json\/wp\/v2\/pages\/10\/revisions"}],"predecessor-version":[{"id":1511,"href":"https:\/\/sites.uwasa.fi\/vakki\/wp-json\/wp\/v2\/pages\/10\/revisions\/1511"}],"wp:attachment":[{"href":"https:\/\/sites.uwasa.fi\/vakki\/wp-json\/wp\/v2\/media?parent=10"}],"curies":[{"name":"wp","href":"https:\/\/api.w.org\/{rel}","templated":true}]}}