{"id":45,"date":"2019-05-27T15:34:31","date_gmt":"2019-05-27T12:34:31","guid":{"rendered":"https:\/\/sites.uwasa.fi\/tyosuojelupaivat\/?page_id=45"},"modified":"2019-05-27T15:34:31","modified_gmt":"2019-05-27T12:34:31","slug":"saapuminen","status":"publish","type":"page","link":"https:\/\/sites.uwasa.fi\/tyosuojelupaivat\/saapuminen\/","title":{"rendered":"Saapuminen"},"content":{"rendered":"<p>Ty\u00f6suojelup\u00e4iv\u00e4t j\u00e4rjestet\u00e4\u00e4n Suomen kauneimmalla merellisell\u00e4 Palosaaren kampuksella aivan keskustan tuntumassa yliopiston p\u00e4\u00e4rakennus Tervahovissa. Yliopiston osoite on Wolffintie 34. Yliopistolle k\u00e4velee noin 20 minuutissa rautatieasemalta tai voi hy\u00f6dynt\u00e4\u00e4\u00a0<a href=\"https:\/\/www.wasacitybus.fi\/\" target=\"_blank\" rel=\"noopener\"><strong>paikallisliikenteen linja-autoja.<\/strong><\/a><\/p>\n<p>Jos saavut junalla tai lentokoneella suosittelemme taksin tilaamista ennakkoon\u00a0<a href=\"http:\/\/www.taksivaasa.fi\/fi\/\" target=\"_blank\" rel=\"noopener\">Taksi Vaasa.<\/a><\/p>\n<p>Seminaarin aikana\u00a0pys\u00e4k\u00f6inti yliopiston pys\u00e4k\u00f6intialueilla on maksutonta eik\u00e4 vaadi erillist\u00e4 lupaa.\u00a0<strong>Opiskelijoiden ja vieraiden pys\u00e4k\u00f6intipaikat on merkitty keltaisella\u00a0<a href=\"https:\/\/www.uwasa.fi\/fi\/for\/student\/services\/parking\/pysakointi_kampusalueella_kartta.pdf\" target=\"_blank\" rel=\"noopener\">kampusalueen pys\u00e4k\u00f6intikarttaan<\/a><\/strong>. Henkil\u00f6kunnan pys\u00e4k\u00f6intipaikat on merkitty karttaan punaisella.<\/p>\n<p>Kampusalueella kaikki yliopiston rakennukset sijaitsevat l\u00e4hell\u00e4 toisiaan. L\u00f6yd\u00e4t ne helposti alueella olevien opasteiden avulla. Katso\u00a0<strong><a href=\"https:\/\/www.uwasa.fi\/fi\/midcom-permalink-1e148f0a49bca4248f011e18e7a259b7918ec79ec79\" target=\"_blank\" rel=\"noopener\">Kampuksen kartta.<\/a><\/strong><\/p>\n<p>P.S. Voit my\u00f6s saapua omalla veneell\u00e4. \ud83d\ude42<\/p>\n","protected":false},"excerpt":{"rendered":"<p>Ty\u00f6suojelup\u00e4iv\u00e4t j\u00e4rjestet\u00e4\u00e4n Suomen kauneimmalla merellisell\u00e4 Palosaaren kampuksella aivan keskustan tuntumassa yliopiston p\u00e4\u00e4rakennus Tervahovissa. Yliopiston osoite on Wolffintie 34. Yliopistolle k\u00e4velee noin 20 minuutissa rautatieasemalta tai voi hy\u00f6dynt\u00e4\u00e4\u00a0paikallisliikenteen linja-autoja. Jos saavut junalla tai lentokoneella suosittelemme taksin tilaamista ennakkoon\u00a0Taksi Vaasa. Seminaarin aikana\u00a0pys\u00e4k\u00f6inti yliopiston pys\u00e4k\u00f6intialueilla on maksutonta eik\u00e4 vaadi erillist\u00e4 lupaa.\u00a0Opiskelijoiden ja vieraiden pys\u00e4k\u00f6intipaikat on merkitty keltaisella\u00a0kampusalueen pys\u00e4k\u00f6intikarttaan. [&hellip;]<\/p>\n","protected":false},"author":31,"featured_media":34,"parent":0,"menu_order":0,"comment_status":"closed","ping_status":"closed","template":"","meta":{"_acf_changed":false,"footnotes":""},"class_list":["post-45","page","type-page","status-publish","has-post-thumbnail","hentry"],"acf":[],"_links":{"self":[{"href":"https:\/\/sites.uwasa.fi\/tyosuojelupaivat\/wp-json\/wp\/v2\/pages\/45"}],"collection":[{"href":"https:\/\/sites.uwasa.fi\/tyosuojelupaivat\/wp-json\/wp\/v2\/pages"}],"about":[{"href":"https:\/\/sites.uwasa.fi\/tyosuojelupaivat\/wp-json\/wp\/v2\/types\/page"}],"author":[{"embeddable":true,"href":"https:\/\/sites.uwasa.fi\/tyosuojelupaivat\/wp-json\/wp\/v2\/users\/31"}],"replies":[{"embeddable":true,"href":"https:\/\/sites.uwasa.fi\/tyosuojelupaivat\/wp-json\/wp\/v2\/comments?post=45"}],"version-history":[{"count":1,"href":"https:\/\/sites.uwasa.fi\/tyosuojelupaivat\/wp-json\/wp\/v2\/pages\/45\/revisions"}],"predecessor-version":[{"id":46,"href":"https:\/\/sites.uwasa.fi\/tyosuojelupaivat\/wp-json\/wp\/v2\/pages\/45\/revisions\/46"}],"wp:featuredmedia":[{"embeddable":true,"href":"https:\/\/sites.uwasa.fi\/tyosuojelupaivat\/wp-json\/wp\/v2\/media\/34"}],"wp:attachment":[{"href":"https:\/\/sites.uwasa.fi\/tyosuojelupaivat\/wp-json\/wp\/v2\/media?parent=45"}],"curies":[{"name":"wp","href":"https:\/\/api.w.org\/{rel}","templated":true}]}}